{"id":3656,"date":"2025-03-11T12:10:47","date_gmt":"2025-03-11T12:10:47","guid":{"rendered":"https:\/\/fmlax.com\/latanmovil\/?page_id=3656"},"modified":"2025-03-11T12:10:47","modified_gmt":"2025-03-11T12:10:47","slug":"mega","status":"publish","type":"page","link":"https:\/\/fmlax.com\/latanmovil\/mega\/","title":{"rendered":"Mega"},"content":{"rendered":"\n<p>Prep\u00e1rate para vivir la emoci\u00f3n al m\u00e1ximo con Mega, el canal que te sorprender\u00e1 en cada momento. Disfruta de las series m\u00e1s adictivas, llenas de acci\u00f3n y suspenso, que te mantendr\u00e1n al borde de tu asiento. Adem\u00e1s, podr\u00e1s deleitarte con programas de entretenimiento \u00fanicos y eventos especiales que no querr\u00e1s perderte. \u00a1Mega te llevar\u00e1 a un mundo de emociones intensas y te dejar\u00e1 con ganas de m\u00e1s! No pierdas la oportunidad de experimentar la adrenalina que solo Mega puede ofrecerte. \u00a1Activa tu suscripci\u00f3n y vive la emoci\u00f3n al m\u00e1ximo!<\/p>\n\n\n\n<p><strong>Lo tienes disponible en<\/strong><\/p>\n\n\n\n<p>LatamM\u00f3vil Cero B\u00e1sico, LatamM\u00f3vil Cine, LatamM\u00f3vil Deportes, LatamM\u00f3vil Premium<\/p>\n\n\n\n<p><\/p>\n","protected":false},"excerpt":{"rendered":"<p>Prep\u00e1rate para vivir la emoci\u00f3n al m\u00e1ximo con Mega, el canal que te sorprender\u00e1 en cada momento. Disfruta de las series m\u00e1s adictivas, llenas de acci\u00f3n y suspenso, que te mantendr\u00e1n al borde de tu asiento. Adem\u00e1s, podr\u00e1s deleitarte con programas de entretenimiento \u00fanicos y eventos especiales que no querr\u00e1s perderte. \u00a1Mega te llevar\u00e1 a [&hellip;]<\/p>\n","protected":false},"author":1,"featured_media":0,"parent":0,"menu_order":0,"comment_status":"closed","ping_status":"closed","template":"","meta":{"_uag_custom_page_level_css":"","site-sidebar-layout":"default","site-content-layout":"","ast-site-content-layout":"default","site-content-style":"default","site-sidebar-style":"default","ast-global-header-display":"","ast-banner-title-visibility":"","ast-main-header-display":"","ast-hfb-above-header-display":"","ast-hfb-below-header-display":"","ast-hfb-mobile-header-display":"","site-post-title":"","ast-breadcrumbs-content":"","ast-featured-img":"","footer-sml-layout":"","ast-disable-related-posts":"","theme-transparent-header-meta":"","adv-header-id-meta":"","stick-header-meta":"","header-above-stick-meta":"","header-main-stick-meta":"","header-below-stick-meta":"","astra-migrate-meta-layouts":"set","ast-page-background-enabled":"default","ast-page-background-meta":{"desktop":{"background-color":"","background-image":"","background-repeat":"repeat","background-position":"center center","background-size":"auto","background-attachment":"scroll","background-type":"","background-media":"","overlay-type":"","overlay-color":"","overlay-opacity":"","overlay-gradient":""},"tablet":{"background-color":"","background-image":"","background-repeat":"repeat","background-position":"center center","background-size":"auto","background-attachment":"scroll","background-type":"","background-media":"","overlay-type":"","overlay-color":"","overlay-opacity":"","overlay-gradient":""},"mobile":{"background-color":"","background-image":"","background-repeat":"repeat","background-position":"center center","background-size":"auto","background-attachment":"scroll","background-type":"","background-media":"","overlay-type":"","overlay-color":"","overlay-opacity":"","overlay-gradient":""}},"ast-content-background-meta":{"desktop":{"background-color":"var(--ast-global-color-5)","background-image":"","background-repeat":"repeat","background-position":"center center","background-size":"auto","background-attachment":"scroll","background-type":"","background-media":"","overlay-type":"","overlay-color":"","overlay-opacity":"","overlay-gradient":""},"tablet":{"background-color":"var(--ast-global-color-5)","background-image":"","background-repeat":"repeat","background-position":"center center","background-size":"auto","background-attachment":"scroll","background-type":"","background-media":"","overlay-type":"","overlay-color":"","overlay-opacity":"","overlay-gradient":""},"mobile":{"background-color":"var(--ast-global-color-5)","background-image":"","background-repeat":"repeat","background-position":"center center","background-size":"auto","background-attachment":"scroll","background-type":"","background-media":"","overlay-type":"","overlay-color":"","overlay-opacity":"","overlay-gradient":""}},"footnotes":""},"class_list":["post-3656","page","type-page","status-publish","hentry"],"uagb_featured_image_src":{"full":false,"thumbnail":false,"medium":false,"medium_large":false,"large":false,"1536x1536":false,"2048x2048":false},"uagb_author_info":{"display_name":"admin","author_link":"https:\/\/fmlax.com\/latanmovil\/author\/latammovil\/"},"uagb_comment_info":0,"uagb_excerpt":"Prep\u00e1rate para vivir la emoci\u00f3n al m\u00e1ximo con Mega, el canal que te sorprender\u00e1 en cada momento. Disfruta de las series m\u00e1s adictivas, llenas de acci\u00f3n y suspenso, que te mantendr\u00e1n al borde de tu asiento. Adem\u00e1s, podr\u00e1s deleitarte con programas de entretenimiento \u00fanicos y eventos especiales que no querr\u00e1s perderte. \u00a1Mega te llevar\u00e1 a&hellip;","_links":{"self":[{"href":"https:\/\/fmlax.com\/latanmovil\/wp-json\/wp\/v2\/pages\/3656","targetHints":{"allow":["GET"]}}],"collection":[{"href":"https:\/\/fmlax.com\/latanmovil\/wp-json\/wp\/v2\/pages"}],"about":[{"href":"https:\/\/fmlax.com\/latanmovil\/wp-json\/wp\/v2\/types\/page"}],"author":[{"embeddable":true,"href":"https:\/\/fmlax.com\/latanmovil\/wp-json\/wp\/v2\/users\/1"}],"replies":[{"embeddable":true,"href":"https:\/\/fmlax.com\/latanmovil\/wp-json\/wp\/v2\/comments?post=3656"}],"version-history":[{"count":1,"href":"https:\/\/fmlax.com\/latanmovil\/wp-json\/wp\/v2\/pages\/3656\/revisions"}],"predecessor-version":[{"id":3657,"href":"https:\/\/fmlax.com\/latanmovil\/wp-json\/wp\/v2\/pages\/3656\/revisions\/3657"}],"wp:attachment":[{"href":"https:\/\/fmlax.com\/latanmovil\/wp-json\/wp\/v2\/media?parent=3656"}],"curies":[{"name":"wp","href":"https:\/\/api.w.org\/{rel}","templated":true}]}}