{"id":3651,"date":"2025-03-11T11:57:14","date_gmt":"2025-03-11T11:57:14","guid":{"rendered":"https:\/\/fmlax.com\/latanmovil\/?page_id=3651"},"modified":"2025-03-11T11:57:14","modified_gmt":"2025-03-11T11:57:14","slug":"paramount-channel","status":"publish","type":"page","link":"https:\/\/fmlax.com\/latanmovil\/paramount-channel\/","title":{"rendered":"Paramount Channel"},"content":{"rendered":"\n<p>Paramount Channel es un canal de televisi\u00f3n privado espa\u00f1ol de \u00e1mbito nacional, propiedad de Viacom. El canal de Paramount Channel est\u00e1 especializado en cine y emite en abierto 24 horas. En su programaci\u00f3n tv Paramount Channel ofrece al p\u00fablico pel\u00edculas de su cat\u00e1logo, que abarca g\u00e9neros como drama, comedia, acci\u00f3n, thriller, animaci\u00f3n, pel\u00edculas del oeste, de terror y cl\u00e1sicos de la historia del cine. Consulta nuestra gu\u00eda tv para Paramount Channel por horas.<\/p>\n\n\n\n<p><strong>Lo tienes disponible en<\/strong><\/p>\n\n\n\n<p>LatamM\u00f3vil Cine, LatamM\u00f3vil Premium<\/p>\n","protected":false},"excerpt":{"rendered":"<p>Paramount Channel es un canal de televisi\u00f3n privado espa\u00f1ol de \u00e1mbito nacional, propiedad de Viacom. El canal de Paramount Channel est\u00e1 especializado en cine y emite en abierto 24 horas. En su programaci\u00f3n tv Paramount Channel ofrece al p\u00fablico pel\u00edculas de su cat\u00e1logo, que abarca g\u00e9neros como drama, comedia, acci\u00f3n, thriller, animaci\u00f3n, pel\u00edculas del oeste, [&hellip;]<\/p>\n","protected":false},"author":1,"featured_media":0,"parent":0,"menu_order":0,"comment_status":"closed","ping_status":"closed","template":"","meta":{"_uag_custom_page_level_css":"","site-sidebar-layout":"default","site-content-layout":"","ast-site-content-layout":"default","site-content-style":"default","site-sidebar-style":"default","ast-global-header-display":"","ast-banner-title-visibility":"","ast-main-header-display":"","ast-hfb-above-header-display":"","ast-hfb-below-header-display":"","ast-hfb-mobile-header-display":"","site-post-title":"","ast-breadcrumbs-content":"","ast-featured-img":"","footer-sml-layout":"","ast-disable-related-posts":"","theme-transparent-header-meta":"","adv-header-id-meta":"","stick-header-meta":"","header-above-stick-meta":"","header-main-stick-meta":"","header-below-stick-meta":"","astra-migrate-meta-layouts":"set","ast-page-background-enabled":"default","ast-page-background-meta":{"desktop":{"background-color":"","background-image":"","background-repeat":"repeat","background-position":"center center","background-size":"auto","background-attachment":"scroll","background-type":"","background-media":"","overlay-type":"","overlay-color":"","overlay-opacity":"","overlay-gradient":""},"tablet":{"background-color":"","background-image":"","background-repeat":"repeat","background-position":"center center","background-size":"auto","background-attachment":"scroll","background-type":"","background-media":"","overlay-type":"","overlay-color":"","overlay-opacity":"","overlay-gradient":""},"mobile":{"background-color":"","background-image":"","background-repeat":"repeat","background-position":"center center","background-size":"auto","background-attachment":"scroll","background-type":"","background-media":"","overlay-type":"","overlay-color":"","overlay-opacity":"","overlay-gradient":""}},"ast-content-background-meta":{"desktop":{"background-color":"var(--ast-global-color-5)","background-image":"","background-repeat":"repeat","background-position":"center center","background-size":"auto","background-attachment":"scroll","background-type":"","background-media":"","overlay-type":"","overlay-color":"","overlay-opacity":"","overlay-gradient":""},"tablet":{"background-color":"var(--ast-global-color-5)","background-image":"","background-repeat":"repeat","background-position":"center center","background-size":"auto","background-attachment":"scroll","background-type":"","background-media":"","overlay-type":"","overlay-color":"","overlay-opacity":"","overlay-gradient":""},"mobile":{"background-color":"var(--ast-global-color-5)","background-image":"","background-repeat":"repeat","background-position":"center center","background-size":"auto","background-attachment":"scroll","background-type":"","background-media":"","overlay-type":"","overlay-color":"","overlay-opacity":"","overlay-gradient":""}},"footnotes":""},"class_list":["post-3651","page","type-page","status-publish","hentry"],"uagb_featured_image_src":{"full":false,"thumbnail":false,"medium":false,"medium_large":false,"large":false,"1536x1536":false,"2048x2048":false},"uagb_author_info":{"display_name":"admin","author_link":"https:\/\/fmlax.com\/latanmovil\/author\/latammovil\/"},"uagb_comment_info":0,"uagb_excerpt":"Paramount Channel es un canal de televisi\u00f3n privado espa\u00f1ol de \u00e1mbito nacional, propiedad de Viacom. El canal de Paramount Channel est\u00e1 especializado en cine y emite en abierto 24 horas. En su programaci\u00f3n tv Paramount Channel ofrece al p\u00fablico pel\u00edculas de su cat\u00e1logo, que abarca g\u00e9neros como drama, comedia, acci\u00f3n, thriller, animaci\u00f3n, pel\u00edculas del oeste,&hellip;","_links":{"self":[{"href":"https:\/\/fmlax.com\/latanmovil\/wp-json\/wp\/v2\/pages\/3651","targetHints":{"allow":["GET"]}}],"collection":[{"href":"https:\/\/fmlax.com\/latanmovil\/wp-json\/wp\/v2\/pages"}],"about":[{"href":"https:\/\/fmlax.com\/latanmovil\/wp-json\/wp\/v2\/types\/page"}],"author":[{"embeddable":true,"href":"https:\/\/fmlax.com\/latanmovil\/wp-json\/wp\/v2\/users\/1"}],"replies":[{"embeddable":true,"href":"https:\/\/fmlax.com\/latanmovil\/wp-json\/wp\/v2\/comments?post=3651"}],"version-history":[{"count":1,"href":"https:\/\/fmlax.com\/latanmovil\/wp-json\/wp\/v2\/pages\/3651\/revisions"}],"predecessor-version":[{"id":3652,"href":"https:\/\/fmlax.com\/latanmovil\/wp-json\/wp\/v2\/pages\/3651\/revisions\/3652"}],"wp:attachment":[{"href":"https:\/\/fmlax.com\/latanmovil\/wp-json\/wp\/v2\/media?parent=3651"}],"curies":[{"name":"wp","href":"https:\/\/api.w.org\/{rel}","templated":true}]}}