{"id":3646,"date":"2025-03-11T11:55:42","date_gmt":"2025-03-11T11:55:42","guid":{"rendered":"https:\/\/fmlax.com\/latanmovil\/?page_id=3646"},"modified":"2025-03-11T11:55:42","modified_gmt":"2025-03-11T11:55:42","slug":"bom-cine","status":"publish","type":"page","link":"https:\/\/fmlax.com\/latanmovil\/bom-cine\/","title":{"rendered":"BOM Cine"},"content":{"rendered":"\n<p>BOM Cine: Sum\u00e9rgete en el apasionante mundo del cine a trav\u00e9s de nuestro canal de televisi\u00f3n. BOM Cine es una emocionante propuesta que llega a varias comunidades aut\u00f3nomas de Espa\u00f1a a trav\u00e9s de la TDT, y cubre todo el territorio espa\u00f1ol.<\/p>\n\n\n\n<p>En BOM Cine, nos apasiona ofrecerte una amplia selecci\u00f3n de pel\u00edculas para que disfrutes de emocionantes historias, g\u00e9neros variados y actores ic\u00f3nicos. Desde cl\u00e1sicos del cine hasta los \u00faltimos estrenos, nuestro canal te brinda la oportunidad de sumergirte en la magia del s\u00e9ptimo arte desde la comodidad de tu hogar.<\/p>\n\n\n\n<p>Ya sea que busques acci\u00f3n, drama, comedia, suspense o cualquier otro g\u00e9nero cinematogr\u00e1fico, BOM Cine tiene algo para todos los amantes del cine. Nuestro objetivo es llevarte a un viaje cinematogr\u00e1fico inolvidable, donde puedas desconectar y disfrutar de momentos \u00fanicos con cada pel\u00edcula que transmitimos.<\/p>\n\n\n\n<p>Sintoniza BOM Cine y d\u00e9jate llevar por la magia del cine. Descubre nuevas historias, revive viejos cl\u00e1sicos y sum\u00e9rgete en la diversidad de emociones que el cine nos brinda. \u00a1Prep\u00e1rate para una experiencia cinematogr\u00e1fica inigualable en tu hogar!<\/p>\n\n\n\n<p><strong>Lo tienes disponible en<\/strong><\/p>\n\n\n\n<p>LatamM\u00f3vil Cero B\u00e1sico, LatamM\u00f3vil Cine, LatamM\u00f3vil Deportes, LatamM\u00f3vil Premium<\/p>\n","protected":false},"excerpt":{"rendered":"<p>BOM Cine: Sum\u00e9rgete en el apasionante mundo del cine a trav\u00e9s de nuestro canal de televisi\u00f3n. BOM Cine es una emocionante propuesta que llega a varias comunidades aut\u00f3nomas de Espa\u00f1a a trav\u00e9s de la TDT, y cubre todo el territorio espa\u00f1ol. En BOM Cine, nos apasiona ofrecerte una amplia selecci\u00f3n de pel\u00edculas para que disfrutes [&hellip;]<\/p>\n","protected":false},"author":1,"featured_media":0,"parent":0,"menu_order":0,"comment_status":"closed","ping_status":"closed","template":"","meta":{"_uag_custom_page_level_css":"","site-sidebar-layout":"default","site-content-layout":"","ast-site-content-layout":"default","site-content-style":"default","site-sidebar-style":"default","ast-global-header-display":"","ast-banner-title-visibility":"","ast-main-header-display":"","ast-hfb-above-header-display":"","ast-hfb-below-header-display":"","ast-hfb-mobile-header-display":"","site-post-title":"","ast-breadcrumbs-content":"","ast-featured-img":"","footer-sml-layout":"","ast-disable-related-posts":"","theme-transparent-header-meta":"","adv-header-id-meta":"","stick-header-meta":"","header-above-stick-meta":"","header-main-stick-meta":"","header-below-stick-meta":"","astra-migrate-meta-layouts":"set","ast-page-background-enabled":"default","ast-page-background-meta":{"desktop":{"background-color":"","background-image":"","background-repeat":"repeat","background-position":"center center","background-size":"auto","background-attachment":"scroll","background-type":"","background-media":"","overlay-type":"","overlay-color":"","overlay-opacity":"","overlay-gradient":""},"tablet":{"background-color":"","background-image":"","background-repeat":"repeat","background-position":"center center","background-size":"auto","background-attachment":"scroll","background-type":"","background-media":"","overlay-type":"","overlay-color":"","overlay-opacity":"","overlay-gradient":""},"mobile":{"background-color":"","background-image":"","background-repeat":"repeat","background-position":"center center","background-size":"auto","background-attachment":"scroll","background-type":"","background-media":"","overlay-type":"","overlay-color":"","overlay-opacity":"","overlay-gradient":""}},"ast-content-background-meta":{"desktop":{"background-color":"var(--ast-global-color-5)","background-image":"","background-repeat":"repeat","background-position":"center center","background-size":"auto","background-attachment":"scroll","background-type":"","background-media":"","overlay-type":"","overlay-color":"","overlay-opacity":"","overlay-gradient":""},"tablet":{"background-color":"var(--ast-global-color-5)","background-image":"","background-repeat":"repeat","background-position":"center center","background-size":"auto","background-attachment":"scroll","background-type":"","background-media":"","overlay-type":"","overlay-color":"","overlay-opacity":"","overlay-gradient":""},"mobile":{"background-color":"var(--ast-global-color-5)","background-image":"","background-repeat":"repeat","background-position":"center center","background-size":"auto","background-attachment":"scroll","background-type":"","background-media":"","overlay-type":"","overlay-color":"","overlay-opacity":"","overlay-gradient":""}},"footnotes":""},"class_list":["post-3646","page","type-page","status-publish","hentry"],"uagb_featured_image_src":{"full":false,"thumbnail":false,"medium":false,"medium_large":false,"large":false,"1536x1536":false,"2048x2048":false},"uagb_author_info":{"display_name":"admin","author_link":"https:\/\/fmlax.com\/latanmovil\/author\/latammovil\/"},"uagb_comment_info":0,"uagb_excerpt":"BOM Cine: Sum\u00e9rgete en el apasionante mundo del cine a trav\u00e9s de nuestro canal de televisi\u00f3n. BOM Cine es una emocionante propuesta que llega a varias comunidades aut\u00f3nomas de Espa\u00f1a a trav\u00e9s de la TDT, y cubre todo el territorio espa\u00f1ol. En BOM Cine, nos apasiona ofrecerte una amplia selecci\u00f3n de pel\u00edculas para que disfrutes&hellip;","_links":{"self":[{"href":"https:\/\/fmlax.com\/latanmovil\/wp-json\/wp\/v2\/pages\/3646","targetHints":{"allow":["GET"]}}],"collection":[{"href":"https:\/\/fmlax.com\/latanmovil\/wp-json\/wp\/v2\/pages"}],"about":[{"href":"https:\/\/fmlax.com\/latanmovil\/wp-json\/wp\/v2\/types\/page"}],"author":[{"embeddable":true,"href":"https:\/\/fmlax.com\/latanmovil\/wp-json\/wp\/v2\/users\/1"}],"replies":[{"embeddable":true,"href":"https:\/\/fmlax.com\/latanmovil\/wp-json\/wp\/v2\/comments?post=3646"}],"version-history":[{"count":1,"href":"https:\/\/fmlax.com\/latanmovil\/wp-json\/wp\/v2\/pages\/3646\/revisions"}],"predecessor-version":[{"id":3647,"href":"https:\/\/fmlax.com\/latanmovil\/wp-json\/wp\/v2\/pages\/3646\/revisions\/3647"}],"wp:attachment":[{"href":"https:\/\/fmlax.com\/latanmovil\/wp-json\/wp\/v2\/media?parent=3646"}],"curies":[{"name":"wp","href":"https:\/\/api.w.org\/{rel}","templated":true}]}}