{"id":3641,"date":"2025-03-11T11:53:14","date_gmt":"2025-03-11T11:53:14","guid":{"rendered":"https:\/\/fmlax.com\/latanmovil\/?page_id=3641"},"modified":"2025-03-11T11:53:14","modified_gmt":"2025-03-11T11:53:14","slug":"a3series","status":"publish","type":"page","link":"https:\/\/fmlax.com\/latanmovil\/a3series\/","title":{"rendered":"A3Series"},"content":{"rendered":"\n<p>\u00a1Descubre la adicci\u00f3n de las mejores series con A3Series! Sum\u00e9rgete en un universo de emocionantes tramas y personajes cautivadores. Desde dramas intensos hasta comedias irresistibles, A3Series ofrece una amplia selecci\u00f3n de contenido que te mantendr\u00e1 enganchado. Vive la emoci\u00f3n de cada episodio con tramas llenas de giros sorprendentes y actuaciones magistrales. No te pierdas los \u00faltimos \u00e9xitos de la televisi\u00f3n y disfruta de horas de entretenimiento sin l\u00edmites con A3Series. \u00a1Prep\u00e1rate para maratones de series que te atrapar\u00e1n desde el primer cap\u00edtulo!<\/p>\n\n\n\n<p><strong>Lo tienes disponible en<\/strong><\/p>\n\n\n\n<p>LatamM\u00f3vil Cero B\u00e1sico, LatamM\u00f3vil Cine, Ltam  Deportes, Masmedia Premium<\/p>\n\n\n\n<p><\/p>\n","protected":false},"excerpt":{"rendered":"<p>\u00a1Descubre la adicci\u00f3n de las mejores series con A3Series! Sum\u00e9rgete en un universo de emocionantes tramas y personajes cautivadores. Desde dramas intensos hasta comedias irresistibles, A3Series ofrece una amplia selecci\u00f3n de contenido que te mantendr\u00e1 enganchado. Vive la emoci\u00f3n de cada episodio con tramas llenas de giros sorprendentes y actuaciones magistrales. No te pierdas los [&hellip;]<\/p>\n","protected":false},"author":1,"featured_media":0,"parent":0,"menu_order":0,"comment_status":"closed","ping_status":"closed","template":"","meta":{"_uag_custom_page_level_css":"","site-sidebar-layout":"default","site-content-layout":"","ast-site-content-layout":"default","site-content-style":"default","site-sidebar-style":"default","ast-global-header-display":"","ast-banner-title-visibility":"","ast-main-header-display":"","ast-hfb-above-header-display":"","ast-hfb-below-header-display":"","ast-hfb-mobile-header-display":"","site-post-title":"","ast-breadcrumbs-content":"","ast-featured-img":"","footer-sml-layout":"","ast-disable-related-posts":"","theme-transparent-header-meta":"","adv-header-id-meta":"","stick-header-meta":"","header-above-stick-meta":"","header-main-stick-meta":"","header-below-stick-meta":"","astra-migrate-meta-layouts":"set","ast-page-background-enabled":"default","ast-page-background-meta":{"desktop":{"background-color":"","background-image":"","background-repeat":"repeat","background-position":"center center","background-size":"auto","background-attachment":"scroll","background-type":"","background-media":"","overlay-type":"","overlay-color":"","overlay-opacity":"","overlay-gradient":""},"tablet":{"background-color":"","background-image":"","background-repeat":"repeat","background-position":"center center","background-size":"auto","background-attachment":"scroll","background-type":"","background-media":"","overlay-type":"","overlay-color":"","overlay-opacity":"","overlay-gradient":""},"mobile":{"background-color":"","background-image":"","background-repeat":"repeat","background-position":"center center","background-size":"auto","background-attachment":"scroll","background-type":"","background-media":"","overlay-type":"","overlay-color":"","overlay-opacity":"","overlay-gradient":""}},"ast-content-background-meta":{"desktop":{"background-color":"var(--ast-global-color-5)","background-image":"","background-repeat":"repeat","background-position":"center center","background-size":"auto","background-attachment":"scroll","background-type":"","background-media":"","overlay-type":"","overlay-color":"","overlay-opacity":"","overlay-gradient":""},"tablet":{"background-color":"var(--ast-global-color-5)","background-image":"","background-repeat":"repeat","background-position":"center center","background-size":"auto","background-attachment":"scroll","background-type":"","background-media":"","overlay-type":"","overlay-color":"","overlay-opacity":"","overlay-gradient":""},"mobile":{"background-color":"var(--ast-global-color-5)","background-image":"","background-repeat":"repeat","background-position":"center center","background-size":"auto","background-attachment":"scroll","background-type":"","background-media":"","overlay-type":"","overlay-color":"","overlay-opacity":"","overlay-gradient":""}},"footnotes":""},"class_list":["post-3641","page","type-page","status-publish","hentry"],"uagb_featured_image_src":{"full":false,"thumbnail":false,"medium":false,"medium_large":false,"large":false,"1536x1536":false,"2048x2048":false},"uagb_author_info":{"display_name":"admin","author_link":"https:\/\/fmlax.com\/latanmovil\/author\/latammovil\/"},"uagb_comment_info":0,"uagb_excerpt":"\u00a1Descubre la adicci\u00f3n de las mejores series con A3Series! Sum\u00e9rgete en un universo de emocionantes tramas y personajes cautivadores. Desde dramas intensos hasta comedias irresistibles, A3Series ofrece una amplia selecci\u00f3n de contenido que te mantendr\u00e1 enganchado. Vive la emoci\u00f3n de cada episodio con tramas llenas de giros sorprendentes y actuaciones magistrales. No te pierdas los&hellip;","_links":{"self":[{"href":"https:\/\/fmlax.com\/latanmovil\/wp-json\/wp\/v2\/pages\/3641","targetHints":{"allow":["GET"]}}],"collection":[{"href":"https:\/\/fmlax.com\/latanmovil\/wp-json\/wp\/v2\/pages"}],"about":[{"href":"https:\/\/fmlax.com\/latanmovil\/wp-json\/wp\/v2\/types\/page"}],"author":[{"embeddable":true,"href":"https:\/\/fmlax.com\/latanmovil\/wp-json\/wp\/v2\/users\/1"}],"replies":[{"embeddable":true,"href":"https:\/\/fmlax.com\/latanmovil\/wp-json\/wp\/v2\/comments?post=3641"}],"version-history":[{"count":1,"href":"https:\/\/fmlax.com\/latanmovil\/wp-json\/wp\/v2\/pages\/3641\/revisions"}],"predecessor-version":[{"id":3642,"href":"https:\/\/fmlax.com\/latanmovil\/wp-json\/wp\/v2\/pages\/3641\/revisions\/3642"}],"wp:attachment":[{"href":"https:\/\/fmlax.com\/latanmovil\/wp-json\/wp\/v2\/media?parent=3641"}],"curies":[{"name":"wp","href":"https:\/\/api.w.org\/{rel}","templated":true}]}}