{"id":3636,"date":"2025-03-11T11:41:04","date_gmt":"2025-03-11T11:41:04","guid":{"rendered":"https:\/\/fmlax.com\/latanmovil\/?page_id=3636"},"modified":"2025-03-11T11:41:04","modified_gmt":"2025-03-11T11:41:04","slug":"pequeradio","status":"publish","type":"page","link":"https:\/\/fmlax.com\/latanmovil\/pequeradio\/","title":{"rendered":"Pequeradio"},"content":{"rendered":"\n<p>Pequeradio: Bienvenido a la primera y \u00fanica Televisi\u00f3n Infantil Musical 24 horas. En Pequeradio, nos enorgullece ser una fuente de entretenimiento y aprendizaje para los m\u00e1s peque\u00f1os. Somos generados por creadores y dinamizadores de eventos infantiles especializados en contenido formativo.<\/p>\n\n\n\n<p>Nuestro objetivo es brindar a los ni\u00f1os una experiencia televisiva \u00fanica, llena de m\u00fasica, diversi\u00f3n y aprendizaje. Valoramos la importancia de proporcionar contenido de calidad que estimule su creatividad, fomente su desarrollo cognitivo y promueva valores positivos.<\/p>\n\n\n\n<p>En Pequeradio, encontrar\u00e1s una amplia variedad de programas y segmentos dise\u00f1ados espec\u00edficamente para ni\u00f1os. Nuestra programaci\u00f3n incluye m\u00fasica, baile, juegos educativos, cuentos y mucho m\u00e1s. Nos esforzamos por mantener un ambiente seguro y enriquecedor para que los ni\u00f1os puedan disfrutar y aprender de manera positiva.<\/p>\n\n\n\n<p>Nos enorgullece contar con creadores y dinamizadores de eventos infantiles especializados en contenido formativo, lo que garantiza que nuestras producciones est\u00e9n dise\u00f1adas teniendo en cuenta las necesidades y los intereses de los ni\u00f1os en cada etapa de su desarrollo.<\/p>\n\n\n\n<p>Sintoniza Pequeradio y permite que tus hijos disfruten de una experiencia televisiva emocionante y educativa. D\u00e9jate llevar por la m\u00fasica, el aprendizaje y la diversi\u00f3n que ofrecemos las 24 horas del d\u00eda. \u00a1\u00danete a nosotros en Pequeradio y descubre la magia de la Televisi\u00f3n Infantil Musical!<\/p>\n\n\n\n<p><strong>Lo tienes disponible en<\/strong><\/p>\n\n\n\n<p>LatamM\u00f3vil Cero B\u00e1sico, LatamM\u00f3vil Cine, LatamM\u00f3vil Deportes, LatamM\u00f3vil Premium<\/p>\n","protected":false},"excerpt":{"rendered":"<p>Pequeradio: Bienvenido a la primera y \u00fanica Televisi\u00f3n Infantil Musical 24 horas. En Pequeradio, nos enorgullece ser una fuente de entretenimiento y aprendizaje para los m\u00e1s peque\u00f1os. Somos generados por creadores y dinamizadores de eventos infantiles especializados en contenido formativo. Nuestro objetivo es brindar a los ni\u00f1os una experiencia televisiva \u00fanica, llena de m\u00fasica, diversi\u00f3n [&hellip;]<\/p>\n","protected":false},"author":1,"featured_media":0,"parent":0,"menu_order":0,"comment_status":"closed","ping_status":"closed","template":"","meta":{"_uag_custom_page_level_css":"","site-sidebar-layout":"default","site-content-layout":"","ast-site-content-layout":"default","site-content-style":"default","site-sidebar-style":"default","ast-global-header-display":"","ast-banner-title-visibility":"","ast-main-header-display":"","ast-hfb-above-header-display":"","ast-hfb-below-header-display":"","ast-hfb-mobile-header-display":"","site-post-title":"","ast-breadcrumbs-content":"","ast-featured-img":"","footer-sml-layout":"","ast-disable-related-posts":"","theme-transparent-header-meta":"","adv-header-id-meta":"","stick-header-meta":"","header-above-stick-meta":"","header-main-stick-meta":"","header-below-stick-meta":"","astra-migrate-meta-layouts":"set","ast-page-background-enabled":"default","ast-page-background-meta":{"desktop":{"background-color":"","background-image":"","background-repeat":"repeat","background-position":"center center","background-size":"auto","background-attachment":"scroll","background-type":"","background-media":"","overlay-type":"","overlay-color":"","overlay-opacity":"","overlay-gradient":""},"tablet":{"background-color":"","background-image":"","background-repeat":"repeat","background-position":"center center","background-size":"auto","background-attachment":"scroll","background-type":"","background-media":"","overlay-type":"","overlay-color":"","overlay-opacity":"","overlay-gradient":""},"mobile":{"background-color":"","background-image":"","background-repeat":"repeat","background-position":"center center","background-size":"auto","background-attachment":"scroll","background-type":"","background-media":"","overlay-type":"","overlay-color":"","overlay-opacity":"","overlay-gradient":""}},"ast-content-background-meta":{"desktop":{"background-color":"var(--ast-global-color-5)","background-image":"","background-repeat":"repeat","background-position":"center center","background-size":"auto","background-attachment":"scroll","background-type":"","background-media":"","overlay-type":"","overlay-color":"","overlay-opacity":"","overlay-gradient":""},"tablet":{"background-color":"var(--ast-global-color-5)","background-image":"","background-repeat":"repeat","background-position":"center center","background-size":"auto","background-attachment":"scroll","background-type":"","background-media":"","overlay-type":"","overlay-color":"","overlay-opacity":"","overlay-gradient":""},"mobile":{"background-color":"var(--ast-global-color-5)","background-image":"","background-repeat":"repeat","background-position":"center center","background-size":"auto","background-attachment":"scroll","background-type":"","background-media":"","overlay-type":"","overlay-color":"","overlay-opacity":"","overlay-gradient":""}},"footnotes":""},"class_list":["post-3636","page","type-page","status-publish","hentry"],"uagb_featured_image_src":{"full":false,"thumbnail":false,"medium":false,"medium_large":false,"large":false,"1536x1536":false,"2048x2048":false},"uagb_author_info":{"display_name":"admin","author_link":"https:\/\/fmlax.com\/latanmovil\/author\/latammovil\/"},"uagb_comment_info":0,"uagb_excerpt":"Pequeradio: Bienvenido a la primera y \u00fanica Televisi\u00f3n Infantil Musical 24 horas. En Pequeradio, nos enorgullece ser una fuente de entretenimiento y aprendizaje para los m\u00e1s peque\u00f1os. Somos generados por creadores y dinamizadores de eventos infantiles especializados en contenido formativo. Nuestro objetivo es brindar a los ni\u00f1os una experiencia televisiva \u00fanica, llena de m\u00fasica, diversi\u00f3n&hellip;","_links":{"self":[{"href":"https:\/\/fmlax.com\/latanmovil\/wp-json\/wp\/v2\/pages\/3636","targetHints":{"allow":["GET"]}}],"collection":[{"href":"https:\/\/fmlax.com\/latanmovil\/wp-json\/wp\/v2\/pages"}],"about":[{"href":"https:\/\/fmlax.com\/latanmovil\/wp-json\/wp\/v2\/types\/page"}],"author":[{"embeddable":true,"href":"https:\/\/fmlax.com\/latanmovil\/wp-json\/wp\/v2\/users\/1"}],"replies":[{"embeddable":true,"href":"https:\/\/fmlax.com\/latanmovil\/wp-json\/wp\/v2\/comments?post=3636"}],"version-history":[{"count":1,"href":"https:\/\/fmlax.com\/latanmovil\/wp-json\/wp\/v2\/pages\/3636\/revisions"}],"predecessor-version":[{"id":3637,"href":"https:\/\/fmlax.com\/latanmovil\/wp-json\/wp\/v2\/pages\/3636\/revisions\/3637"}],"wp:attachment":[{"href":"https:\/\/fmlax.com\/latanmovil\/wp-json\/wp\/v2\/media?parent=3636"}],"curies":[{"name":"wp","href":"https:\/\/api.w.org\/{rel}","templated":true}]}}