{"id":3631,"date":"2025-03-11T11:37:15","date_gmt":"2025-03-11T11:37:15","guid":{"rendered":"https:\/\/fmlax.com\/latanmovil\/?page_id=3631"},"modified":"2025-03-11T11:37:15","modified_gmt":"2025-03-11T11:37:15","slug":"duck-tv","status":"publish","type":"page","link":"https:\/\/fmlax.com\/latanmovil\/duck-tv\/","title":{"rendered":"Duck TV"},"content":{"rendered":"\n<p>Duck TV: La soluci\u00f3n perfecta para mantener a tus hijos entretenidos durante viajes en autom\u00f3vil, vuelos largos, esperas en consultorios m\u00e9dicos o en cualquier lugar donde necesites contenido infantil de calidad. En Duck TV, nos enfocamos en ofrecer programas y contenido dise\u00f1ados espec\u00edficamente para desarrollar, entretener y relajar a los m\u00e1s peque\u00f1os.<\/p>\n\n\n\n<p>Nuestra programaci\u00f3n est\u00e1 cuidadosamente seleccionada para brindar experiencias educativas y divertidas. Con una amplia variedad de programas, videos y m\u00fasica adaptados a diferentes edades, Duck TV ofrece un entretenimiento seguro y enriquecedor para tus hijos.<\/p>\n\n\n\n<p>Ya sea que est\u00e9n aprendiendo nuevos conceptos, explorando el mundo de los colores y las formas, disfrutando de historias emocionantes o simplemente relaj\u00e1ndose con m\u00fasica suave, Duck TV tiene todo lo que necesitas para mantener a tus hijos comprometidos y felices.<\/p>\n\n\n\n<p>Nuestro objetivo es proporcionar contenido infantil de calidad que fomente el desarrollo cognitivo, emocional y creativo de los ni\u00f1os. Nos enorgullece ser una opci\u00f3n confiable para padres y cuidadores que buscan una experiencia de visualizaci\u00f3n segura y enriquecedora para sus peque\u00f1os.<\/p>\n\n\n\n<p>Cuando necesites contenido infantil de calidad para mantener a tus hijos entretenidos y educados, sintoniza Duck TV. \u00a1Perm\u00edteles disfrutar de una experiencia televisiva dise\u00f1ada especialmente para ellos y haz que cada momento sea divertido y educativo!<\/p>\n\n\n\n<p><strong>Lo tienes disponible en<\/strong><\/p>\n\n\n\n<p>LatamM\u00f3vil Cero B\u00e1sico, LatamM\u00f3vil Cine, LatamM\u00f3vil Deportes, LatamM\u00f3vil Premium<\/p>\n\n\n\n<p><\/p>\n","protected":false},"excerpt":{"rendered":"<p>Duck TV: La soluci\u00f3n perfecta para mantener a tus hijos entretenidos durante viajes en autom\u00f3vil, vuelos largos, esperas en consultorios m\u00e9dicos o en cualquier lugar donde necesites contenido infantil de calidad. En Duck TV, nos enfocamos en ofrecer programas y contenido dise\u00f1ados espec\u00edficamente para desarrollar, entretener y relajar a los m\u00e1s peque\u00f1os. Nuestra programaci\u00f3n est\u00e1 [&hellip;]<\/p>\n","protected":false},"author":1,"featured_media":0,"parent":0,"menu_order":0,"comment_status":"closed","ping_status":"closed","template":"","meta":{"_uag_custom_page_level_css":"","site-sidebar-layout":"default","site-content-layout":"","ast-site-content-layout":"default","site-content-style":"default","site-sidebar-style":"default","ast-global-header-display":"","ast-banner-title-visibility":"","ast-main-header-display":"","ast-hfb-above-header-display":"","ast-hfb-below-header-display":"","ast-hfb-mobile-header-display":"","site-post-title":"","ast-breadcrumbs-content":"","ast-featured-img":"","footer-sml-layout":"","ast-disable-related-posts":"","theme-transparent-header-meta":"","adv-header-id-meta":"","stick-header-meta":"","header-above-stick-meta":"","header-main-stick-meta":"","header-below-stick-meta":"","astra-migrate-meta-layouts":"set","ast-page-background-enabled":"default","ast-page-background-meta":{"desktop":{"background-color":"","background-image":"","background-repeat":"repeat","background-position":"center center","background-size":"auto","background-attachment":"scroll","background-type":"","background-media":"","overlay-type":"","overlay-color":"","overlay-opacity":"","overlay-gradient":""},"tablet":{"background-color":"","background-image":"","background-repeat":"repeat","background-position":"center center","background-size":"auto","background-attachment":"scroll","background-type":"","background-media":"","overlay-type":"","overlay-color":"","overlay-opacity":"","overlay-gradient":""},"mobile":{"background-color":"","background-image":"","background-repeat":"repeat","background-position":"center center","background-size":"auto","background-attachment":"scroll","background-type":"","background-media":"","overlay-type":"","overlay-color":"","overlay-opacity":"","overlay-gradient":""}},"ast-content-background-meta":{"desktop":{"background-color":"var(--ast-global-color-5)","background-image":"","background-repeat":"repeat","background-position":"center center","background-size":"auto","background-attachment":"scroll","background-type":"","background-media":"","overlay-type":"","overlay-color":"","overlay-opacity":"","overlay-gradient":""},"tablet":{"background-color":"var(--ast-global-color-5)","background-image":"","background-repeat":"repeat","background-position":"center center","background-size":"auto","background-attachment":"scroll","background-type":"","background-media":"","overlay-type":"","overlay-color":"","overlay-opacity":"","overlay-gradient":""},"mobile":{"background-color":"var(--ast-global-color-5)","background-image":"","background-repeat":"repeat","background-position":"center center","background-size":"auto","background-attachment":"scroll","background-type":"","background-media":"","overlay-type":"","overlay-color":"","overlay-opacity":"","overlay-gradient":""}},"footnotes":""},"class_list":["post-3631","page","type-page","status-publish","hentry"],"uagb_featured_image_src":{"full":false,"thumbnail":false,"medium":false,"medium_large":false,"large":false,"1536x1536":false,"2048x2048":false},"uagb_author_info":{"display_name":"admin","author_link":"https:\/\/fmlax.com\/latanmovil\/author\/latammovil\/"},"uagb_comment_info":0,"uagb_excerpt":"Duck TV: La soluci\u00f3n perfecta para mantener a tus hijos entretenidos durante viajes en autom\u00f3vil, vuelos largos, esperas en consultorios m\u00e9dicos o en cualquier lugar donde necesites contenido infantil de calidad. En Duck TV, nos enfocamos en ofrecer programas y contenido dise\u00f1ados espec\u00edficamente para desarrollar, entretener y relajar a los m\u00e1s peque\u00f1os. Nuestra programaci\u00f3n est\u00e1&hellip;","_links":{"self":[{"href":"https:\/\/fmlax.com\/latanmovil\/wp-json\/wp\/v2\/pages\/3631","targetHints":{"allow":["GET"]}}],"collection":[{"href":"https:\/\/fmlax.com\/latanmovil\/wp-json\/wp\/v2\/pages"}],"about":[{"href":"https:\/\/fmlax.com\/latanmovil\/wp-json\/wp\/v2\/types\/page"}],"author":[{"embeddable":true,"href":"https:\/\/fmlax.com\/latanmovil\/wp-json\/wp\/v2\/users\/1"}],"replies":[{"embeddable":true,"href":"https:\/\/fmlax.com\/latanmovil\/wp-json\/wp\/v2\/comments?post=3631"}],"version-history":[{"count":1,"href":"https:\/\/fmlax.com\/latanmovil\/wp-json\/wp\/v2\/pages\/3631\/revisions"}],"predecessor-version":[{"id":3632,"href":"https:\/\/fmlax.com\/latanmovil\/wp-json\/wp\/v2\/pages\/3631\/revisions\/3632"}],"wp:attachment":[{"href":"https:\/\/fmlax.com\/latanmovil\/wp-json\/wp\/v2\/media?parent=3631"}],"curies":[{"name":"wp","href":"https:\/\/api.w.org\/{rel}","templated":true}]}}