{"id":3621,"date":"2025-03-11T11:30:52","date_gmt":"2025-03-11T11:30:52","guid":{"rendered":"https:\/\/fmlax.com\/latanmovil\/?page_id=3621"},"modified":"2025-03-11T11:30:52","modified_gmt":"2025-03-11T11:30:52","slug":"clan-hd","status":"publish","type":"page","link":"https:\/\/fmlax.com\/latanmovil\/clan-hd\/","title":{"rendered":"Clan HD"},"content":{"rendered":"\n<p>Clan es un canal de televisi\u00f3n infantil perteneciente a TVE que emite series y dibujos animados. La programaci\u00f3n de Clan TVE es educativa e informativa, pero tambi\u00e9n amena, divertida y participativa. Sus programas infantiles hacen especial hincapi\u00e9 en subrayar los valores \u00e9ticos y democr\u00e1ticos: la amistad, el respeto a los dem\u00e1s, la defensa de la naturaleza y del medio ambiente, la colaboraci\u00f3n y el esfuerzo. Consulta en nuestra gu\u00eda tv Clan TVE las mejores series infantiles y pel\u00edculas de dibujos.<\/p>\n\n\n\n<p><strong>Lo tienes disponible en<\/strong><\/p>\n\n\n\n<p>LatamM\u00f3vil Cero B\u00e1sico, LatamM\u00f3vil Cine, LatamM\u00f3vil Deportes, LatamM\u00f3vilPremium<\/p>\n\n\n\n<p><\/p>\n","protected":false},"excerpt":{"rendered":"<p>Clan es un canal de televisi\u00f3n infantil perteneciente a TVE que emite series y dibujos animados. La programaci\u00f3n de Clan TVE es educativa e informativa, pero tambi\u00e9n amena, divertida y participativa. Sus programas infantiles hacen especial hincapi\u00e9 en subrayar los valores \u00e9ticos y democr\u00e1ticos: la amistad, el respeto a los dem\u00e1s, la defensa de la [&hellip;]<\/p>\n","protected":false},"author":1,"featured_media":0,"parent":0,"menu_order":0,"comment_status":"closed","ping_status":"closed","template":"","meta":{"_uag_custom_page_level_css":"","site-sidebar-layout":"default","site-content-layout":"","ast-site-content-layout":"default","site-content-style":"default","site-sidebar-style":"default","ast-global-header-display":"","ast-banner-title-visibility":"","ast-main-header-display":"","ast-hfb-above-header-display":"","ast-hfb-below-header-display":"","ast-hfb-mobile-header-display":"","site-post-title":"","ast-breadcrumbs-content":"","ast-featured-img":"","footer-sml-layout":"","ast-disable-related-posts":"","theme-transparent-header-meta":"","adv-header-id-meta":"","stick-header-meta":"","header-above-stick-meta":"","header-main-stick-meta":"","header-below-stick-meta":"","astra-migrate-meta-layouts":"set","ast-page-background-enabled":"default","ast-page-background-meta":{"desktop":{"background-color":"","background-image":"","background-repeat":"repeat","background-position":"center center","background-size":"auto","background-attachment":"scroll","background-type":"","background-media":"","overlay-type":"","overlay-color":"","overlay-opacity":"","overlay-gradient":""},"tablet":{"background-color":"","background-image":"","background-repeat":"repeat","background-position":"center center","background-size":"auto","background-attachment":"scroll","background-type":"","background-media":"","overlay-type":"","overlay-color":"","overlay-opacity":"","overlay-gradient":""},"mobile":{"background-color":"","background-image":"","background-repeat":"repeat","background-position":"center center","background-size":"auto","background-attachment":"scroll","background-type":"","background-media":"","overlay-type":"","overlay-color":"","overlay-opacity":"","overlay-gradient":""}},"ast-content-background-meta":{"desktop":{"background-color":"var(--ast-global-color-5)","background-image":"","background-repeat":"repeat","background-position":"center center","background-size":"auto","background-attachment":"scroll","background-type":"","background-media":"","overlay-type":"","overlay-color":"","overlay-opacity":"","overlay-gradient":""},"tablet":{"background-color":"var(--ast-global-color-5)","background-image":"","background-repeat":"repeat","background-position":"center center","background-size":"auto","background-attachment":"scroll","background-type":"","background-media":"","overlay-type":"","overlay-color":"","overlay-opacity":"","overlay-gradient":""},"mobile":{"background-color":"var(--ast-global-color-5)","background-image":"","background-repeat":"repeat","background-position":"center center","background-size":"auto","background-attachment":"scroll","background-type":"","background-media":"","overlay-type":"","overlay-color":"","overlay-opacity":"","overlay-gradient":""}},"footnotes":""},"class_list":["post-3621","page","type-page","status-publish","hentry"],"uagb_featured_image_src":{"full":false,"thumbnail":false,"medium":false,"medium_large":false,"large":false,"1536x1536":false,"2048x2048":false},"uagb_author_info":{"display_name":"admin","author_link":"https:\/\/fmlax.com\/latanmovil\/author\/latammovil\/"},"uagb_comment_info":0,"uagb_excerpt":"Clan es un canal de televisi\u00f3n infantil perteneciente a TVE que emite series y dibujos animados. La programaci\u00f3n de Clan TVE es educativa e informativa, pero tambi\u00e9n amena, divertida y participativa. Sus programas infantiles hacen especial hincapi\u00e9 en subrayar los valores \u00e9ticos y democr\u00e1ticos: la amistad, el respeto a los dem\u00e1s, la defensa de la&hellip;","_links":{"self":[{"href":"https:\/\/fmlax.com\/latanmovil\/wp-json\/wp\/v2\/pages\/3621","targetHints":{"allow":["GET"]}}],"collection":[{"href":"https:\/\/fmlax.com\/latanmovil\/wp-json\/wp\/v2\/pages"}],"about":[{"href":"https:\/\/fmlax.com\/latanmovil\/wp-json\/wp\/v2\/types\/page"}],"author":[{"embeddable":true,"href":"https:\/\/fmlax.com\/latanmovil\/wp-json\/wp\/v2\/users\/1"}],"replies":[{"embeddable":true,"href":"https:\/\/fmlax.com\/latanmovil\/wp-json\/wp\/v2\/comments?post=3621"}],"version-history":[{"count":1,"href":"https:\/\/fmlax.com\/latanmovil\/wp-json\/wp\/v2\/pages\/3621\/revisions"}],"predecessor-version":[{"id":3622,"href":"https:\/\/fmlax.com\/latanmovil\/wp-json\/wp\/v2\/pages\/3621\/revisions\/3622"}],"wp:attachment":[{"href":"https:\/\/fmlax.com\/latanmovil\/wp-json\/wp\/v2\/media?parent=3621"}],"curies":[{"name":"wp","href":"https:\/\/api.w.org\/{rel}","templated":true}]}}