{"id":3565,"date":"2025-02-21T11:19:24","date_gmt":"2025-02-21T11:19:24","guid":{"rendered":"https:\/\/fmlax.com\/latanmovil\/?page_id=3565"},"modified":"2025-02-21T11:19:24","modified_gmt":"2025-02-21T11:19:24","slug":"discovery-channel","status":"publish","type":"page","link":"https:\/\/fmlax.com\/latanmovil\/discovery-channel\/","title":{"rendered":"Discovery Channel"},"content":{"rendered":"\n<p>Discovery Channel, ahora conocido como Discovery, es un canal de televisi\u00f3n por cable propiedad de Discovery Communications. Es reconocido por su amplia gama de programas que combinan entretenimiento y contenido educativo sobre la naturaleza, la ciencia, la tecnolog\u00eda y diversos aspectos del mundo que nos rodea.<\/p>\n\n\n\n<p>La programaci\u00f3n de Discovery se caracteriza por ofrecer documentales y series que exploran diferentes temas, desde la vida silvestre y la conservaci\u00f3n del medio ambiente hasta la exploraci\u00f3n espacial, la historia, la cultura y los avances cient\u00edficos y tecnol\u00f3gicos m\u00e1s recientes. Los espectadores pueden disfrutar de programas emocionantes, informativos y visualmente impactantes que capturan la belleza y la diversidad del mundo en el que vivimos.<\/p>\n\n\n\n<p>En Discovery, nos esforzamos por proporcionar una experiencia televisiva \u00fanica que combine el entretenimiento con el aprendizaje. Nuestro objetivo es despertar la curiosidad de nuestros espectadores y fomentar su comprensi\u00f3n y aprecio por la naturaleza y el universo que nos rodea.<\/p>\n\n\n\n<p>Consulta nuestra gu\u00eda TV para descubrir la programaci\u00f3n de Discovery para hoy y sum\u00e9rgete en un mundo de conocimiento, aventura y entretenimiento. \u00a1Explora lo desconocido junto a Discovery y disfruta de una experiencia televisiva enriquecedora!<\/p>\n\n\n\n<p><strong>Lo tienes disponible en<\/strong><\/p>\n\n\n\n<p>latamM\u00f3vil Cine, LatamM\u00f3vil Cine y Deportes ,LatamM\u00f3vil Deportes, LatamM\u00f3vil Premium<\/p>\n\n\n\n<p><\/p>\n","protected":false},"excerpt":{"rendered":"<p>Discovery Channel, ahora conocido como Discovery, es un canal de televisi\u00f3n por cable propiedad de Discovery Communications. Es reconocido por su amplia gama de programas que combinan entretenimiento y contenido educativo sobre la naturaleza, la ciencia, la tecnolog\u00eda y diversos aspectos del mundo que nos rodea. La programaci\u00f3n de Discovery se caracteriza por ofrecer documentales [&hellip;]<\/p>\n","protected":false},"author":1,"featured_media":0,"parent":0,"menu_order":0,"comment_status":"closed","ping_status":"closed","template":"","meta":{"_uag_custom_page_level_css":"","site-sidebar-layout":"default","site-content-layout":"","ast-site-content-layout":"default","site-content-style":"default","site-sidebar-style":"default","ast-global-header-display":"","ast-banner-title-visibility":"","ast-main-header-display":"","ast-hfb-above-header-display":"","ast-hfb-below-header-display":"","ast-hfb-mobile-header-display":"","site-post-title":"","ast-breadcrumbs-content":"","ast-featured-img":"","footer-sml-layout":"","ast-disable-related-posts":"","theme-transparent-header-meta":"","adv-header-id-meta":"","stick-header-meta":"","header-above-stick-meta":"","header-main-stick-meta":"","header-below-stick-meta":"","astra-migrate-meta-layouts":"set","ast-page-background-enabled":"default","ast-page-background-meta":{"desktop":{"background-color":"","background-image":"","background-repeat":"repeat","background-position":"center center","background-size":"auto","background-attachment":"scroll","background-type":"","background-media":"","overlay-type":"","overlay-color":"","overlay-opacity":"","overlay-gradient":""},"tablet":{"background-color":"","background-image":"","background-repeat":"repeat","background-position":"center center","background-size":"auto","background-attachment":"scroll","background-type":"","background-media":"","overlay-type":"","overlay-color":"","overlay-opacity":"","overlay-gradient":""},"mobile":{"background-color":"","background-image":"","background-repeat":"repeat","background-position":"center center","background-size":"auto","background-attachment":"scroll","background-type":"","background-media":"","overlay-type":"","overlay-color":"","overlay-opacity":"","overlay-gradient":""}},"ast-content-background-meta":{"desktop":{"background-color":"var(--ast-global-color-5)","background-image":"","background-repeat":"repeat","background-position":"center center","background-size":"auto","background-attachment":"scroll","background-type":"","background-media":"","overlay-type":"","overlay-color":"","overlay-opacity":"","overlay-gradient":""},"tablet":{"background-color":"var(--ast-global-color-5)","background-image":"","background-repeat":"repeat","background-position":"center center","background-size":"auto","background-attachment":"scroll","background-type":"","background-media":"","overlay-type":"","overlay-color":"","overlay-opacity":"","overlay-gradient":""},"mobile":{"background-color":"var(--ast-global-color-5)","background-image":"","background-repeat":"repeat","background-position":"center center","background-size":"auto","background-attachment":"scroll","background-type":"","background-media":"","overlay-type":"","overlay-color":"","overlay-opacity":"","overlay-gradient":""}},"footnotes":""},"class_list":["post-3565","page","type-page","status-publish","hentry"],"uagb_featured_image_src":{"full":false,"thumbnail":false,"medium":false,"medium_large":false,"large":false,"1536x1536":false,"2048x2048":false},"uagb_author_info":{"display_name":"admin","author_link":"https:\/\/fmlax.com\/latanmovil\/author\/latammovil\/"},"uagb_comment_info":0,"uagb_excerpt":"Discovery Channel, ahora conocido como Discovery, es un canal de televisi\u00f3n por cable propiedad de Discovery Communications. Es reconocido por su amplia gama de programas que combinan entretenimiento y contenido educativo sobre la naturaleza, la ciencia, la tecnolog\u00eda y diversos aspectos del mundo que nos rodea. La programaci\u00f3n de Discovery se caracteriza por ofrecer documentales&hellip;","_links":{"self":[{"href":"https:\/\/fmlax.com\/latanmovil\/wp-json\/wp\/v2\/pages\/3565","targetHints":{"allow":["GET"]}}],"collection":[{"href":"https:\/\/fmlax.com\/latanmovil\/wp-json\/wp\/v2\/pages"}],"about":[{"href":"https:\/\/fmlax.com\/latanmovil\/wp-json\/wp\/v2\/types\/page"}],"author":[{"embeddable":true,"href":"https:\/\/fmlax.com\/latanmovil\/wp-json\/wp\/v2\/users\/1"}],"replies":[{"embeddable":true,"href":"https:\/\/fmlax.com\/latanmovil\/wp-json\/wp\/v2\/comments?post=3565"}],"version-history":[{"count":1,"href":"https:\/\/fmlax.com\/latanmovil\/wp-json\/wp\/v2\/pages\/3565\/revisions"}],"predecessor-version":[{"id":3566,"href":"https:\/\/fmlax.com\/latanmovil\/wp-json\/wp\/v2\/pages\/3565\/revisions\/3566"}],"wp:attachment":[{"href":"https:\/\/fmlax.com\/latanmovil\/wp-json\/wp\/v2\/media?parent=3565"}],"curies":[{"name":"wp","href":"https:\/\/api.w.org\/{rel}","templated":true}]}}