{"id":3560,"date":"2025-02-21T11:08:46","date_gmt":"2025-02-21T11:08:46","guid":{"rendered":"https:\/\/fmlax.com\/latanmovil\/?page_id=3560"},"modified":"2025-02-21T11:08:46","modified_gmt":"2025-02-21T11:08:46","slug":"mascotas-tv","status":"publish","type":"page","link":"https:\/\/fmlax.com\/latanmovil\/mascotas-tv\/","title":{"rendered":"Mascotas TV"},"content":{"rendered":"\n<p>Mascotas TV: Bienvenido a nuestro canal dedicado a brindar informaci\u00f3n y recomendaciones sobre el cuidado de todo tipo de mascotas. En Mascotas TV, nos esforzamos por ser una fuente confiable de conocimientos y consejos para garantizar el bienestar y la felicidad de tus queridas mascotas.<\/p>\n\n\n\n<p>Nuestro objetivo principal es informar a los amantes de los animales sobre las mejores pr\u00e1cticas de cuidado, alimentaci\u00f3n, salud, entrenamiento y enriquecimiento para todo tipo de mascotas, ya sean perros, gatos, aves, roedores, reptiles, peces u otros animales dom\u00e9sticos.<\/p>\n\n\n\n<p>A trav\u00e9s de nuestra programaci\u00f3n, te mantendremos actualizado sobre las \u00faltimas tendencias en el cuidado de mascotas, consejos veterinarios, recomendaciones de productos y servicios, as\u00ed como historias inspiradoras sobre el v\u00ednculo entre las mascotas y sus due\u00f1os.<\/p>\n\n\n\n<p>Nos apasiona proporcionar informaci\u00f3n clara y precisa para ayudarte a tomar decisiones informadas sobre la crianza responsable y el bienestar de tus mascotas. Valoramos la importancia de una relaci\u00f3n armoniosa entre los humanos y los animales, y trabajamos para fomentar un cuidado compasivo y respetuoso hacia ellos.<\/p>\n\n\n\n<p>Sintoniza Mascotas TV y descubre un mundo de informaci\u00f3n y recomendaciones para el cuidado de tus mascotas. Acomp\u00e1\u00f1anos en esta emocionante aventura donde aprender\u00e1s c\u00f3mo brindarles una vida feliz y saludable. \u00a1Tu mascota merece lo mejor, y en Mascotas TV estamos aqu\u00ed para ayudarte a lograrlo!<\/p>\n\n\n\n<p><strong>Lo tienes disponible en<\/strong><\/p>\n\n\n\n<p>LatamM\u00f3vil Cero B\u00e1sico, LatamM\u00f3vil  Cine, LatamM\u00f3vil Cine y Deportes, LatamM\u00f3vil  Deportes, LatamM\u00f3vil  Premium<\/p>\n\n\n\n<p><\/p>\n","protected":false},"excerpt":{"rendered":"<p>Mascotas TV: Bienvenido a nuestro canal dedicado a brindar informaci\u00f3n y recomendaciones sobre el cuidado de todo tipo de mascotas. En Mascotas TV, nos esforzamos por ser una fuente confiable de conocimientos y consejos para garantizar el bienestar y la felicidad de tus queridas mascotas. Nuestro objetivo principal es informar a los amantes de los [&hellip;]<\/p>\n","protected":false},"author":1,"featured_media":0,"parent":0,"menu_order":0,"comment_status":"closed","ping_status":"closed","template":"","meta":{"_uag_custom_page_level_css":"","site-sidebar-layout":"default","site-content-layout":"","ast-site-content-layout":"default","site-content-style":"default","site-sidebar-style":"default","ast-global-header-display":"","ast-banner-title-visibility":"","ast-main-header-display":"","ast-hfb-above-header-display":"","ast-hfb-below-header-display":"","ast-hfb-mobile-header-display":"","site-post-title":"","ast-breadcrumbs-content":"","ast-featured-img":"","footer-sml-layout":"","ast-disable-related-posts":"","theme-transparent-header-meta":"","adv-header-id-meta":"","stick-header-meta":"","header-above-stick-meta":"","header-main-stick-meta":"","header-below-stick-meta":"","astra-migrate-meta-layouts":"set","ast-page-background-enabled":"default","ast-page-background-meta":{"desktop":{"background-color":"","background-image":"","background-repeat":"repeat","background-position":"center center","background-size":"auto","background-attachment":"scroll","background-type":"","background-media":"","overlay-type":"","overlay-color":"","overlay-opacity":"","overlay-gradient":""},"tablet":{"background-color":"","background-image":"","background-repeat":"repeat","background-position":"center center","background-size":"auto","background-attachment":"scroll","background-type":"","background-media":"","overlay-type":"","overlay-color":"","overlay-opacity":"","overlay-gradient":""},"mobile":{"background-color":"","background-image":"","background-repeat":"repeat","background-position":"center center","background-size":"auto","background-attachment":"scroll","background-type":"","background-media":"","overlay-type":"","overlay-color":"","overlay-opacity":"","overlay-gradient":""}},"ast-content-background-meta":{"desktop":{"background-color":"var(--ast-global-color-5)","background-image":"","background-repeat":"repeat","background-position":"center center","background-size":"auto","background-attachment":"scroll","background-type":"","background-media":"","overlay-type":"","overlay-color":"","overlay-opacity":"","overlay-gradient":""},"tablet":{"background-color":"var(--ast-global-color-5)","background-image":"","background-repeat":"repeat","background-position":"center center","background-size":"auto","background-attachment":"scroll","background-type":"","background-media":"","overlay-type":"","overlay-color":"","overlay-opacity":"","overlay-gradient":""},"mobile":{"background-color":"var(--ast-global-color-5)","background-image":"","background-repeat":"repeat","background-position":"center center","background-size":"auto","background-attachment":"scroll","background-type":"","background-media":"","overlay-type":"","overlay-color":"","overlay-opacity":"","overlay-gradient":""}},"footnotes":""},"class_list":["post-3560","page","type-page","status-publish","hentry"],"uagb_featured_image_src":{"full":false,"thumbnail":false,"medium":false,"medium_large":false,"large":false,"1536x1536":false,"2048x2048":false},"uagb_author_info":{"display_name":"admin","author_link":"https:\/\/fmlax.com\/latanmovil\/author\/latammovil\/"},"uagb_comment_info":0,"uagb_excerpt":"Mascotas TV: Bienvenido a nuestro canal dedicado a brindar informaci\u00f3n y recomendaciones sobre el cuidado de todo tipo de mascotas. En Mascotas TV, nos esforzamos por ser una fuente confiable de conocimientos y consejos para garantizar el bienestar y la felicidad de tus queridas mascotas. Nuestro objetivo principal es informar a los amantes de los&hellip;","_links":{"self":[{"href":"https:\/\/fmlax.com\/latanmovil\/wp-json\/wp\/v2\/pages\/3560","targetHints":{"allow":["GET"]}}],"collection":[{"href":"https:\/\/fmlax.com\/latanmovil\/wp-json\/wp\/v2\/pages"}],"about":[{"href":"https:\/\/fmlax.com\/latanmovil\/wp-json\/wp\/v2\/types\/page"}],"author":[{"embeddable":true,"href":"https:\/\/fmlax.com\/latanmovil\/wp-json\/wp\/v2\/users\/1"}],"replies":[{"embeddable":true,"href":"https:\/\/fmlax.com\/latanmovil\/wp-json\/wp\/v2\/comments?post=3560"}],"version-history":[{"count":1,"href":"https:\/\/fmlax.com\/latanmovil\/wp-json\/wp\/v2\/pages\/3560\/revisions"}],"predecessor-version":[{"id":3561,"href":"https:\/\/fmlax.com\/latanmovil\/wp-json\/wp\/v2\/pages\/3560\/revisions\/3561"}],"wp:attachment":[{"href":"https:\/\/fmlax.com\/latanmovil\/wp-json\/wp\/v2\/media?parent=3560"}],"curies":[{"name":"wp","href":"https:\/\/api.w.org\/{rel}","templated":true}]}}