{"id":3529,"date":"2025-02-20T14:03:07","date_gmt":"2025-02-20T14:03:07","guid":{"rendered":"https:\/\/fmlax.com\/latanmovil\/?page_id=3529"},"modified":"2025-02-20T14:03:08","modified_gmt":"2025-02-20T14:03:08","slug":"surf-channel","status":"publish","type":"page","link":"https:\/\/fmlax.com\/latanmovil\/surf-channel\/","title":{"rendered":"Surf Channel"},"content":{"rendered":"\n<p>Surf Channel: \u00a1Bienvenido al primer canal tem\u00e1tico de surf en Espa\u00f1a! En Surf Channel, nos apasiona sumergirnos en el emocionante mundo del surf y ofrecerte un contenido variado y enriquecedor relacionado con este deporte.<\/p>\n\n\n\n<p>M\u00e1s que un canal deportivo convencional, en Surf Channel exploramos el mundo del surf desde diferentes perspectivas. Valoramos la esencia del surf como un estilo de vida y nos esforzamos por acercar esta pasi\u00f3n a tu televisi\u00f3n.<\/p>\n\n\n\n<p>En Surf Channel, podr\u00e1s disfrutar de una amplia gama de programas que abarcan tanto el aspecto deportivo como el entretenimiento en torno al mundo del surf. Te invitamos a sumergirte en emocionantes competiciones y a descubrir las historias y experiencias de surfistas destacados. Adem\u00e1s, tambi\u00e9n exploramos otros aspectos relacionados, como viajes, arte, m\u00fasica y m\u00e1s, que forman parte integral de la cultura del surf.<\/p>\n\n\n\n<p>Nuestro objetivo es brindarte una experiencia televisiva que te sumerja en la magia del surf y te permita vivir la pasi\u00f3n de este deporte desde la comodidad de tu hogar. Queremos inspirarte, entretenerte y mostrarte la belleza de las olas y la conexi\u00f3n con la naturaleza que el surf proporciona.<\/p>\n\n\n\n<p>Sintoniza Surf Channel y ad\u00e9ntrate en un mundo de adrenalina, belleza y estilo de vida relacionado con el surf. \u00danete a nosotros en esta emocionante aventura y d\u00e9jate llevar por la pasi\u00f3n del surf en todas sus facetas. \u00a1Surfea con nosotros en Surf Channel!<\/p>\n\n\n\n<p><strong>Lo tienes disponible en<\/strong><\/p>\n\n\n\n<p>LatamM\u00f3vil Cero B\u00e1sico, LatamM\u00f3vil  Cine, LatamM\u00f3vil  Cine y Deportes, LatamM\u00f3vil  Deportes, LatamM\u00f3vil  Premium<\/p>\n","protected":false},"excerpt":{"rendered":"<p>Surf Channel: \u00a1Bienvenido al primer canal tem\u00e1tico de surf en Espa\u00f1a! En Surf Channel, nos apasiona sumergirnos en el emocionante mundo del surf y ofrecerte un contenido variado y enriquecedor relacionado con este deporte. M\u00e1s que un canal deportivo convencional, en Surf Channel exploramos el mundo del surf desde diferentes perspectivas. Valoramos la esencia del [&hellip;]<\/p>\n","protected":false},"author":1,"featured_media":0,"parent":0,"menu_order":0,"comment_status":"closed","ping_status":"closed","template":"","meta":{"_uag_custom_page_level_css":"","site-sidebar-layout":"default","site-content-layout":"","ast-site-content-layout":"default","site-content-style":"default","site-sidebar-style":"default","ast-global-header-display":"","ast-banner-title-visibility":"","ast-main-header-display":"","ast-hfb-above-header-display":"","ast-hfb-below-header-display":"","ast-hfb-mobile-header-display":"","site-post-title":"","ast-breadcrumbs-content":"","ast-featured-img":"","footer-sml-layout":"","ast-disable-related-posts":"","theme-transparent-header-meta":"","adv-header-id-meta":"","stick-header-meta":"","header-above-stick-meta":"","header-main-stick-meta":"","header-below-stick-meta":"","astra-migrate-meta-layouts":"set","ast-page-background-enabled":"default","ast-page-background-meta":{"desktop":{"background-color":"","background-image":"","background-repeat":"repeat","background-position":"center center","background-size":"auto","background-attachment":"scroll","background-type":"","background-media":"","overlay-type":"","overlay-color":"","overlay-opacity":"","overlay-gradient":""},"tablet":{"background-color":"","background-image":"","background-repeat":"repeat","background-position":"center center","background-size":"auto","background-attachment":"scroll","background-type":"","background-media":"","overlay-type":"","overlay-color":"","overlay-opacity":"","overlay-gradient":""},"mobile":{"background-color":"","background-image":"","background-repeat":"repeat","background-position":"center center","background-size":"auto","background-attachment":"scroll","background-type":"","background-media":"","overlay-type":"","overlay-color":"","overlay-opacity":"","overlay-gradient":""}},"ast-content-background-meta":{"desktop":{"background-color":"var(--ast-global-color-5)","background-image":"","background-repeat":"repeat","background-position":"center center","background-size":"auto","background-attachment":"scroll","background-type":"","background-media":"","overlay-type":"","overlay-color":"","overlay-opacity":"","overlay-gradient":""},"tablet":{"background-color":"var(--ast-global-color-5)","background-image":"","background-repeat":"repeat","background-position":"center center","background-size":"auto","background-attachment":"scroll","background-type":"","background-media":"","overlay-type":"","overlay-color":"","overlay-opacity":"","overlay-gradient":""},"mobile":{"background-color":"var(--ast-global-color-5)","background-image":"","background-repeat":"repeat","background-position":"center center","background-size":"auto","background-attachment":"scroll","background-type":"","background-media":"","overlay-type":"","overlay-color":"","overlay-opacity":"","overlay-gradient":""}},"footnotes":""},"class_list":["post-3529","page","type-page","status-publish","hentry"],"uagb_featured_image_src":{"full":false,"thumbnail":false,"medium":false,"medium_large":false,"large":false,"1536x1536":false,"2048x2048":false},"uagb_author_info":{"display_name":"admin","author_link":"https:\/\/fmlax.com\/latanmovil\/author\/latammovil\/"},"uagb_comment_info":0,"uagb_excerpt":"Surf Channel: \u00a1Bienvenido al primer canal tem\u00e1tico de surf en Espa\u00f1a! En Surf Channel, nos apasiona sumergirnos en el emocionante mundo del surf y ofrecerte un contenido variado y enriquecedor relacionado con este deporte. M\u00e1s que un canal deportivo convencional, en Surf Channel exploramos el mundo del surf desde diferentes perspectivas. Valoramos la esencia del&hellip;","_links":{"self":[{"href":"https:\/\/fmlax.com\/latanmovil\/wp-json\/wp\/v2\/pages\/3529","targetHints":{"allow":["GET"]}}],"collection":[{"href":"https:\/\/fmlax.com\/latanmovil\/wp-json\/wp\/v2\/pages"}],"about":[{"href":"https:\/\/fmlax.com\/latanmovil\/wp-json\/wp\/v2\/types\/page"}],"author":[{"embeddable":true,"href":"https:\/\/fmlax.com\/latanmovil\/wp-json\/wp\/v2\/users\/1"}],"replies":[{"embeddable":true,"href":"https:\/\/fmlax.com\/latanmovil\/wp-json\/wp\/v2\/comments?post=3529"}],"version-history":[{"count":1,"href":"https:\/\/fmlax.com\/latanmovil\/wp-json\/wp\/v2\/pages\/3529\/revisions"}],"predecessor-version":[{"id":3530,"href":"https:\/\/fmlax.com\/latanmovil\/wp-json\/wp\/v2\/pages\/3529\/revisions\/3530"}],"wp:attachment":[{"href":"https:\/\/fmlax.com\/latanmovil\/wp-json\/wp\/v2\/media?parent=3529"}],"curies":[{"name":"wp","href":"https:\/\/api.w.org\/{rel}","templated":true}]}}