{"id":3507,"date":"2025-02-20T12:38:49","date_gmt":"2025-02-20T12:38:49","guid":{"rendered":"https:\/\/fmlax.com\/latanmovil\/?page_id=3507"},"modified":"2025-02-20T12:38:49","modified_gmt":"2025-02-20T12:38:49","slug":"dbike","status":"publish","type":"page","link":"https:\/\/fmlax.com\/latanmovil\/dbike\/","title":{"rendered":"Dbike"},"content":{"rendered":"\n<p>Dbike: Sum\u00e9rgete en el apasionante mundo de la bicicleta con nosotros. Dbike es tu fuente de informaci\u00f3n completa sobre todo lo relacionado con este medio de transporte, desde el mantenimiento y cuidado de las bicicletas hasta emocionantes rutas y entrevistas con expertos.<\/p>\n\n\n\n<p>En Dbike, nos dedicamos a brindarte consejos y gu\u00edas pr\u00e1cticas sobre el mantenimiento y reparaci\u00f3n de bicicletas, para que puedas mantener tu bici en \u00f3ptimas condiciones y disfrutar de cada pedalada sin preocupaciones.<\/p>\n\n\n\n<p>Adem\u00e1s, te llevamos a descubrir rutas emocionantes, tanto en carretera como en monta\u00f1a, para que puedas explorar nuevos lugares y disfrutar de hermosos paisajes sobre dos ruedas. Tambi\u00e9n te ofrecemos entrevistas con ciclistas destacados, expertos en la industria y personalidades del mundo del ciclismo, para que puedas conocer sus historias, experiencias y consejos.<\/p>\n\n\n\n<p>En Dbike, nuestro objetivo es mantenerte informado y entretenido en todo lo relacionado con la bicicleta. Ya seas un ciclista aficionado, un entusiasta de las competiciones o simplemente te apasione el mundo de las dos ruedas, encontrar\u00e1s contenido interesante y relevante en nuestro canal.<\/p>\n\n\n\n<p>\u00danete a nosotros en Dbike y descubre el mundo de la bicicleta en toda su esencia. \u00a1Prep\u00e1rate para rodar con nosotros y disfrutar de cada aventura sobre la bicicleta!<\/p>\n","protected":false},"excerpt":{"rendered":"<p>Dbike: Sum\u00e9rgete en el apasionante mundo de la bicicleta con nosotros. Dbike es tu fuente de informaci\u00f3n completa sobre todo lo relacionado con este medio de transporte, desde el mantenimiento y cuidado de las bicicletas hasta emocionantes rutas y entrevistas con expertos. En Dbike, nos dedicamos a brindarte consejos y gu\u00edas pr\u00e1cticas sobre el mantenimiento [&hellip;]<\/p>\n","protected":false},"author":1,"featured_media":0,"parent":0,"menu_order":0,"comment_status":"closed","ping_status":"closed","template":"","meta":{"_uag_custom_page_level_css":"","site-sidebar-layout":"default","site-content-layout":"","ast-site-content-layout":"default","site-content-style":"default","site-sidebar-style":"default","ast-global-header-display":"","ast-banner-title-visibility":"","ast-main-header-display":"","ast-hfb-above-header-display":"","ast-hfb-below-header-display":"","ast-hfb-mobile-header-display":"","site-post-title":"","ast-breadcrumbs-content":"","ast-featured-img":"","footer-sml-layout":"","ast-disable-related-posts":"","theme-transparent-header-meta":"","adv-header-id-meta":"","stick-header-meta":"","header-above-stick-meta":"","header-main-stick-meta":"","header-below-stick-meta":"","astra-migrate-meta-layouts":"set","ast-page-background-enabled":"default","ast-page-background-meta":{"desktop":{"background-color":"","background-image":"","background-repeat":"repeat","background-position":"center center","background-size":"auto","background-attachment":"scroll","background-type":"","background-media":"","overlay-type":"","overlay-color":"","overlay-opacity":"","overlay-gradient":""},"tablet":{"background-color":"","background-image":"","background-repeat":"repeat","background-position":"center center","background-size":"auto","background-attachment":"scroll","background-type":"","background-media":"","overlay-type":"","overlay-color":"","overlay-opacity":"","overlay-gradient":""},"mobile":{"background-color":"","background-image":"","background-repeat":"repeat","background-position":"center center","background-size":"auto","background-attachment":"scroll","background-type":"","background-media":"","overlay-type":"","overlay-color":"","overlay-opacity":"","overlay-gradient":""}},"ast-content-background-meta":{"desktop":{"background-color":"var(--ast-global-color-5)","background-image":"","background-repeat":"repeat","background-position":"center center","background-size":"auto","background-attachment":"scroll","background-type":"","background-media":"","overlay-type":"","overlay-color":"","overlay-opacity":"","overlay-gradient":""},"tablet":{"background-color":"var(--ast-global-color-5)","background-image":"","background-repeat":"repeat","background-position":"center center","background-size":"auto","background-attachment":"scroll","background-type":"","background-media":"","overlay-type":"","overlay-color":"","overlay-opacity":"","overlay-gradient":""},"mobile":{"background-color":"var(--ast-global-color-5)","background-image":"","background-repeat":"repeat","background-position":"center center","background-size":"auto","background-attachment":"scroll","background-type":"","background-media":"","overlay-type":"","overlay-color":"","overlay-opacity":"","overlay-gradient":""}},"footnotes":""},"class_list":["post-3507","page","type-page","status-publish","hentry"],"uagb_featured_image_src":{"full":false,"thumbnail":false,"medium":false,"medium_large":false,"large":false,"1536x1536":false,"2048x2048":false},"uagb_author_info":{"display_name":"admin","author_link":"https:\/\/fmlax.com\/latanmovil\/author\/latammovil\/"},"uagb_comment_info":0,"uagb_excerpt":"Dbike: Sum\u00e9rgete en el apasionante mundo de la bicicleta con nosotros. Dbike es tu fuente de informaci\u00f3n completa sobre todo lo relacionado con este medio de transporte, desde el mantenimiento y cuidado de las bicicletas hasta emocionantes rutas y entrevistas con expertos. En Dbike, nos dedicamos a brindarte consejos y gu\u00edas pr\u00e1cticas sobre el mantenimiento&hellip;","_links":{"self":[{"href":"https:\/\/fmlax.com\/latanmovil\/wp-json\/wp\/v2\/pages\/3507","targetHints":{"allow":["GET"]}}],"collection":[{"href":"https:\/\/fmlax.com\/latanmovil\/wp-json\/wp\/v2\/pages"}],"about":[{"href":"https:\/\/fmlax.com\/latanmovil\/wp-json\/wp\/v2\/types\/page"}],"author":[{"embeddable":true,"href":"https:\/\/fmlax.com\/latanmovil\/wp-json\/wp\/v2\/users\/1"}],"replies":[{"embeddable":true,"href":"https:\/\/fmlax.com\/latanmovil\/wp-json\/wp\/v2\/comments?post=3507"}],"version-history":[{"count":1,"href":"https:\/\/fmlax.com\/latanmovil\/wp-json\/wp\/v2\/pages\/3507\/revisions"}],"predecessor-version":[{"id":3508,"href":"https:\/\/fmlax.com\/latanmovil\/wp-json\/wp\/v2\/pages\/3507\/revisions\/3508"}],"wp:attachment":[{"href":"https:\/\/fmlax.com\/latanmovil\/wp-json\/wp\/v2\/media?parent=3507"}],"curies":[{"name":"wp","href":"https:\/\/api.w.org\/{rel}","templated":true}]}}