{"id":3470,"date":"2025-02-18T12:58:52","date_gmt":"2025-02-18T12:58:52","guid":{"rendered":"https:\/\/fmlax.com\/latanmovil\/?page_id=3470"},"modified":"2025-02-18T12:58:52","modified_gmt":"2025-02-18T12:58:52","slug":"eurosport-1-hd","status":"publish","type":"page","link":"https:\/\/fmlax.com\/latanmovil\/eurosport-1-hd\/","title":{"rendered":"Eurosport 1 HD"},"content":{"rendered":"\n<p>Eurosport 1 es un canal de televisi\u00f3n perteneciente a Eurosport, una divisi\u00f3n de Warner Bros. Discovery. Eurosport 1 se destaca por ofrecer una amplia cobertura deportiva, con los derechos de transmisi\u00f3n de prestigiosas competiciones a nivel europeo e internacional.<\/p>\n\n\n\n<p>Entre los eventos deportivos m\u00e1s destacados que se emiten en Eurosport 1 se encuentran los torneos europeos de la UEFA, donde se transmiten partidos de f\u00fatbol de alto nivel. Adem\u00e1s, el canal tambi\u00e9n cuenta con los derechos de competiciones como el Rally Dakar, los Juegos Ol\u00edmpicos de verano e invierno, tenis y motociclismo, entre otros eventos deportivos relevantes.<\/p>\n\n\n\n<p>Eurosport 1 se esfuerza por brindar una cobertura exhaustiva y emocionante de los deportes m\u00e1s populares, manteniendo a los espectadores actualizados con los resultados, las noticias y los momentos destacados de cada competici\u00f3n. El canal ofrece una variedad de programas deportivos, an\u00e1lisis de expertos y transmisiones en vivo para que los fan\u00e1ticos disfruten de la emoci\u00f3n del deporte en todo momento.<\/p>\n\n\n\n<p>Como parte de la familia Warner Bros. Discovery, Eurosport 1 se compromete a ofrecer una experiencia televisiva de alta calidad para los amantes del deporte en todo el mundo. Sintoniza Eurosport 1 y disfruta de la emoci\u00f3n de los eventos deportivos m\u00e1s destacados y de una cobertura completa de tus competiciones favoritas.<\/p>\n\n\n\n<p><strong>Lo tienes disponible en<\/strong><\/p>\n\n\n\n<p>LatamM\u00f3vil Cine y Deportes, LatamM\u00f3vil Deportes,LatamM\u00f3vil Premium<\/p>\n\n\n\n<p><\/p>\n","protected":false},"excerpt":{"rendered":"<p>Eurosport 1 es un canal de televisi\u00f3n perteneciente a Eurosport, una divisi\u00f3n de Warner Bros. Discovery. Eurosport 1 se destaca por ofrecer una amplia cobertura deportiva, con los derechos de transmisi\u00f3n de prestigiosas competiciones a nivel europeo e internacional. Entre los eventos deportivos m\u00e1s destacados que se emiten en Eurosport 1 se encuentran los torneos [&hellip;]<\/p>\n","protected":false},"author":1,"featured_media":0,"parent":0,"menu_order":0,"comment_status":"closed","ping_status":"closed","template":"","meta":{"_uag_custom_page_level_css":"","site-sidebar-layout":"default","site-content-layout":"","ast-site-content-layout":"default","site-content-style":"default","site-sidebar-style":"default","ast-global-header-display":"","ast-banner-title-visibility":"","ast-main-header-display":"","ast-hfb-above-header-display":"","ast-hfb-below-header-display":"","ast-hfb-mobile-header-display":"","site-post-title":"","ast-breadcrumbs-content":"","ast-featured-img":"","footer-sml-layout":"","ast-disable-related-posts":"","theme-transparent-header-meta":"","adv-header-id-meta":"","stick-header-meta":"","header-above-stick-meta":"","header-main-stick-meta":"","header-below-stick-meta":"","astra-migrate-meta-layouts":"set","ast-page-background-enabled":"default","ast-page-background-meta":{"desktop":{"background-color":"","background-image":"","background-repeat":"repeat","background-position":"center center","background-size":"auto","background-attachment":"scroll","background-type":"","background-media":"","overlay-type":"","overlay-color":"","overlay-opacity":"","overlay-gradient":""},"tablet":{"background-color":"","background-image":"","background-repeat":"repeat","background-position":"center center","background-size":"auto","background-attachment":"scroll","background-type":"","background-media":"","overlay-type":"","overlay-color":"","overlay-opacity":"","overlay-gradient":""},"mobile":{"background-color":"","background-image":"","background-repeat":"repeat","background-position":"center center","background-size":"auto","background-attachment":"scroll","background-type":"","background-media":"","overlay-type":"","overlay-color":"","overlay-opacity":"","overlay-gradient":""}},"ast-content-background-meta":{"desktop":{"background-color":"var(--ast-global-color-5)","background-image":"","background-repeat":"repeat","background-position":"center center","background-size":"auto","background-attachment":"scroll","background-type":"","background-media":"","overlay-type":"","overlay-color":"","overlay-opacity":"","overlay-gradient":""},"tablet":{"background-color":"var(--ast-global-color-5)","background-image":"","background-repeat":"repeat","background-position":"center center","background-size":"auto","background-attachment":"scroll","background-type":"","background-media":"","overlay-type":"","overlay-color":"","overlay-opacity":"","overlay-gradient":""},"mobile":{"background-color":"var(--ast-global-color-5)","background-image":"","background-repeat":"repeat","background-position":"center center","background-size":"auto","background-attachment":"scroll","background-type":"","background-media":"","overlay-type":"","overlay-color":"","overlay-opacity":"","overlay-gradient":""}},"footnotes":""},"class_list":["post-3470","page","type-page","status-publish","hentry"],"uagb_featured_image_src":{"full":false,"thumbnail":false,"medium":false,"medium_large":false,"large":false,"1536x1536":false,"2048x2048":false},"uagb_author_info":{"display_name":"admin","author_link":"https:\/\/fmlax.com\/latanmovil\/author\/latammovil\/"},"uagb_comment_info":0,"uagb_excerpt":"Eurosport 1 es un canal de televisi\u00f3n perteneciente a Eurosport, una divisi\u00f3n de Warner Bros. Discovery. Eurosport 1 se destaca por ofrecer una amplia cobertura deportiva, con los derechos de transmisi\u00f3n de prestigiosas competiciones a nivel europeo e internacional. Entre los eventos deportivos m\u00e1s destacados que se emiten en Eurosport 1 se encuentran los torneos&hellip;","_links":{"self":[{"href":"https:\/\/fmlax.com\/latanmovil\/wp-json\/wp\/v2\/pages\/3470","targetHints":{"allow":["GET"]}}],"collection":[{"href":"https:\/\/fmlax.com\/latanmovil\/wp-json\/wp\/v2\/pages"}],"about":[{"href":"https:\/\/fmlax.com\/latanmovil\/wp-json\/wp\/v2\/types\/page"}],"author":[{"embeddable":true,"href":"https:\/\/fmlax.com\/latanmovil\/wp-json\/wp\/v2\/users\/1"}],"replies":[{"embeddable":true,"href":"https:\/\/fmlax.com\/latanmovil\/wp-json\/wp\/v2\/comments?post=3470"}],"version-history":[{"count":1,"href":"https:\/\/fmlax.com\/latanmovil\/wp-json\/wp\/v2\/pages\/3470\/revisions"}],"predecessor-version":[{"id":3471,"href":"https:\/\/fmlax.com\/latanmovil\/wp-json\/wp\/v2\/pages\/3470\/revisions\/3471"}],"wp:attachment":[{"href":"https:\/\/fmlax.com\/latanmovil\/wp-json\/wp\/v2\/media?parent=3470"}],"curies":[{"name":"wp","href":"https:\/\/api.w.org\/{rel}","templated":true}]}}