{"id":3465,"date":"2025-02-18T12:56:26","date_gmt":"2025-02-18T12:56:26","guid":{"rendered":"https:\/\/fmlax.com\/latanmovil\/?page_id=3465"},"modified":"2025-02-18T12:56:26","modified_gmt":"2025-02-18T12:56:26","slug":"fuel-tv","status":"publish","type":"page","link":"https:\/\/fmlax.com\/latanmovil\/fuel-tv\/","title":{"rendered":"Fuel TV"},"content":{"rendered":"\n<p>Fuel TV: Bienvenido a nuestro canal dedicado exclusivamente a los deportes, la cultura y los estilos de vida del surf, el skate, el snowboard, el esqu\u00ed libre, BMX y MTB, as\u00ed como al arte, la m\u00fasica y la moda que los definen. En Fuel TV, nos apasiona ofrecerte una experiencia \u00fanica y aut\u00e9ntica relacionada con estas disciplinas.<\/p>\n\n\n\n<p>Nuestra misi\u00f3n es sumergirte en el apasionante mundo de los deportes de acci\u00f3n y los estilos de vida que los rodean. Valoramos la creatividad, la libertad y la autenticidad presentes en el surf, el skate, el snowboard, el esqu\u00ed libre, el BMX y el MTB, as\u00ed como en el arte, la m\u00fasica y la moda que los complementan.<\/p>\n\n\n\n<p>En Fuel TV, encontrar\u00e1s una programaci\u00f3n emocionante y diversa que te permitir\u00e1 disfrutar de competiciones destacadas, explorar nuevos spots y destinos, conocer a los mejores atletas y artistas, descubrir las \u00faltimas tendencias en moda y m\u00fasica, y sumergirte en la cultura que rodea a estos deportes.<\/p>\n\n\n\n<p>Nos enorgullece ser tu ventana a este apasionante mundo, donde podr\u00e1s inspirarte, aprender y conectarte con una comunidad de amantes de los deportes de acci\u00f3n y los estilos de vida asociados.<\/p>\n\n\n\n<p>Sintoniza Fuel TV y sum\u00e9rgete en una experiencia \u00fanica y emocionante. Acomp\u00e1\u00f1anos mientras exploramos las mejores competiciones, conocemos a los atletas m\u00e1s destacados, descubrimos nuevos talentos, nos sumergimos en la cultura y celebramos la creatividad en el surf, el skate, el snowboard, el esqu\u00ed libre, el BMX y el MTB, as\u00ed como en el arte, la m\u00fasica y la moda. \u00a1\u00danete a nosotros en Fuel TV y vive la pasi\u00f3n de los deportes de acci\u00f3n y sus estilos de vida!<\/p>\n\n\n\n<p><strong>Lo tienes disponible en<\/strong><\/p>\n\n\n\n<p>LatamM\u00f3vil Cero B\u00e1sico, LatamM\u00f3vil Cine, LatamM\u00f3vil Cine y Deportes, LatamM\u00f3vil Deportes, LatamM\u00f3vil Premium,  LatamM\u00f3vilPaquete Internacional<\/p>\n\n\n\n<p><\/p>\n","protected":false},"excerpt":{"rendered":"<p>Fuel TV: Bienvenido a nuestro canal dedicado exclusivamente a los deportes, la cultura y los estilos de vida del surf, el skate, el snowboard, el esqu\u00ed libre, BMX y MTB, as\u00ed como al arte, la m\u00fasica y la moda que los definen. En Fuel TV, nos apasiona ofrecerte una experiencia \u00fanica y aut\u00e9ntica relacionada con [&hellip;]<\/p>\n","protected":false},"author":1,"featured_media":0,"parent":0,"menu_order":0,"comment_status":"closed","ping_status":"closed","template":"","meta":{"_uag_custom_page_level_css":"","site-sidebar-layout":"default","site-content-layout":"","ast-site-content-layout":"default","site-content-style":"default","site-sidebar-style":"default","ast-global-header-display":"","ast-banner-title-visibility":"","ast-main-header-display":"","ast-hfb-above-header-display":"","ast-hfb-below-header-display":"","ast-hfb-mobile-header-display":"","site-post-title":"","ast-breadcrumbs-content":"","ast-featured-img":"","footer-sml-layout":"","ast-disable-related-posts":"","theme-transparent-header-meta":"","adv-header-id-meta":"","stick-header-meta":"","header-above-stick-meta":"","header-main-stick-meta":"","header-below-stick-meta":"","astra-migrate-meta-layouts":"set","ast-page-background-enabled":"default","ast-page-background-meta":{"desktop":{"background-color":"","background-image":"","background-repeat":"repeat","background-position":"center center","background-size":"auto","background-attachment":"scroll","background-type":"","background-media":"","overlay-type":"","overlay-color":"","overlay-opacity":"","overlay-gradient":""},"tablet":{"background-color":"","background-image":"","background-repeat":"repeat","background-position":"center center","background-size":"auto","background-attachment":"scroll","background-type":"","background-media":"","overlay-type":"","overlay-color":"","overlay-opacity":"","overlay-gradient":""},"mobile":{"background-color":"","background-image":"","background-repeat":"repeat","background-position":"center center","background-size":"auto","background-attachment":"scroll","background-type":"","background-media":"","overlay-type":"","overlay-color":"","overlay-opacity":"","overlay-gradient":""}},"ast-content-background-meta":{"desktop":{"background-color":"var(--ast-global-color-5)","background-image":"","background-repeat":"repeat","background-position":"center center","background-size":"auto","background-attachment":"scroll","background-type":"","background-media":"","overlay-type":"","overlay-color":"","overlay-opacity":"","overlay-gradient":""},"tablet":{"background-color":"var(--ast-global-color-5)","background-image":"","background-repeat":"repeat","background-position":"center center","background-size":"auto","background-attachment":"scroll","background-type":"","background-media":"","overlay-type":"","overlay-color":"","overlay-opacity":"","overlay-gradient":""},"mobile":{"background-color":"var(--ast-global-color-5)","background-image":"","background-repeat":"repeat","background-position":"center center","background-size":"auto","background-attachment":"scroll","background-type":"","background-media":"","overlay-type":"","overlay-color":"","overlay-opacity":"","overlay-gradient":""}},"footnotes":""},"class_list":["post-3465","page","type-page","status-publish","hentry"],"uagb_featured_image_src":{"full":false,"thumbnail":false,"medium":false,"medium_large":false,"large":false,"1536x1536":false,"2048x2048":false},"uagb_author_info":{"display_name":"admin","author_link":"https:\/\/fmlax.com\/latanmovil\/author\/latammovil\/"},"uagb_comment_info":0,"uagb_excerpt":"Fuel TV: Bienvenido a nuestro canal dedicado exclusivamente a los deportes, la cultura y los estilos de vida del surf, el skate, el snowboard, el esqu\u00ed libre, BMX y MTB, as\u00ed como al arte, la m\u00fasica y la moda que los definen. En Fuel TV, nos apasiona ofrecerte una experiencia \u00fanica y aut\u00e9ntica relacionada con&hellip;","_links":{"self":[{"href":"https:\/\/fmlax.com\/latanmovil\/wp-json\/wp\/v2\/pages\/3465","targetHints":{"allow":["GET"]}}],"collection":[{"href":"https:\/\/fmlax.com\/latanmovil\/wp-json\/wp\/v2\/pages"}],"about":[{"href":"https:\/\/fmlax.com\/latanmovil\/wp-json\/wp\/v2\/types\/page"}],"author":[{"embeddable":true,"href":"https:\/\/fmlax.com\/latanmovil\/wp-json\/wp\/v2\/users\/1"}],"replies":[{"embeddable":true,"href":"https:\/\/fmlax.com\/latanmovil\/wp-json\/wp\/v2\/comments?post=3465"}],"version-history":[{"count":1,"href":"https:\/\/fmlax.com\/latanmovil\/wp-json\/wp\/v2\/pages\/3465\/revisions"}],"predecessor-version":[{"id":3466,"href":"https:\/\/fmlax.com\/latanmovil\/wp-json\/wp\/v2\/pages\/3465\/revisions\/3466"}],"wp:attachment":[{"href":"https:\/\/fmlax.com\/latanmovil\/wp-json\/wp\/v2\/media?parent=3465"}],"curies":[{"name":"wp","href":"https:\/\/api.w.org\/{rel}","templated":true}]}}