{"id":3445,"date":"2025-02-18T12:10:38","date_gmt":"2025-02-18T12:10:38","guid":{"rendered":"https:\/\/fmlax.com\/latanmovil\/?page_id=3445"},"modified":"2025-02-18T12:10:38","modified_gmt":"2025-02-18T12:10:38","slug":"laliga-inside","status":"publish","type":"page","link":"https:\/\/fmlax.com\/latanmovil\/laliga-inside\/","title":{"rendered":"LALIGA Inside"},"content":{"rendered":"\n<p>Vive la&nbsp;<strong>emoci\u00f3n deportiva<\/strong>&nbsp;en vivo y bajo demanda. Accede a la&nbsp;<strong>mejor cobertura online<\/strong>&nbsp;de una amplia variedad de disciplinas deportivas en Espa\u00f1a. Desde&nbsp;<strong>f\u00fatbol<\/strong>&nbsp;y&nbsp;<strong>baloncesto<\/strong>&nbsp;hasta&nbsp;<strong>balonmano<\/strong>,&nbsp;<strong>rugby<\/strong>&nbsp;y&nbsp;<strong>voleibol<\/strong>, LALIGA Inside te ofrece una&nbsp;<strong>experiencia \u00fanica<\/strong>&nbsp;para los verdaderos fan\u00e1ticos del deporte. Sigue a tus&nbsp;<strong>equipos favoritos<\/strong>, descubre&nbsp;<strong>nuevos talentos<\/strong>&nbsp;y disfruta de&nbsp;<strong>contenido exclusivo<\/strong>&nbsp;y&nbsp;<strong>noticias actualizadas<\/strong>. Con LALIGA Inside, podr\u00e1s&nbsp;<strong>vivir cada momento<\/strong>, sin importar d\u00f3nde te encuentres. \u00a1<strong>\u00danete a la acci\u00f3n<\/strong>&nbsp;y s\u00e9 parte de la&nbsp;<strong>comunidad deportiva m\u00e1s apasionada<\/strong>!<\/p>\n\n\n\n<p><strong>Lo tienes disponible en<\/strong><\/p>\n\n\n\n<p>LatamM\u00f3vil Cero B\u00e1sico, LatamM\u00f3vil Cine, LatamM\u00f3vil Cine y Deportes, LatamM\u00f3vil Deportes, LatamM\u00f3vil Premium<\/p>\n\n\n\n<p><\/p>\n","protected":false},"excerpt":{"rendered":"<p>Vive la&nbsp;emoci\u00f3n deportiva&nbsp;en vivo y bajo demanda. Accede a la&nbsp;mejor cobertura online&nbsp;de una amplia variedad de disciplinas deportivas en Espa\u00f1a. Desde&nbsp;f\u00fatbol&nbsp;y&nbsp;baloncesto&nbsp;hasta&nbsp;balonmano,&nbsp;rugby&nbsp;y&nbsp;voleibol, LALIGA Inside te ofrece una&nbsp;experiencia \u00fanica&nbsp;para los verdaderos fan\u00e1ticos del deporte. Sigue a tus&nbsp;equipos favoritos, descubre&nbsp;nuevos talentos&nbsp;y disfruta de&nbsp;contenido exclusivo&nbsp;y&nbsp;noticias actualizadas. Con LALIGA Inside, podr\u00e1s&nbsp;vivir cada momento, sin importar d\u00f3nde te encuentres. \u00a1\u00danete a [&hellip;]<\/p>\n","protected":false},"author":1,"featured_media":0,"parent":0,"menu_order":0,"comment_status":"closed","ping_status":"closed","template":"","meta":{"_uag_custom_page_level_css":"","site-sidebar-layout":"default","site-content-layout":"","ast-site-content-layout":"default","site-content-style":"default","site-sidebar-style":"default","ast-global-header-display":"","ast-banner-title-visibility":"","ast-main-header-display":"","ast-hfb-above-header-display":"","ast-hfb-below-header-display":"","ast-hfb-mobile-header-display":"","site-post-title":"","ast-breadcrumbs-content":"","ast-featured-img":"","footer-sml-layout":"","ast-disable-related-posts":"","theme-transparent-header-meta":"","adv-header-id-meta":"","stick-header-meta":"","header-above-stick-meta":"","header-main-stick-meta":"","header-below-stick-meta":"","astra-migrate-meta-layouts":"set","ast-page-background-enabled":"default","ast-page-background-meta":{"desktop":{"background-color":"","background-image":"","background-repeat":"repeat","background-position":"center center","background-size":"auto","background-attachment":"scroll","background-type":"","background-media":"","overlay-type":"","overlay-color":"","overlay-opacity":"","overlay-gradient":""},"tablet":{"background-color":"","background-image":"","background-repeat":"repeat","background-position":"center center","background-size":"auto","background-attachment":"scroll","background-type":"","background-media":"","overlay-type":"","overlay-color":"","overlay-opacity":"","overlay-gradient":""},"mobile":{"background-color":"","background-image":"","background-repeat":"repeat","background-position":"center center","background-size":"auto","background-attachment":"scroll","background-type":"","background-media":"","overlay-type":"","overlay-color":"","overlay-opacity":"","overlay-gradient":""}},"ast-content-background-meta":{"desktop":{"background-color":"var(--ast-global-color-5)","background-image":"","background-repeat":"repeat","background-position":"center center","background-size":"auto","background-attachment":"scroll","background-type":"","background-media":"","overlay-type":"","overlay-color":"","overlay-opacity":"","overlay-gradient":""},"tablet":{"background-color":"var(--ast-global-color-5)","background-image":"","background-repeat":"repeat","background-position":"center center","background-size":"auto","background-attachment":"scroll","background-type":"","background-media":"","overlay-type":"","overlay-color":"","overlay-opacity":"","overlay-gradient":""},"mobile":{"background-color":"var(--ast-global-color-5)","background-image":"","background-repeat":"repeat","background-position":"center center","background-size":"auto","background-attachment":"scroll","background-type":"","background-media":"","overlay-type":"","overlay-color":"","overlay-opacity":"","overlay-gradient":""}},"footnotes":""},"class_list":["post-3445","page","type-page","status-publish","hentry"],"uagb_featured_image_src":{"full":false,"thumbnail":false,"medium":false,"medium_large":false,"large":false,"1536x1536":false,"2048x2048":false},"uagb_author_info":{"display_name":"admin","author_link":"https:\/\/fmlax.com\/latanmovil\/author\/latammovil\/"},"uagb_comment_info":0,"uagb_excerpt":"Vive la&nbsp;emoci\u00f3n deportiva&nbsp;en vivo y bajo demanda. Accede a la&nbsp;mejor cobertura online&nbsp;de una amplia variedad de disciplinas deportivas en Espa\u00f1a. Desde&nbsp;f\u00fatbol&nbsp;y&nbsp;baloncesto&nbsp;hasta&nbsp;balonmano,&nbsp;rugby&nbsp;y&nbsp;voleibol, LALIGA Inside te ofrece una&nbsp;experiencia \u00fanica&nbsp;para los verdaderos fan\u00e1ticos del deporte. Sigue a tus&nbsp;equipos favoritos, descubre&nbsp;nuevos talentos&nbsp;y disfruta de&nbsp;contenido exclusivo&nbsp;y&nbsp;noticias actualizadas. Con LALIGA Inside, podr\u00e1s&nbsp;vivir cada momento, sin importar d\u00f3nde te encuentres. \u00a1\u00danete a&hellip;","_links":{"self":[{"href":"https:\/\/fmlax.com\/latanmovil\/wp-json\/wp\/v2\/pages\/3445","targetHints":{"allow":["GET"]}}],"collection":[{"href":"https:\/\/fmlax.com\/latanmovil\/wp-json\/wp\/v2\/pages"}],"about":[{"href":"https:\/\/fmlax.com\/latanmovil\/wp-json\/wp\/v2\/types\/page"}],"author":[{"embeddable":true,"href":"https:\/\/fmlax.com\/latanmovil\/wp-json\/wp\/v2\/users\/1"}],"replies":[{"embeddable":true,"href":"https:\/\/fmlax.com\/latanmovil\/wp-json\/wp\/v2\/comments?post=3445"}],"version-history":[{"count":1,"href":"https:\/\/fmlax.com\/latanmovil\/wp-json\/wp\/v2\/pages\/3445\/revisions"}],"predecessor-version":[{"id":3446,"href":"https:\/\/fmlax.com\/latanmovil\/wp-json\/wp\/v2\/pages\/3445\/revisions\/3446"}],"wp:attachment":[{"href":"https:\/\/fmlax.com\/latanmovil\/wp-json\/wp\/v2\/media?parent=3445"}],"curies":[{"name":"wp","href":"https:\/\/api.w.org\/{rel}","templated":true}]}}