{"id":3440,"date":"2025-02-18T12:08:06","date_gmt":"2025-02-18T12:08:06","guid":{"rendered":"https:\/\/fmlax.com\/latanmovil\/?page_id=3440"},"modified":"2025-02-18T12:08:06","modified_gmt":"2025-02-18T12:08:06","slug":"dhipica-tv-channel","status":"publish","type":"page","link":"https:\/\/fmlax.com\/latanmovil\/dhipica-tv-channel\/","title":{"rendered":"Dh\u00edpica TV Channel"},"content":{"rendered":"\n<p>Dh\u00edpica TV Channel es el canal dedicado a los amantes del mundo ecuestre. Sum\u00e9rgete en una programaci\u00f3n exclusiva que abarca desde competiciones y eventos internacionales hasta consejos de entrenamiento y cuidado de caballos. Celebramos la elegancia, la destreza y la pasi\u00f3n del deporte ecuestre, ofreciendo contenido educativo y entretenido para todos los entusiastas, desde jinetes profesionales hasta aficionados. Con Dh\u00edpica TV Channel, vive la emoci\u00f3n y la belleza del universo ecuestre en cada programa.<\/p>\n\n\n\n<p><strong>Lo tienes disponible en<\/strong><\/p>\n\n\n\n<p>LatamM\u00f3vil Cero B\u00e1sico, LatamM\u00f3vilCine, LatamM\u00f3vil Cine y Deportes, LatamM\u00f3vil Deportes, LatamM\u00f3vil Premium<\/p>\n\n\n\n<p><\/p>\n","protected":false},"excerpt":{"rendered":"<p>Dh\u00edpica TV Channel es el canal dedicado a los amantes del mundo ecuestre. Sum\u00e9rgete en una programaci\u00f3n exclusiva que abarca desde competiciones y eventos internacionales hasta consejos de entrenamiento y cuidado de caballos. Celebramos la elegancia, la destreza y la pasi\u00f3n del deporte ecuestre, ofreciendo contenido educativo y entretenido para todos los entusiastas, desde jinetes [&hellip;]<\/p>\n","protected":false},"author":1,"featured_media":0,"parent":0,"menu_order":0,"comment_status":"closed","ping_status":"closed","template":"","meta":{"_uag_custom_page_level_css":"","site-sidebar-layout":"default","site-content-layout":"","ast-site-content-layout":"default","site-content-style":"default","site-sidebar-style":"default","ast-global-header-display":"","ast-banner-title-visibility":"","ast-main-header-display":"","ast-hfb-above-header-display":"","ast-hfb-below-header-display":"","ast-hfb-mobile-header-display":"","site-post-title":"","ast-breadcrumbs-content":"","ast-featured-img":"","footer-sml-layout":"","ast-disable-related-posts":"","theme-transparent-header-meta":"","adv-header-id-meta":"","stick-header-meta":"","header-above-stick-meta":"","header-main-stick-meta":"","header-below-stick-meta":"","astra-migrate-meta-layouts":"set","ast-page-background-enabled":"default","ast-page-background-meta":{"desktop":{"background-color":"","background-image":"","background-repeat":"repeat","background-position":"center center","background-size":"auto","background-attachment":"scroll","background-type":"","background-media":"","overlay-type":"","overlay-color":"","overlay-opacity":"","overlay-gradient":""},"tablet":{"background-color":"","background-image":"","background-repeat":"repeat","background-position":"center center","background-size":"auto","background-attachment":"scroll","background-type":"","background-media":"","overlay-type":"","overlay-color":"","overlay-opacity":"","overlay-gradient":""},"mobile":{"background-color":"","background-image":"","background-repeat":"repeat","background-position":"center center","background-size":"auto","background-attachment":"scroll","background-type":"","background-media":"","overlay-type":"","overlay-color":"","overlay-opacity":"","overlay-gradient":""}},"ast-content-background-meta":{"desktop":{"background-color":"var(--ast-global-color-5)","background-image":"","background-repeat":"repeat","background-position":"center center","background-size":"auto","background-attachment":"scroll","background-type":"","background-media":"","overlay-type":"","overlay-color":"","overlay-opacity":"","overlay-gradient":""},"tablet":{"background-color":"var(--ast-global-color-5)","background-image":"","background-repeat":"repeat","background-position":"center center","background-size":"auto","background-attachment":"scroll","background-type":"","background-media":"","overlay-type":"","overlay-color":"","overlay-opacity":"","overlay-gradient":""},"mobile":{"background-color":"var(--ast-global-color-5)","background-image":"","background-repeat":"repeat","background-position":"center center","background-size":"auto","background-attachment":"scroll","background-type":"","background-media":"","overlay-type":"","overlay-color":"","overlay-opacity":"","overlay-gradient":""}},"footnotes":""},"class_list":["post-3440","page","type-page","status-publish","hentry"],"uagb_featured_image_src":{"full":false,"thumbnail":false,"medium":false,"medium_large":false,"large":false,"1536x1536":false,"2048x2048":false},"uagb_author_info":{"display_name":"admin","author_link":"https:\/\/fmlax.com\/latanmovil\/author\/latammovil\/"},"uagb_comment_info":0,"uagb_excerpt":"Dh\u00edpica TV Channel es el canal dedicado a los amantes del mundo ecuestre. Sum\u00e9rgete en una programaci\u00f3n exclusiva que abarca desde competiciones y eventos internacionales hasta consejos de entrenamiento y cuidado de caballos. Celebramos la elegancia, la destreza y la pasi\u00f3n del deporte ecuestre, ofreciendo contenido educativo y entretenido para todos los entusiastas, desde jinetes&hellip;","_links":{"self":[{"href":"https:\/\/fmlax.com\/latanmovil\/wp-json\/wp\/v2\/pages\/3440","targetHints":{"allow":["GET"]}}],"collection":[{"href":"https:\/\/fmlax.com\/latanmovil\/wp-json\/wp\/v2\/pages"}],"about":[{"href":"https:\/\/fmlax.com\/latanmovil\/wp-json\/wp\/v2\/types\/page"}],"author":[{"embeddable":true,"href":"https:\/\/fmlax.com\/latanmovil\/wp-json\/wp\/v2\/users\/1"}],"replies":[{"embeddable":true,"href":"https:\/\/fmlax.com\/latanmovil\/wp-json\/wp\/v2\/comments?post=3440"}],"version-history":[{"count":1,"href":"https:\/\/fmlax.com\/latanmovil\/wp-json\/wp\/v2\/pages\/3440\/revisions"}],"predecessor-version":[{"id":3441,"href":"https:\/\/fmlax.com\/latanmovil\/wp-json\/wp\/v2\/pages\/3440\/revisions\/3441"}],"wp:attachment":[{"href":"https:\/\/fmlax.com\/latanmovil\/wp-json\/wp\/v2\/media?parent=3440"}],"curies":[{"name":"wp","href":"https:\/\/api.w.org\/{rel}","templated":true}]}}