{"id":3435,"date":"2025-02-18T12:05:56","date_gmt":"2025-02-18T12:05:56","guid":{"rendered":"https:\/\/fmlax.com\/latanmovil\/?page_id=3435"},"modified":"2025-02-18T12:05:56","modified_gmt":"2025-02-18T12:05:56","slug":"horse-tv-hd","status":"publish","type":"page","link":"https:\/\/fmlax.com\/latanmovil\/horse-tv-hd\/","title":{"rendered":"Horse TV HD"},"content":{"rendered":"\n<p>Horse TV atiende a la comunidad ecuestre y a los entusiastas de los caballos, ofreciendo una cobertura sin igual de todo lo relacionado con el mundo equino. Con Horse TV, puedes disfrutar de:<\/p>\n\n\n\n<p>&#8211; Eventos ecuestres en vivo: Cobertura de saltos, doma, carreras de caballos y m\u00e1s de todo el mundo.<\/p>\n\n\n\n<p>&#8211; Entrenamiento y cuidado: Consejos de expertos y contenido instructivo sobre el cuidado de caballos, t\u00e9cnicas de entrenamiento y la condici\u00f3n f\u00edsica del jinete.<\/p>\n\n\n\n<p>&#8211; Programas de estilo de vida: Shows que exploran la rica cultura e historia del mundo ecuestre, desde caballos legendarios hasta jinetes famosos.<\/p>\n\n\n\n<p>&#8211; Programaci\u00f3n para j\u00f3venes y familias: Contenido atractivo dise\u00f1ado para j\u00f3venes jinetes y familias que comparten el amor por los caballos.<\/p>\n\n\n\n<p><strong>Lo tienes disponible en<\/strong><\/p>\n\n\n\n<p>LatamM\u00f3vil Cero B\u00e1sico, LatamM\u00f3vil Cine, LatamM\u00f3vil  Cine y Deportes, Mas<\/p>\n\n\n\n<p><\/p>\n","protected":false},"excerpt":{"rendered":"<p>Horse TV atiende a la comunidad ecuestre y a los entusiastas de los caballos, ofreciendo una cobertura sin igual de todo lo relacionado con el mundo equino. Con Horse TV, puedes disfrutar de: &#8211; Eventos ecuestres en vivo: Cobertura de saltos, doma, carreras de caballos y m\u00e1s de todo el mundo. &#8211; Entrenamiento y cuidado: [&hellip;]<\/p>\n","protected":false},"author":1,"featured_media":0,"parent":0,"menu_order":0,"comment_status":"closed","ping_status":"closed","template":"","meta":{"_uag_custom_page_level_css":"","site-sidebar-layout":"default","site-content-layout":"","ast-site-content-layout":"default","site-content-style":"default","site-sidebar-style":"default","ast-global-header-display":"","ast-banner-title-visibility":"","ast-main-header-display":"","ast-hfb-above-header-display":"","ast-hfb-below-header-display":"","ast-hfb-mobile-header-display":"","site-post-title":"","ast-breadcrumbs-content":"","ast-featured-img":"","footer-sml-layout":"","ast-disable-related-posts":"","theme-transparent-header-meta":"","adv-header-id-meta":"","stick-header-meta":"","header-above-stick-meta":"","header-main-stick-meta":"","header-below-stick-meta":"","astra-migrate-meta-layouts":"set","ast-page-background-enabled":"default","ast-page-background-meta":{"desktop":{"background-color":"","background-image":"","background-repeat":"repeat","background-position":"center center","background-size":"auto","background-attachment":"scroll","background-type":"","background-media":"","overlay-type":"","overlay-color":"","overlay-opacity":"","overlay-gradient":""},"tablet":{"background-color":"","background-image":"","background-repeat":"repeat","background-position":"center center","background-size":"auto","background-attachment":"scroll","background-type":"","background-media":"","overlay-type":"","overlay-color":"","overlay-opacity":"","overlay-gradient":""},"mobile":{"background-color":"","background-image":"","background-repeat":"repeat","background-position":"center center","background-size":"auto","background-attachment":"scroll","background-type":"","background-media":"","overlay-type":"","overlay-color":"","overlay-opacity":"","overlay-gradient":""}},"ast-content-background-meta":{"desktop":{"background-color":"var(--ast-global-color-5)","background-image":"","background-repeat":"repeat","background-position":"center center","background-size":"auto","background-attachment":"scroll","background-type":"","background-media":"","overlay-type":"","overlay-color":"","overlay-opacity":"","overlay-gradient":""},"tablet":{"background-color":"var(--ast-global-color-5)","background-image":"","background-repeat":"repeat","background-position":"center center","background-size":"auto","background-attachment":"scroll","background-type":"","background-media":"","overlay-type":"","overlay-color":"","overlay-opacity":"","overlay-gradient":""},"mobile":{"background-color":"var(--ast-global-color-5)","background-image":"","background-repeat":"repeat","background-position":"center center","background-size":"auto","background-attachment":"scroll","background-type":"","background-media":"","overlay-type":"","overlay-color":"","overlay-opacity":"","overlay-gradient":""}},"footnotes":""},"class_list":["post-3435","page","type-page","status-publish","hentry"],"uagb_featured_image_src":{"full":false,"thumbnail":false,"medium":false,"medium_large":false,"large":false,"1536x1536":false,"2048x2048":false},"uagb_author_info":{"display_name":"admin","author_link":"https:\/\/fmlax.com\/latanmovil\/author\/latammovil\/"},"uagb_comment_info":0,"uagb_excerpt":"Horse TV atiende a la comunidad ecuestre y a los entusiastas de los caballos, ofreciendo una cobertura sin igual de todo lo relacionado con el mundo equino. Con Horse TV, puedes disfrutar de: &#8211; Eventos ecuestres en vivo: Cobertura de saltos, doma, carreras de caballos y m\u00e1s de todo el mundo. &#8211; Entrenamiento y cuidado:&hellip;","_links":{"self":[{"href":"https:\/\/fmlax.com\/latanmovil\/wp-json\/wp\/v2\/pages\/3435","targetHints":{"allow":["GET"]}}],"collection":[{"href":"https:\/\/fmlax.com\/latanmovil\/wp-json\/wp\/v2\/pages"}],"about":[{"href":"https:\/\/fmlax.com\/latanmovil\/wp-json\/wp\/v2\/types\/page"}],"author":[{"embeddable":true,"href":"https:\/\/fmlax.com\/latanmovil\/wp-json\/wp\/v2\/users\/1"}],"replies":[{"embeddable":true,"href":"https:\/\/fmlax.com\/latanmovil\/wp-json\/wp\/v2\/comments?post=3435"}],"version-history":[{"count":1,"href":"https:\/\/fmlax.com\/latanmovil\/wp-json\/wp\/v2\/pages\/3435\/revisions"}],"predecessor-version":[{"id":3436,"href":"https:\/\/fmlax.com\/latanmovil\/wp-json\/wp\/v2\/pages\/3435\/revisions\/3436"}],"wp:attachment":[{"href":"https:\/\/fmlax.com\/latanmovil\/wp-json\/wp\/v2\/media?parent=3435"}],"curies":[{"name":"wp","href":"https:\/\/api.w.org\/{rel}","templated":true}]}}