{"id":3430,"date":"2025-02-18T12:03:38","date_gmt":"2025-02-18T12:03:38","guid":{"rendered":"https:\/\/fmlax.com\/latanmovil\/?page_id=3430"},"modified":"2025-02-18T12:03:38","modified_gmt":"2025-02-18T12:03:38","slug":"iberalia-caza","status":"publish","type":"page","link":"https:\/\/fmlax.com\/latanmovil\/iberalia-caza\/","title":{"rendered":"Iberalia Caza"},"content":{"rendered":"\n<p>Bienvenido a nuestro canal centrado en comunicar las bondades de la caza y su papel determinante en la conservaci\u00f3n y sostenibilidad de la flora y fauna. En Iberalia Caza, nos esforzamos por cuidar la imagen de los cazadores y defender el derecho a cazar seg\u00fan las leyes establecidas.<\/p>\n\n\n\n<p>Nuestra misi\u00f3n es informar y educar sobre los beneficios de la caza responsable y legal, as\u00ed como promover una relaci\u00f3n equilibrada entre los cazadores y el entorno natural. Valoramos la importancia de la gesti\u00f3n adecuada de la fauna cineg\u00e9tica para el equilibrio ecol\u00f3gico y la preservaci\u00f3n de las especies.<\/p>\n\n\n\n<p>En Iberalia Caza, encontrar\u00e1s programas y documentales que resaltan los valores de la caza sostenible, la conservaci\u00f3n del h\u00e1bitat y el respeto por la biodiversidad. Nos enorgullece dar a conocer las buenas pr\u00e1cticas de caza, as\u00ed como el impacto positivo que puede tener en el medio ambiente.<\/p>\n\n\n\n<p>Adem\u00e1s, trabajamos para fomentar el conocimiento y el cumplimiento de las leyes y regulaciones establecidas en Espa\u00f1a, que son fundamentales para garantizar el \u00e9xito en la mejora de la fauna cineg\u00e9tica.<\/p>\n\n\n\n<p>Sintoniza Iberalia Caza y descubre un canal que promueve la caza responsable, la conservaci\u00f3n y la sostenibilidad. \u00danete a nosotros y s\u00e9 parte de la comunidad de cazadores comprometidos con el equilibrio y el bienestar de la flora y fauna. \u00a1En Iberalia Caza, defendemos la caza responsable y su contribuci\u00f3n a la conservaci\u00f3n de nuestra fauna cineg\u00e9tica!<\/p>\n\n\n\n<p><strong>Lo tienes disponible en<\/strong><\/p>\n\n\n\n<p>LatamM\u00f3vil Cine, LatamM\u00f3vil Cine y Deportes, LatamM\u00f3vil Deportes, LatamM\u00f3vil Premium<\/p>\n\n\n\n<p><\/p>\n","protected":false},"excerpt":{"rendered":"<p>Bienvenido a nuestro canal centrado en comunicar las bondades de la caza y su papel determinante en la conservaci\u00f3n y sostenibilidad de la flora y fauna. En Iberalia Caza, nos esforzamos por cuidar la imagen de los cazadores y defender el derecho a cazar seg\u00fan las leyes establecidas. Nuestra misi\u00f3n es informar y educar sobre [&hellip;]<\/p>\n","protected":false},"author":1,"featured_media":0,"parent":0,"menu_order":0,"comment_status":"closed","ping_status":"closed","template":"","meta":{"_uag_custom_page_level_css":"","site-sidebar-layout":"default","site-content-layout":"","ast-site-content-layout":"default","site-content-style":"default","site-sidebar-style":"default","ast-global-header-display":"","ast-banner-title-visibility":"","ast-main-header-display":"","ast-hfb-above-header-display":"","ast-hfb-below-header-display":"","ast-hfb-mobile-header-display":"","site-post-title":"","ast-breadcrumbs-content":"","ast-featured-img":"","footer-sml-layout":"","ast-disable-related-posts":"","theme-transparent-header-meta":"","adv-header-id-meta":"","stick-header-meta":"","header-above-stick-meta":"","header-main-stick-meta":"","header-below-stick-meta":"","astra-migrate-meta-layouts":"set","ast-page-background-enabled":"default","ast-page-background-meta":{"desktop":{"background-color":"","background-image":"","background-repeat":"repeat","background-position":"center center","background-size":"auto","background-attachment":"scroll","background-type":"","background-media":"","overlay-type":"","overlay-color":"","overlay-opacity":"","overlay-gradient":""},"tablet":{"background-color":"","background-image":"","background-repeat":"repeat","background-position":"center center","background-size":"auto","background-attachment":"scroll","background-type":"","background-media":"","overlay-type":"","overlay-color":"","overlay-opacity":"","overlay-gradient":""},"mobile":{"background-color":"","background-image":"","background-repeat":"repeat","background-position":"center center","background-size":"auto","background-attachment":"scroll","background-type":"","background-media":"","overlay-type":"","overlay-color":"","overlay-opacity":"","overlay-gradient":""}},"ast-content-background-meta":{"desktop":{"background-color":"var(--ast-global-color-5)","background-image":"","background-repeat":"repeat","background-position":"center center","background-size":"auto","background-attachment":"scroll","background-type":"","background-media":"","overlay-type":"","overlay-color":"","overlay-opacity":"","overlay-gradient":""},"tablet":{"background-color":"var(--ast-global-color-5)","background-image":"","background-repeat":"repeat","background-position":"center center","background-size":"auto","background-attachment":"scroll","background-type":"","background-media":"","overlay-type":"","overlay-color":"","overlay-opacity":"","overlay-gradient":""},"mobile":{"background-color":"var(--ast-global-color-5)","background-image":"","background-repeat":"repeat","background-position":"center center","background-size":"auto","background-attachment":"scroll","background-type":"","background-media":"","overlay-type":"","overlay-color":"","overlay-opacity":"","overlay-gradient":""}},"footnotes":""},"class_list":["post-3430","page","type-page","status-publish","hentry"],"uagb_featured_image_src":{"full":false,"thumbnail":false,"medium":false,"medium_large":false,"large":false,"1536x1536":false,"2048x2048":false},"uagb_author_info":{"display_name":"admin","author_link":"https:\/\/fmlax.com\/latanmovil\/author\/latammovil\/"},"uagb_comment_info":0,"uagb_excerpt":"Bienvenido a nuestro canal centrado en comunicar las bondades de la caza y su papel determinante en la conservaci\u00f3n y sostenibilidad de la flora y fauna. En Iberalia Caza, nos esforzamos por cuidar la imagen de los cazadores y defender el derecho a cazar seg\u00fan las leyes establecidas. Nuestra misi\u00f3n es informar y educar sobre&hellip;","_links":{"self":[{"href":"https:\/\/fmlax.com\/latanmovil\/wp-json\/wp\/v2\/pages\/3430","targetHints":{"allow":["GET"]}}],"collection":[{"href":"https:\/\/fmlax.com\/latanmovil\/wp-json\/wp\/v2\/pages"}],"about":[{"href":"https:\/\/fmlax.com\/latanmovil\/wp-json\/wp\/v2\/types\/page"}],"author":[{"embeddable":true,"href":"https:\/\/fmlax.com\/latanmovil\/wp-json\/wp\/v2\/users\/1"}],"replies":[{"embeddable":true,"href":"https:\/\/fmlax.com\/latanmovil\/wp-json\/wp\/v2\/comments?post=3430"}],"version-history":[{"count":1,"href":"https:\/\/fmlax.com\/latanmovil\/wp-json\/wp\/v2\/pages\/3430\/revisions"}],"predecessor-version":[{"id":3431,"href":"https:\/\/fmlax.com\/latanmovil\/wp-json\/wp\/v2\/pages\/3430\/revisions\/3431"}],"wp:attachment":[{"href":"https:\/\/fmlax.com\/latanmovil\/wp-json\/wp\/v2\/media?parent=3430"}],"curies":[{"name":"wp","href":"https:\/\/api.w.org\/{rel}","templated":true}]}}