{"id":3425,"date":"2025-02-18T12:00:11","date_gmt":"2025-02-18T12:00:11","guid":{"rendered":"https:\/\/fmlax.com\/latanmovil\/?page_id=3425"},"modified":"2025-02-18T12:00:11","modified_gmt":"2025-02-18T12:00:11","slug":"iberalia-pesca","status":"publish","type":"page","link":"https:\/\/fmlax.com\/latanmovil\/iberalia-pesca\/","title":{"rendered":"Iberalia Pesca"},"content":{"rendered":"\n<p>Iberalia Pesca es un canal dedicado exclusivamente a la pesca, con un enfoque en comunicar las bondades de este deporte y su contribuci\u00f3n a la conservaci\u00f3n y sostenibilidad de la flora y fauna. Nos preocupamos por cuidar la imagen de los pescadores y defendemos su derecho a pescar dentro de las leyes establecidas, las cuales son determinantes para el \u00e9xito en la mejora de la fauna cineg\u00e9tica en Espa\u00f1a.<\/p>\n\n\n\n<p>En Iberalia Pesca, nos esforzamos por brindar contenido que resalte los aspectos positivos de la pesca, promoviendo pr\u00e1cticas responsables y respetuosas con el medio ambiente. Nuestra programaci\u00f3n incluye programas de pesca en diferentes entornos y modalidades, as\u00ed como consejos \u00fatiles, t\u00e9cnicas de pesca, an\u00e1lisis de equipo y destinos de pesca destacados.<\/p>\n\n\n\n<p>Adem\u00e1s de proporcionar entretenimiento para los amantes de la pesca, tambi\u00e9n buscamos educar y concienciar sobre la importancia de la conservaci\u00f3n de los ecosistemas acu\u00e1ticos y el equilibrio en la fauna cineg\u00e9tica. Valoramos el papel que desempe\u00f1an los pescadores en la preservaci\u00f3n de los recursos naturales y nos esforzamos por transmitir ese mensaje a nuestra audiencia.<\/p>\n\n\n\n<p>Sintoniza Iberalia Pesca y disfruta de programas apasionantes que te sumergir\u00e1n en el mundo de la pesca, al tiempo que promovemos su pr\u00e1ctica responsable y sostenible. Defendemos el derecho a pescar dentro de los l\u00edmites establecidos y creemos en la importancia de mantener un equilibrio entre el deporte y la conservaci\u00f3n de la naturaleza. \u00a1Iberalia Pesca, tu canal de referencia para los amantes de la pesca!<\/p>\n\n\n\n<p><strong>Lo tienes disponible en<\/strong><\/p>\n\n\n\n<p>LatamM\u00f3vil Cine, LatamM\u00f3vil Cine y Deportes, LatamM\u00f3vil Deportes, LatamM\u00f3vil Premium<\/p>\n\n\n\n<p><\/p>\n","protected":false},"excerpt":{"rendered":"<p>Iberalia Pesca es un canal dedicado exclusivamente a la pesca, con un enfoque en comunicar las bondades de este deporte y su contribuci\u00f3n a la conservaci\u00f3n y sostenibilidad de la flora y fauna. Nos preocupamos por cuidar la imagen de los pescadores y defendemos su derecho a pescar dentro de las leyes establecidas, las cuales [&hellip;]<\/p>\n","protected":false},"author":1,"featured_media":0,"parent":0,"menu_order":0,"comment_status":"closed","ping_status":"closed","template":"","meta":{"_uag_custom_page_level_css":"","site-sidebar-layout":"default","site-content-layout":"","ast-site-content-layout":"default","site-content-style":"default","site-sidebar-style":"default","ast-global-header-display":"","ast-banner-title-visibility":"","ast-main-header-display":"","ast-hfb-above-header-display":"","ast-hfb-below-header-display":"","ast-hfb-mobile-header-display":"","site-post-title":"","ast-breadcrumbs-content":"","ast-featured-img":"","footer-sml-layout":"","ast-disable-related-posts":"","theme-transparent-header-meta":"","adv-header-id-meta":"","stick-header-meta":"","header-above-stick-meta":"","header-main-stick-meta":"","header-below-stick-meta":"","astra-migrate-meta-layouts":"set","ast-page-background-enabled":"default","ast-page-background-meta":{"desktop":{"background-color":"","background-image":"","background-repeat":"repeat","background-position":"center center","background-size":"auto","background-attachment":"scroll","background-type":"","background-media":"","overlay-type":"","overlay-color":"","overlay-opacity":"","overlay-gradient":""},"tablet":{"background-color":"","background-image":"","background-repeat":"repeat","background-position":"center center","background-size":"auto","background-attachment":"scroll","background-type":"","background-media":"","overlay-type":"","overlay-color":"","overlay-opacity":"","overlay-gradient":""},"mobile":{"background-color":"","background-image":"","background-repeat":"repeat","background-position":"center center","background-size":"auto","background-attachment":"scroll","background-type":"","background-media":"","overlay-type":"","overlay-color":"","overlay-opacity":"","overlay-gradient":""}},"ast-content-background-meta":{"desktop":{"background-color":"var(--ast-global-color-5)","background-image":"","background-repeat":"repeat","background-position":"center center","background-size":"auto","background-attachment":"scroll","background-type":"","background-media":"","overlay-type":"","overlay-color":"","overlay-opacity":"","overlay-gradient":""},"tablet":{"background-color":"var(--ast-global-color-5)","background-image":"","background-repeat":"repeat","background-position":"center center","background-size":"auto","background-attachment":"scroll","background-type":"","background-media":"","overlay-type":"","overlay-color":"","overlay-opacity":"","overlay-gradient":""},"mobile":{"background-color":"var(--ast-global-color-5)","background-image":"","background-repeat":"repeat","background-position":"center center","background-size":"auto","background-attachment":"scroll","background-type":"","background-media":"","overlay-type":"","overlay-color":"","overlay-opacity":"","overlay-gradient":""}},"footnotes":""},"class_list":["post-3425","page","type-page","status-publish","hentry"],"uagb_featured_image_src":{"full":false,"thumbnail":false,"medium":false,"medium_large":false,"large":false,"1536x1536":false,"2048x2048":false},"uagb_author_info":{"display_name":"admin","author_link":"https:\/\/fmlax.com\/latanmovil\/author\/latammovil\/"},"uagb_comment_info":0,"uagb_excerpt":"Iberalia Pesca es un canal dedicado exclusivamente a la pesca, con un enfoque en comunicar las bondades de este deporte y su contribuci\u00f3n a la conservaci\u00f3n y sostenibilidad de la flora y fauna. Nos preocupamos por cuidar la imagen de los pescadores y defendemos su derecho a pescar dentro de las leyes establecidas, las cuales&hellip;","_links":{"self":[{"href":"https:\/\/fmlax.com\/latanmovil\/wp-json\/wp\/v2\/pages\/3425","targetHints":{"allow":["GET"]}}],"collection":[{"href":"https:\/\/fmlax.com\/latanmovil\/wp-json\/wp\/v2\/pages"}],"about":[{"href":"https:\/\/fmlax.com\/latanmovil\/wp-json\/wp\/v2\/types\/page"}],"author":[{"embeddable":true,"href":"https:\/\/fmlax.com\/latanmovil\/wp-json\/wp\/v2\/users\/1"}],"replies":[{"embeddable":true,"href":"https:\/\/fmlax.com\/latanmovil\/wp-json\/wp\/v2\/comments?post=3425"}],"version-history":[{"count":1,"href":"https:\/\/fmlax.com\/latanmovil\/wp-json\/wp\/v2\/pages\/3425\/revisions"}],"predecessor-version":[{"id":3426,"href":"https:\/\/fmlax.com\/latanmovil\/wp-json\/wp\/v2\/pages\/3425\/revisions\/3426"}],"wp:attachment":[{"href":"https:\/\/fmlax.com\/latanmovil\/wp-json\/wp\/v2\/media?parent=3425"}],"curies":[{"name":"wp","href":"https:\/\/api.w.org\/{rel}","templated":true}]}}