{"id":3420,"date":"2025-02-18T11:54:49","date_gmt":"2025-02-18T11:54:49","guid":{"rendered":"https:\/\/fmlax.com\/latanmovil\/?page_id=3420"},"modified":"2025-02-18T11:54:49","modified_gmt":"2025-02-18T11:54:49","slug":"cazavision","status":"publish","type":"page","link":"https:\/\/fmlax.com\/latanmovil\/cazavision\/","title":{"rendered":"Cazavisi\u00f3n"},"content":{"rendered":"\n<p>Cazavision: Bienvenido al \u00fanico canal de televisi\u00f3n exclusivo de caza. En Cazavision, nos dedicamos por completo a brindarte contenido relacionado con la caza las 24 horas del d\u00eda, los 365 d\u00edas del a\u00f1o.<\/p>\n\n\n\n<p>Nuestra programaci\u00f3n est\u00e1 dise\u00f1ada para apasionados de la caza, ofreciendo una amplia variedad de programas, documentales y estrenos diarios que te sorprender\u00e1n. Valoramos la pasi\u00f3n y el respeto por la naturaleza, promoviendo una caza responsable y sostenible.<\/p>\n\n\n\n<p>En Cazavision, encontrar\u00e1s emocionantes aventuras de caza, informaci\u00f3n sobre t\u00e9cnicas, consejos y recomendaciones de expertos en el campo, as\u00ed como una visi\u00f3n completa de la vida silvestre y la conservaci\u00f3n de los ecosistemas.<\/p>\n\n\n\n<p>Nos enorgullece ser el canal que te mantendr\u00e1 conectado con tu pasi\u00f3n por la caza. Estamos comprometidos en ofrecerte una experiencia televisiva inigualable, donde podr\u00e1s disfrutar de contenido exclusivo y emocionante.<\/p>\n\n\n\n<p>Sintoniza Cazavision y d\u00e9jate sorprender por nuestra programaci\u00f3n dedicada a la caza. Descubre nuevas t\u00e9cnicas, comparte experiencias con otros cazadores y mantente al tanto de las \u00faltimas novedades en el mundo cineg\u00e9tico. \u00a1\u00danete a nosotros en Cazavision y vive la pasi\u00f3n de la caza de una manera \u00fanica y emocionante!<\/p>\n\n\n\n<p><strong>Lo tienes disponible en<\/strong><\/p>\n\n\n\n<p>LatamM\u00f3vil Cine y Deportes, LatamM\u00f3vil Deportes, LatamM\u00f3vil Premium<\/p>\n\n\n\n<p><\/p>\n","protected":false},"excerpt":{"rendered":"<p>Cazavision: Bienvenido al \u00fanico canal de televisi\u00f3n exclusivo de caza. En Cazavision, nos dedicamos por completo a brindarte contenido relacionado con la caza las 24 horas del d\u00eda, los 365 d\u00edas del a\u00f1o. Nuestra programaci\u00f3n est\u00e1 dise\u00f1ada para apasionados de la caza, ofreciendo una amplia variedad de programas, documentales y estrenos diarios que te sorprender\u00e1n. [&hellip;]<\/p>\n","protected":false},"author":1,"featured_media":0,"parent":0,"menu_order":0,"comment_status":"closed","ping_status":"closed","template":"","meta":{"_uag_custom_page_level_css":"","site-sidebar-layout":"default","site-content-layout":"","ast-site-content-layout":"default","site-content-style":"default","site-sidebar-style":"default","ast-global-header-display":"","ast-banner-title-visibility":"","ast-main-header-display":"","ast-hfb-above-header-display":"","ast-hfb-below-header-display":"","ast-hfb-mobile-header-display":"","site-post-title":"","ast-breadcrumbs-content":"","ast-featured-img":"","footer-sml-layout":"","ast-disable-related-posts":"","theme-transparent-header-meta":"","adv-header-id-meta":"","stick-header-meta":"","header-above-stick-meta":"","header-main-stick-meta":"","header-below-stick-meta":"","astra-migrate-meta-layouts":"set","ast-page-background-enabled":"default","ast-page-background-meta":{"desktop":{"background-color":"","background-image":"","background-repeat":"repeat","background-position":"center center","background-size":"auto","background-attachment":"scroll","background-type":"","background-media":"","overlay-type":"","overlay-color":"","overlay-opacity":"","overlay-gradient":""},"tablet":{"background-color":"","background-image":"","background-repeat":"repeat","background-position":"center center","background-size":"auto","background-attachment":"scroll","background-type":"","background-media":"","overlay-type":"","overlay-color":"","overlay-opacity":"","overlay-gradient":""},"mobile":{"background-color":"","background-image":"","background-repeat":"repeat","background-position":"center center","background-size":"auto","background-attachment":"scroll","background-type":"","background-media":"","overlay-type":"","overlay-color":"","overlay-opacity":"","overlay-gradient":""}},"ast-content-background-meta":{"desktop":{"background-color":"var(--ast-global-color-5)","background-image":"","background-repeat":"repeat","background-position":"center center","background-size":"auto","background-attachment":"scroll","background-type":"","background-media":"","overlay-type":"","overlay-color":"","overlay-opacity":"","overlay-gradient":""},"tablet":{"background-color":"var(--ast-global-color-5)","background-image":"","background-repeat":"repeat","background-position":"center center","background-size":"auto","background-attachment":"scroll","background-type":"","background-media":"","overlay-type":"","overlay-color":"","overlay-opacity":"","overlay-gradient":""},"mobile":{"background-color":"var(--ast-global-color-5)","background-image":"","background-repeat":"repeat","background-position":"center center","background-size":"auto","background-attachment":"scroll","background-type":"","background-media":"","overlay-type":"","overlay-color":"","overlay-opacity":"","overlay-gradient":""}},"footnotes":""},"class_list":["post-3420","page","type-page","status-publish","hentry"],"uagb_featured_image_src":{"full":false,"thumbnail":false,"medium":false,"medium_large":false,"large":false,"1536x1536":false,"2048x2048":false},"uagb_author_info":{"display_name":"admin","author_link":"https:\/\/fmlax.com\/latanmovil\/author\/latammovil\/"},"uagb_comment_info":0,"uagb_excerpt":"Cazavision: Bienvenido al \u00fanico canal de televisi\u00f3n exclusivo de caza. En Cazavision, nos dedicamos por completo a brindarte contenido relacionado con la caza las 24 horas del d\u00eda, los 365 d\u00edas del a\u00f1o. Nuestra programaci\u00f3n est\u00e1 dise\u00f1ada para apasionados de la caza, ofreciendo una amplia variedad de programas, documentales y estrenos diarios que te sorprender\u00e1n.&hellip;","_links":{"self":[{"href":"https:\/\/fmlax.com\/latanmovil\/wp-json\/wp\/v2\/pages\/3420","targetHints":{"allow":["GET"]}}],"collection":[{"href":"https:\/\/fmlax.com\/latanmovil\/wp-json\/wp\/v2\/pages"}],"about":[{"href":"https:\/\/fmlax.com\/latanmovil\/wp-json\/wp\/v2\/types\/page"}],"author":[{"embeddable":true,"href":"https:\/\/fmlax.com\/latanmovil\/wp-json\/wp\/v2\/users\/1"}],"replies":[{"embeddable":true,"href":"https:\/\/fmlax.com\/latanmovil\/wp-json\/wp\/v2\/comments?post=3420"}],"version-history":[{"count":1,"href":"https:\/\/fmlax.com\/latanmovil\/wp-json\/wp\/v2\/pages\/3420\/revisions"}],"predecessor-version":[{"id":3421,"href":"https:\/\/fmlax.com\/latanmovil\/wp-json\/wp\/v2\/pages\/3420\/revisions\/3421"}],"wp:attachment":[{"href":"https:\/\/fmlax.com\/latanmovil\/wp-json\/wp\/v2\/media?parent=3420"}],"curies":[{"name":"wp","href":"https:\/\/api.w.org\/{rel}","templated":true}]}}