{"id":3415,"date":"2025-02-18T11:52:59","date_gmt":"2025-02-18T11:52:59","guid":{"rendered":"https:\/\/fmlax.com\/latanmovil\/?page_id=3415"},"modified":"2025-02-18T11:52:59","modified_gmt":"2025-02-18T11:52:59","slug":"sarrion-tv","status":"publish","type":"page","link":"https:\/\/fmlax.com\/latanmovil\/sarrion-tv\/","title":{"rendered":"Sarrion TV"},"content":{"rendered":"\n<p>Sarrion TV es tu canal dedicado a la emoci\u00f3n y tradici\u00f3n de los toros en Sarri\u00f3n. Celebramos la rica herencia taurina de nuestra regi\u00f3n, ofreciendo una programaci\u00f3n que captura la adrenalina de las corridas, las festividades locales y las costumbres arraigadas en nuestra comunidad. Desde eventos en vivo hasta documentales y entrevistas exclusivas, Sarrion TV es el punto de encuentro para los amantes de la tauromaquia y las tradiciones sarrianenses. Vive la pasi\u00f3n, siente la cultura y disfruta del aut\u00e9ntico esp\u00edritu de Sarri\u00f3n con nosotros.<\/p>\n\n\n\n<p><strong>Lo tienes disponible en<\/strong><\/p>\n\n\n\n<p>LatamM\u00f3vil Cero B\u00e1sico, LatamM\u00f3vil Cine, LatamM\u00f3vil Cine y Deportes, LatamM\u00f3vil Deportes, LatamM\u00f3vil Premium<\/p>\n","protected":false},"excerpt":{"rendered":"<p>Sarrion TV es tu canal dedicado a la emoci\u00f3n y tradici\u00f3n de los toros en Sarri\u00f3n. Celebramos la rica herencia taurina de nuestra regi\u00f3n, ofreciendo una programaci\u00f3n que captura la adrenalina de las corridas, las festividades locales y las costumbres arraigadas en nuestra comunidad. Desde eventos en vivo hasta documentales y entrevistas exclusivas, Sarrion TV [&hellip;]<\/p>\n","protected":false},"author":1,"featured_media":0,"parent":0,"menu_order":0,"comment_status":"closed","ping_status":"closed","template":"","meta":{"_uag_custom_page_level_css":"","site-sidebar-layout":"default","site-content-layout":"","ast-site-content-layout":"default","site-content-style":"default","site-sidebar-style":"default","ast-global-header-display":"","ast-banner-title-visibility":"","ast-main-header-display":"","ast-hfb-above-header-display":"","ast-hfb-below-header-display":"","ast-hfb-mobile-header-display":"","site-post-title":"","ast-breadcrumbs-content":"","ast-featured-img":"","footer-sml-layout":"","ast-disable-related-posts":"","theme-transparent-header-meta":"","adv-header-id-meta":"","stick-header-meta":"","header-above-stick-meta":"","header-main-stick-meta":"","header-below-stick-meta":"","astra-migrate-meta-layouts":"set","ast-page-background-enabled":"default","ast-page-background-meta":{"desktop":{"background-color":"","background-image":"","background-repeat":"repeat","background-position":"center center","background-size":"auto","background-attachment":"scroll","background-type":"","background-media":"","overlay-type":"","overlay-color":"","overlay-opacity":"","overlay-gradient":""},"tablet":{"background-color":"","background-image":"","background-repeat":"repeat","background-position":"center center","background-size":"auto","background-attachment":"scroll","background-type":"","background-media":"","overlay-type":"","overlay-color":"","overlay-opacity":"","overlay-gradient":""},"mobile":{"background-color":"","background-image":"","background-repeat":"repeat","background-position":"center center","background-size":"auto","background-attachment":"scroll","background-type":"","background-media":"","overlay-type":"","overlay-color":"","overlay-opacity":"","overlay-gradient":""}},"ast-content-background-meta":{"desktop":{"background-color":"var(--ast-global-color-5)","background-image":"","background-repeat":"repeat","background-position":"center center","background-size":"auto","background-attachment":"scroll","background-type":"","background-media":"","overlay-type":"","overlay-color":"","overlay-opacity":"","overlay-gradient":""},"tablet":{"background-color":"var(--ast-global-color-5)","background-image":"","background-repeat":"repeat","background-position":"center center","background-size":"auto","background-attachment":"scroll","background-type":"","background-media":"","overlay-type":"","overlay-color":"","overlay-opacity":"","overlay-gradient":""},"mobile":{"background-color":"var(--ast-global-color-5)","background-image":"","background-repeat":"repeat","background-position":"center center","background-size":"auto","background-attachment":"scroll","background-type":"","background-media":"","overlay-type":"","overlay-color":"","overlay-opacity":"","overlay-gradient":""}},"footnotes":""},"class_list":["post-3415","page","type-page","status-publish","hentry"],"uagb_featured_image_src":{"full":false,"thumbnail":false,"medium":false,"medium_large":false,"large":false,"1536x1536":false,"2048x2048":false},"uagb_author_info":{"display_name":"admin","author_link":"https:\/\/fmlax.com\/latanmovil\/author\/latammovil\/"},"uagb_comment_info":0,"uagb_excerpt":"Sarrion TV es tu canal dedicado a la emoci\u00f3n y tradici\u00f3n de los toros en Sarri\u00f3n. Celebramos la rica herencia taurina de nuestra regi\u00f3n, ofreciendo una programaci\u00f3n que captura la adrenalina de las corridas, las festividades locales y las costumbres arraigadas en nuestra comunidad. Desde eventos en vivo hasta documentales y entrevistas exclusivas, Sarrion TV&hellip;","_links":{"self":[{"href":"https:\/\/fmlax.com\/latanmovil\/wp-json\/wp\/v2\/pages\/3415","targetHints":{"allow":["GET"]}}],"collection":[{"href":"https:\/\/fmlax.com\/latanmovil\/wp-json\/wp\/v2\/pages"}],"about":[{"href":"https:\/\/fmlax.com\/latanmovil\/wp-json\/wp\/v2\/types\/page"}],"author":[{"embeddable":true,"href":"https:\/\/fmlax.com\/latanmovil\/wp-json\/wp\/v2\/users\/1"}],"replies":[{"embeddable":true,"href":"https:\/\/fmlax.com\/latanmovil\/wp-json\/wp\/v2\/comments?post=3415"}],"version-history":[{"count":1,"href":"https:\/\/fmlax.com\/latanmovil\/wp-json\/wp\/v2\/pages\/3415\/revisions"}],"predecessor-version":[{"id":3416,"href":"https:\/\/fmlax.com\/latanmovil\/wp-json\/wp\/v2\/pages\/3415\/revisions\/3416"}],"wp:attachment":[{"href":"https:\/\/fmlax.com\/latanmovil\/wp-json\/wp\/v2\/media?parent=3415"}],"curies":[{"name":"wp","href":"https:\/\/api.w.org\/{rel}","templated":true}]}}