{"id":3395,"date":"2025-02-18T11:19:24","date_gmt":"2025-02-18T11:19:24","guid":{"rendered":"https:\/\/fmlax.com\/latanmovil\/?page_id=3395"},"modified":"2025-02-18T11:19:24","modified_gmt":"2025-02-18T11:19:24","slug":"7tv-granada","status":"publish","type":"page","link":"https:\/\/fmlax.com\/latanmovil\/7tv-granada\/","title":{"rendered":"7TV Granada"},"content":{"rendered":"\n<p>Publicaciones del Sur SA: Gestiona 7 Granada es un proyecto de comunicaci\u00f3n creado en Andaluc\u00eda con el objetivo fundamental de realzar la informaci\u00f3n local. Nos dedicamos a brindar una cobertura completa de los acontecimientos y noticias m\u00e1s relevantes de la regi\u00f3n de Granada.<\/p>\n\n\n\n<p>Nuestro enfoque se centra en resaltar la importancia de la informaci\u00f3n local, brindando a nuestros lectores y audiencia una visi\u00f3n detallada de los sucesos y acontecimientos que ocurren en su comunidad. Nos esforzamos por ser una fuente confiable y cercana, proporcionando una perspectiva \u00fanica sobre los temas que impactan la vida de los habitantes de Granada.<\/p>\n\n\n\n<p>En Publicaciones del Sur SA: Gestiona 7 Granada, valoramos la diversidad y la riqueza cultural de nuestra regi\u00f3n. Nos comprometemos a dar voz a los protagonistas locales y destacar las historias que hacen de Granada un lugar especial.<\/p>\n\n\n\n<p>Adem\u00e1s de la informaci\u00f3n local, tambi\u00e9n ofrecemos una amplia variedad de contenidos que incluyen cultura, entretenimiento, deportes y mucho m\u00e1s. Nuestro objetivo es mantener a nuestros lectores y audiencia informados, entretenidos y conectados con la vida de su comunidad.<\/p>\n\n\n\n<p>\u00danete a nosotros en Publicaciones del Sur SA: Gestiona 7 Granada y descubre la importancia de la informaci\u00f3n local en nuestra regi\u00f3n. \u00a1Te invitamos a ser parte de nuestra comunidad y a disfrutar de nuestra cobertura period\u00edstica de calidad!<\/p>\n\n\n\n<p><strong>Lo tienes disponible en<\/strong><\/p>\n\n\n\n<p>LatamM\u00f3vil Cero B\u00e1sico, LatamM\u00f3vil Cine, LatamM\u00f3vil Cine y Deportes, LatamM\u00f3vil Deportes, LatamM\u00f3vil Premium<\/p>\n","protected":false},"excerpt":{"rendered":"<p>Publicaciones del Sur SA: Gestiona 7 Granada es un proyecto de comunicaci\u00f3n creado en Andaluc\u00eda con el objetivo fundamental de realzar la informaci\u00f3n local. Nos dedicamos a brindar una cobertura completa de los acontecimientos y noticias m\u00e1s relevantes de la regi\u00f3n de Granada. Nuestro enfoque se centra en resaltar la importancia de la informaci\u00f3n local, [&hellip;]<\/p>\n","protected":false},"author":1,"featured_media":0,"parent":0,"menu_order":0,"comment_status":"closed","ping_status":"closed","template":"","meta":{"_uag_custom_page_level_css":"","site-sidebar-layout":"default","site-content-layout":"","ast-site-content-layout":"default","site-content-style":"default","site-sidebar-style":"default","ast-global-header-display":"","ast-banner-title-visibility":"","ast-main-header-display":"","ast-hfb-above-header-display":"","ast-hfb-below-header-display":"","ast-hfb-mobile-header-display":"","site-post-title":"","ast-breadcrumbs-content":"","ast-featured-img":"","footer-sml-layout":"","ast-disable-related-posts":"","theme-transparent-header-meta":"","adv-header-id-meta":"","stick-header-meta":"","header-above-stick-meta":"","header-main-stick-meta":"","header-below-stick-meta":"","astra-migrate-meta-layouts":"set","ast-page-background-enabled":"default","ast-page-background-meta":{"desktop":{"background-color":"","background-image":"","background-repeat":"repeat","background-position":"center center","background-size":"auto","background-attachment":"scroll","background-type":"","background-media":"","overlay-type":"","overlay-color":"","overlay-opacity":"","overlay-gradient":""},"tablet":{"background-color":"","background-image":"","background-repeat":"repeat","background-position":"center center","background-size":"auto","background-attachment":"scroll","background-type":"","background-media":"","overlay-type":"","overlay-color":"","overlay-opacity":"","overlay-gradient":""},"mobile":{"background-color":"","background-image":"","background-repeat":"repeat","background-position":"center center","background-size":"auto","background-attachment":"scroll","background-type":"","background-media":"","overlay-type":"","overlay-color":"","overlay-opacity":"","overlay-gradient":""}},"ast-content-background-meta":{"desktop":{"background-color":"var(--ast-global-color-5)","background-image":"","background-repeat":"repeat","background-position":"center center","background-size":"auto","background-attachment":"scroll","background-type":"","background-media":"","overlay-type":"","overlay-color":"","overlay-opacity":"","overlay-gradient":""},"tablet":{"background-color":"var(--ast-global-color-5)","background-image":"","background-repeat":"repeat","background-position":"center center","background-size":"auto","background-attachment":"scroll","background-type":"","background-media":"","overlay-type":"","overlay-color":"","overlay-opacity":"","overlay-gradient":""},"mobile":{"background-color":"var(--ast-global-color-5)","background-image":"","background-repeat":"repeat","background-position":"center center","background-size":"auto","background-attachment":"scroll","background-type":"","background-media":"","overlay-type":"","overlay-color":"","overlay-opacity":"","overlay-gradient":""}},"footnotes":""},"class_list":["post-3395","page","type-page","status-publish","hentry"],"uagb_featured_image_src":{"full":false,"thumbnail":false,"medium":false,"medium_large":false,"large":false,"1536x1536":false,"2048x2048":false},"uagb_author_info":{"display_name":"admin","author_link":"https:\/\/fmlax.com\/latanmovil\/author\/latammovil\/"},"uagb_comment_info":0,"uagb_excerpt":"Publicaciones del Sur SA: Gestiona 7 Granada es un proyecto de comunicaci\u00f3n creado en Andaluc\u00eda con el objetivo fundamental de realzar la informaci\u00f3n local. Nos dedicamos a brindar una cobertura completa de los acontecimientos y noticias m\u00e1s relevantes de la regi\u00f3n de Granada. Nuestro enfoque se centra en resaltar la importancia de la informaci\u00f3n local,&hellip;","_links":{"self":[{"href":"https:\/\/fmlax.com\/latanmovil\/wp-json\/wp\/v2\/pages\/3395","targetHints":{"allow":["GET"]}}],"collection":[{"href":"https:\/\/fmlax.com\/latanmovil\/wp-json\/wp\/v2\/pages"}],"about":[{"href":"https:\/\/fmlax.com\/latanmovil\/wp-json\/wp\/v2\/types\/page"}],"author":[{"embeddable":true,"href":"https:\/\/fmlax.com\/latanmovil\/wp-json\/wp\/v2\/users\/1"}],"replies":[{"embeddable":true,"href":"https:\/\/fmlax.com\/latanmovil\/wp-json\/wp\/v2\/comments?post=3395"}],"version-history":[{"count":1,"href":"https:\/\/fmlax.com\/latanmovil\/wp-json\/wp\/v2\/pages\/3395\/revisions"}],"predecessor-version":[{"id":3396,"href":"https:\/\/fmlax.com\/latanmovil\/wp-json\/wp\/v2\/pages\/3395\/revisions\/3396"}],"wp:attachment":[{"href":"https:\/\/fmlax.com\/latanmovil\/wp-json\/wp\/v2\/media?parent=3395"}],"curies":[{"name":"wp","href":"https:\/\/api.w.org\/{rel}","templated":true}]}}