{"id":3102,"date":"2025-01-22T11:12:18","date_gmt":"2025-01-22T11:12:18","guid":{"rendered":"https:\/\/fmlax.com\/latanmovil\/?page_id=3102"},"modified":"2025-01-22T11:12:18","modified_gmt":"2025-01-22T11:12:18","slug":"tg7","status":"publish","type":"page","link":"https:\/\/fmlax.com\/latanmovil\/tg7\/","title":{"rendered":"TG7"},"content":{"rendered":"\n<p>TG7: Descubre la emisora municipal de televisi\u00f3n de Granada. Como parte del Ayuntamiento de Granada, TG7 se dedica a brindar informaci\u00f3n y entretenimiento a la comunidad local.<\/p>\n\n\n\n<p>Nuestra programaci\u00f3n abarca una variedad de contenidos, desde noticias locales hasta programas de entretenimiento y cultura. Nos esforzamos por mantener a los ciudadanos de Granada informados sobre los acontecimientos m\u00e1s relevantes de la ciudad, as\u00ed como ofrecer espacios que reflejen la diversidad y el talento de nuestra comunidad.<\/p>\n\n\n\n<p>En TG7, nos enorgullece ser el medio de comunicaci\u00f3n oficial del Ayuntamiento de Granada y mantener un v\u00ednculo estrecho con los ciudadanos. A trav\u00e9s de nuestra programaci\u00f3n, buscamos fomentar la participaci\u00f3n ciudadana, promover eventos locales y resaltar las historias que hacen de Granada un lugar \u00fanico.<\/p>\n\n\n\n<p>Sintoniza TG7 y mantente al d\u00eda con lo que sucede en tu ciudad. Desde noticias de \u00faltima hora hasta programas que celebran la cultura y el esp\u00edritu de Granada, estamos aqu\u00ed para servir a nuestra comunidad y brindar una voz aut\u00e9ntica y confiable. \u00a1\u00danete a nosotros y s\u00e9 parte de la experiencia de TG7!<\/p>\n\n\n\n<p><strong>Lo tienes disponible en<\/strong><\/p>\n\n\n\n<p>Masmedia Cero Basico, Masmedia Cine, Masmedia Cine y Deportes, Masmedia Deportes, Masmedia Premium<\/p>\n","protected":false},"excerpt":{"rendered":"<p>TG7: Descubre la emisora municipal de televisi\u00f3n de Granada. Como parte del Ayuntamiento de Granada, TG7 se dedica a brindar informaci\u00f3n y entretenimiento a la comunidad local. Nuestra programaci\u00f3n abarca una variedad de contenidos, desde noticias locales hasta programas de entretenimiento y cultura. Nos esforzamos por mantener a los ciudadanos de Granada informados sobre los [&hellip;]<\/p>\n","protected":false},"author":1,"featured_media":0,"parent":0,"menu_order":0,"comment_status":"closed","ping_status":"closed","template":"","meta":{"_uag_custom_page_level_css":"","site-sidebar-layout":"default","site-content-layout":"","ast-site-content-layout":"default","site-content-style":"default","site-sidebar-style":"default","ast-global-header-display":"","ast-banner-title-visibility":"","ast-main-header-display":"","ast-hfb-above-header-display":"","ast-hfb-below-header-display":"","ast-hfb-mobile-header-display":"","site-post-title":"","ast-breadcrumbs-content":"","ast-featured-img":"","footer-sml-layout":"","ast-disable-related-posts":"","theme-transparent-header-meta":"","adv-header-id-meta":"","stick-header-meta":"","header-above-stick-meta":"","header-main-stick-meta":"","header-below-stick-meta":"","astra-migrate-meta-layouts":"set","ast-page-background-enabled":"default","ast-page-background-meta":{"desktop":{"background-color":"","background-image":"","background-repeat":"repeat","background-position":"center center","background-size":"auto","background-attachment":"scroll","background-type":"","background-media":"","overlay-type":"","overlay-color":"","overlay-opacity":"","overlay-gradient":""},"tablet":{"background-color":"","background-image":"","background-repeat":"repeat","background-position":"center center","background-size":"auto","background-attachment":"scroll","background-type":"","background-media":"","overlay-type":"","overlay-color":"","overlay-opacity":"","overlay-gradient":""},"mobile":{"background-color":"","background-image":"","background-repeat":"repeat","background-position":"center center","background-size":"auto","background-attachment":"scroll","background-type":"","background-media":"","overlay-type":"","overlay-color":"","overlay-opacity":"","overlay-gradient":""}},"ast-content-background-meta":{"desktop":{"background-color":"var(--ast-global-color-5)","background-image":"","background-repeat":"repeat","background-position":"center center","background-size":"auto","background-attachment":"scroll","background-type":"","background-media":"","overlay-type":"","overlay-color":"","overlay-opacity":"","overlay-gradient":""},"tablet":{"background-color":"var(--ast-global-color-5)","background-image":"","background-repeat":"repeat","background-position":"center center","background-size":"auto","background-attachment":"scroll","background-type":"","background-media":"","overlay-type":"","overlay-color":"","overlay-opacity":"","overlay-gradient":""},"mobile":{"background-color":"var(--ast-global-color-5)","background-image":"","background-repeat":"repeat","background-position":"center center","background-size":"auto","background-attachment":"scroll","background-type":"","background-media":"","overlay-type":"","overlay-color":"","overlay-opacity":"","overlay-gradient":""}},"footnotes":""},"class_list":["post-3102","page","type-page","status-publish","hentry"],"uagb_featured_image_src":{"full":false,"thumbnail":false,"medium":false,"medium_large":false,"large":false,"1536x1536":false,"2048x2048":false},"uagb_author_info":{"display_name":"admin","author_link":"https:\/\/fmlax.com\/latanmovil\/author\/latammovil\/"},"uagb_comment_info":0,"uagb_excerpt":"TG7: Descubre la emisora municipal de televisi\u00f3n de Granada. Como parte del Ayuntamiento de Granada, TG7 se dedica a brindar informaci\u00f3n y entretenimiento a la comunidad local. Nuestra programaci\u00f3n abarca una variedad de contenidos, desde noticias locales hasta programas de entretenimiento y cultura. Nos esforzamos por mantener a los ciudadanos de Granada informados sobre los&hellip;","_links":{"self":[{"href":"https:\/\/fmlax.com\/latanmovil\/wp-json\/wp\/v2\/pages\/3102","targetHints":{"allow":["GET"]}}],"collection":[{"href":"https:\/\/fmlax.com\/latanmovil\/wp-json\/wp\/v2\/pages"}],"about":[{"href":"https:\/\/fmlax.com\/latanmovil\/wp-json\/wp\/v2\/types\/page"}],"author":[{"embeddable":true,"href":"https:\/\/fmlax.com\/latanmovil\/wp-json\/wp\/v2\/users\/1"}],"replies":[{"embeddable":true,"href":"https:\/\/fmlax.com\/latanmovil\/wp-json\/wp\/v2\/comments?post=3102"}],"version-history":[{"count":1,"href":"https:\/\/fmlax.com\/latanmovil\/wp-json\/wp\/v2\/pages\/3102\/revisions"}],"predecessor-version":[{"id":3103,"href":"https:\/\/fmlax.com\/latanmovil\/wp-json\/wp\/v2\/pages\/3102\/revisions\/3103"}],"wp:attachment":[{"href":"https:\/\/fmlax.com\/latanmovil\/wp-json\/wp\/v2\/media?parent=3102"}],"curies":[{"name":"wp","href":"https:\/\/api.w.org\/{rel}","templated":true}]}}