{"id":3087,"date":"2025-01-20T15:31:19","date_gmt":"2025-01-20T15:31:19","guid":{"rendered":"https:\/\/fmlax.com\/latanmovil\/?page_id=3087"},"modified":"2025-02-04T11:44:21","modified_gmt":"2025-02-04T11:44:21","slug":"alcarria-tv","status":"publish","type":"page","link":"https:\/\/fmlax.com\/latanmovil\/alcarria-tv\/","title":{"rendered":"Alcarria TV"},"content":{"rendered":"\n<p>Descubre la aut\u00e9ntica esencia de Guadalajara con Alcarria TV, el canal dedicado a las tradiciones, costumbres y la pasi\u00f3n por los toros. Nos enorgullece ser la ventana a las ra\u00edces culturales de nuestra tierra, ofreciendo una programaci\u00f3n que resalta la riqueza hist\u00f3rica y el esp\u00edritu vibrante de nuestra comunidad. Desde emocionantes eventos taurinos hasta festividades tradicionales y relatos de nuestra herencia, Alcarria TV es tu conexi\u00f3n con el coraz\u00f3n de Guadalajara.<\/p>\n\n\n\n<p><strong>Lo tienes disponible en<\/strong><\/p>\n\n\n\n<p>LatamM\u00f3vil Cero B\u00e1sico,LatamM\u00f3vil Cine, LatamM\u00f3vil Cine y Deportes, LatamM\u00f3vil Deportes, LatamM\u00f3vil Premium<\/p>\n","protected":false},"excerpt":{"rendered":"<p>Descubre la aut\u00e9ntica esencia de Guadalajara con Alcarria TV, el canal dedicado a las tradiciones, costumbres y la pasi\u00f3n por los toros. Nos enorgullece ser la ventana a las ra\u00edces culturales de nuestra tierra, ofreciendo una programaci\u00f3n que resalta la riqueza hist\u00f3rica y el esp\u00edritu vibrante de nuestra comunidad. Desde emocionantes eventos taurinos hasta festividades [&hellip;]<\/p>\n","protected":false},"author":1,"featured_media":0,"parent":0,"menu_order":0,"comment_status":"closed","ping_status":"closed","template":"","meta":{"_uag_custom_page_level_css":"","site-sidebar-layout":"default","site-content-layout":"","ast-site-content-layout":"default","site-content-style":"default","site-sidebar-style":"default","ast-global-header-display":"","ast-banner-title-visibility":"","ast-main-header-display":"","ast-hfb-above-header-display":"","ast-hfb-below-header-display":"","ast-hfb-mobile-header-display":"","site-post-title":"","ast-breadcrumbs-content":"","ast-featured-img":"","footer-sml-layout":"","ast-disable-related-posts":"","theme-transparent-header-meta":"","adv-header-id-meta":"","stick-header-meta":"","header-above-stick-meta":"","header-main-stick-meta":"","header-below-stick-meta":"","astra-migrate-meta-layouts":"set","ast-page-background-enabled":"default","ast-page-background-meta":{"desktop":{"background-color":"","background-image":"","background-repeat":"repeat","background-position":"center center","background-size":"auto","background-attachment":"scroll","background-type":"","background-media":"","overlay-type":"","overlay-color":"","overlay-opacity":"","overlay-gradient":""},"tablet":{"background-color":"","background-image":"","background-repeat":"repeat","background-position":"center center","background-size":"auto","background-attachment":"scroll","background-type":"","background-media":"","overlay-type":"","overlay-color":"","overlay-opacity":"","overlay-gradient":""},"mobile":{"background-color":"","background-image":"","background-repeat":"repeat","background-position":"center center","background-size":"auto","background-attachment":"scroll","background-type":"","background-media":"","overlay-type":"","overlay-color":"","overlay-opacity":"","overlay-gradient":""}},"ast-content-background-meta":{"desktop":{"background-color":"var(--ast-global-color-5)","background-image":"","background-repeat":"repeat","background-position":"center center","background-size":"auto","background-attachment":"scroll","background-type":"","background-media":"","overlay-type":"","overlay-color":"","overlay-opacity":"","overlay-gradient":""},"tablet":{"background-color":"var(--ast-global-color-5)","background-image":"","background-repeat":"repeat","background-position":"center center","background-size":"auto","background-attachment":"scroll","background-type":"","background-media":"","overlay-type":"","overlay-color":"","overlay-opacity":"","overlay-gradient":""},"mobile":{"background-color":"var(--ast-global-color-5)","background-image":"","background-repeat":"repeat","background-position":"center center","background-size":"auto","background-attachment":"scroll","background-type":"","background-media":"","overlay-type":"","overlay-color":"","overlay-opacity":"","overlay-gradient":""}},"footnotes":""},"class_list":["post-3087","page","type-page","status-publish","hentry"],"uagb_featured_image_src":{"full":false,"thumbnail":false,"medium":false,"medium_large":false,"large":false,"1536x1536":false,"2048x2048":false},"uagb_author_info":{"display_name":"admin","author_link":"https:\/\/fmlax.com\/latanmovil\/author\/latammovil\/"},"uagb_comment_info":0,"uagb_excerpt":"Descubre la aut\u00e9ntica esencia de Guadalajara con Alcarria TV, el canal dedicado a las tradiciones, costumbres y la pasi\u00f3n por los toros. Nos enorgullece ser la ventana a las ra\u00edces culturales de nuestra tierra, ofreciendo una programaci\u00f3n que resalta la riqueza hist\u00f3rica y el esp\u00edritu vibrante de nuestra comunidad. Desde emocionantes eventos taurinos hasta festividades&hellip;","_links":{"self":[{"href":"https:\/\/fmlax.com\/latanmovil\/wp-json\/wp\/v2\/pages\/3087","targetHints":{"allow":["GET"]}}],"collection":[{"href":"https:\/\/fmlax.com\/latanmovil\/wp-json\/wp\/v2\/pages"}],"about":[{"href":"https:\/\/fmlax.com\/latanmovil\/wp-json\/wp\/v2\/types\/page"}],"author":[{"embeddable":true,"href":"https:\/\/fmlax.com\/latanmovil\/wp-json\/wp\/v2\/users\/1"}],"replies":[{"embeddable":true,"href":"https:\/\/fmlax.com\/latanmovil\/wp-json\/wp\/v2\/comments?post=3087"}],"version-history":[{"count":3,"href":"https:\/\/fmlax.com\/latanmovil\/wp-json\/wp\/v2\/pages\/3087\/revisions"}],"predecessor-version":[{"id":3228,"href":"https:\/\/fmlax.com\/latanmovil\/wp-json\/wp\/v2\/pages\/3087\/revisions\/3228"}],"wp:attachment":[{"href":"https:\/\/fmlax.com\/latanmovil\/wp-json\/wp\/v2\/media?parent=3087"}],"curies":[{"name":"wp","href":"https:\/\/api.w.org\/{rel}","templated":true}]}}