{"id":3070,"date":"2025-01-20T15:19:08","date_gmt":"2025-01-20T15:19:08","guid":{"rendered":"https:\/\/fmlax.com\/latanmovil\/?page_id=3070"},"modified":"2025-01-20T15:19:08","modified_gmt":"2025-01-20T15:19:08","slug":"televigo","status":"publish","type":"page","link":"https:\/\/fmlax.com\/latanmovil\/televigo\/","title":{"rendered":"Televigo"},"content":{"rendered":"\n<p>Televigo, tu ventana al mundo del entretenimiento. Sum\u00e9rgete en una programaci\u00f3n diversa que abarca desde emocionantes series hasta los eventos deportivos m\u00e1s emocionantes. Con una amplia variedad de contenido para toda la familia, Televigo se esfuerza por brindarte momentos inolvidables frente a la pantalla. \u00a1Descubre un mundo de diversi\u00f3n con Televigo! DeporTV<\/p>\n\n\n\n<p>DeporTV es un canal de televisi\u00f3n abierta argentino especializado en programaci\u00f3n deportiva. Es propiedad de Contenidos P\u00fablicos S.A. y es operado por la Secretar\u00eda de Medios y Comunicaci\u00f3n P\u00fablica.<\/p>\n\n\n\n<p><strong>Lo tienes disponible en<\/strong><\/p>\n\n\n\n<p>Masmedia Cero Basico, Masmedia Cine, Masmedia Cine y Deportes, Masmedia Deportes, Masmedia Premium, Paquete Internacional<\/p>\n","protected":false},"excerpt":{"rendered":"<p>Televigo, tu ventana al mundo del entretenimiento. Sum\u00e9rgete en una programaci\u00f3n diversa que abarca desde emocionantes series hasta los eventos deportivos m\u00e1s emocionantes. Con una amplia variedad de contenido para toda la familia, Televigo se esfuerza por brindarte momentos inolvidables frente a la pantalla. \u00a1Descubre un mundo de diversi\u00f3n con Televigo! DeporTV DeporTV es un [&hellip;]<\/p>\n","protected":false},"author":1,"featured_media":0,"parent":0,"menu_order":0,"comment_status":"closed","ping_status":"closed","template":"","meta":{"_uag_custom_page_level_css":"","site-sidebar-layout":"default","site-content-layout":"","ast-site-content-layout":"default","site-content-style":"default","site-sidebar-style":"default","ast-global-header-display":"","ast-banner-title-visibility":"","ast-main-header-display":"","ast-hfb-above-header-display":"","ast-hfb-below-header-display":"","ast-hfb-mobile-header-display":"","site-post-title":"","ast-breadcrumbs-content":"","ast-featured-img":"","footer-sml-layout":"","ast-disable-related-posts":"","theme-transparent-header-meta":"","adv-header-id-meta":"","stick-header-meta":"","header-above-stick-meta":"","header-main-stick-meta":"","header-below-stick-meta":"","astra-migrate-meta-layouts":"set","ast-page-background-enabled":"default","ast-page-background-meta":{"desktop":{"background-color":"","background-image":"","background-repeat":"repeat","background-position":"center center","background-size":"auto","background-attachment":"scroll","background-type":"","background-media":"","overlay-type":"","overlay-color":"","overlay-opacity":"","overlay-gradient":""},"tablet":{"background-color":"","background-image":"","background-repeat":"repeat","background-position":"center center","background-size":"auto","background-attachment":"scroll","background-type":"","background-media":"","overlay-type":"","overlay-color":"","overlay-opacity":"","overlay-gradient":""},"mobile":{"background-color":"","background-image":"","background-repeat":"repeat","background-position":"center center","background-size":"auto","background-attachment":"scroll","background-type":"","background-media":"","overlay-type":"","overlay-color":"","overlay-opacity":"","overlay-gradient":""}},"ast-content-background-meta":{"desktop":{"background-color":"var(--ast-global-color-5)","background-image":"","background-repeat":"repeat","background-position":"center center","background-size":"auto","background-attachment":"scroll","background-type":"","background-media":"","overlay-type":"","overlay-color":"","overlay-opacity":"","overlay-gradient":""},"tablet":{"background-color":"var(--ast-global-color-5)","background-image":"","background-repeat":"repeat","background-position":"center center","background-size":"auto","background-attachment":"scroll","background-type":"","background-media":"","overlay-type":"","overlay-color":"","overlay-opacity":"","overlay-gradient":""},"mobile":{"background-color":"var(--ast-global-color-5)","background-image":"","background-repeat":"repeat","background-position":"center center","background-size":"auto","background-attachment":"scroll","background-type":"","background-media":"","overlay-type":"","overlay-color":"","overlay-opacity":"","overlay-gradient":""}},"footnotes":""},"class_list":["post-3070","page","type-page","status-publish","hentry"],"uagb_featured_image_src":{"full":false,"thumbnail":false,"medium":false,"medium_large":false,"large":false,"1536x1536":false,"2048x2048":false},"uagb_author_info":{"display_name":"admin","author_link":"https:\/\/fmlax.com\/latanmovil\/author\/latammovil\/"},"uagb_comment_info":0,"uagb_excerpt":"Televigo, tu ventana al mundo del entretenimiento. Sum\u00e9rgete en una programaci\u00f3n diversa que abarca desde emocionantes series hasta los eventos deportivos m\u00e1s emocionantes. Con una amplia variedad de contenido para toda la familia, Televigo se esfuerza por brindarte momentos inolvidables frente a la pantalla. \u00a1Descubre un mundo de diversi\u00f3n con Televigo! DeporTV DeporTV es un&hellip;","_links":{"self":[{"href":"https:\/\/fmlax.com\/latanmovil\/wp-json\/wp\/v2\/pages\/3070","targetHints":{"allow":["GET"]}}],"collection":[{"href":"https:\/\/fmlax.com\/latanmovil\/wp-json\/wp\/v2\/pages"}],"about":[{"href":"https:\/\/fmlax.com\/latanmovil\/wp-json\/wp\/v2\/types\/page"}],"author":[{"embeddable":true,"href":"https:\/\/fmlax.com\/latanmovil\/wp-json\/wp\/v2\/users\/1"}],"replies":[{"embeddable":true,"href":"https:\/\/fmlax.com\/latanmovil\/wp-json\/wp\/v2\/comments?post=3070"}],"version-history":[{"count":1,"href":"https:\/\/fmlax.com\/latanmovil\/wp-json\/wp\/v2\/pages\/3070\/revisions"}],"predecessor-version":[{"id":3071,"href":"https:\/\/fmlax.com\/latanmovil\/wp-json\/wp\/v2\/pages\/3070\/revisions\/3071"}],"wp:attachment":[{"href":"https:\/\/fmlax.com\/latanmovil\/wp-json\/wp\/v2\/media?parent=3070"}],"curies":[{"name":"wp","href":"https:\/\/api.w.org\/{rel}","templated":true}]}}