{"id":3055,"date":"2025-01-20T15:12:30","date_gmt":"2025-01-20T15:12:30","guid":{"rendered":"https:\/\/fmlax.com\/latanmovil\/?page_id=3055"},"modified":"2025-01-20T15:12:30","modified_gmt":"2025-01-20T15:12:30","slug":"tpa-a7","status":"publish","type":"page","link":"https:\/\/fmlax.com\/latanmovil\/tpa-a7\/","title":{"rendered":"TPA A7"},"content":{"rendered":"\n<p><strong>TPA7<\/strong>&nbsp;es un canal de televisi\u00f3n en abierto espa\u00f1ol que emite desde y para el Principado de Asturias, gestionado por el Ente P\u00fablico de Comunicaci\u00f3n del Principado de Asturias Radiotelevisi\u00f3n del Principado de Asturias, en el que tambi\u00e9n se integran la Radio del Principado de Asturias (RPA) y la Productora de Programas del Principado de Asturias (PRODA). Es la cadena p\u00fablica de esta comunidad y tiene su sede y estudios en Laboral Ciudad de la Cultura (Gij\u00f3n).<\/p>\n\n\n\n<p><strong>Lo tienes disponible en<\/strong><\/p>\n\n\n\n<p>Masmedia Cero Basico, Masmedia Cine, Masmedia Cine y Deportes, Masmedia Deportes, Masmedia Premium<\/p>\n","protected":false},"excerpt":{"rendered":"<p>TPA7&nbsp;es un canal de televisi\u00f3n en abierto espa\u00f1ol que emite desde y para el Principado de Asturias, gestionado por el Ente P\u00fablico de Comunicaci\u00f3n del Principado de Asturias Radiotelevisi\u00f3n del Principado de Asturias, en el que tambi\u00e9n se integran la Radio del Principado de Asturias (RPA) y la Productora de Programas del Principado de Asturias [&hellip;]<\/p>\n","protected":false},"author":1,"featured_media":0,"parent":0,"menu_order":0,"comment_status":"closed","ping_status":"closed","template":"","meta":{"_uag_custom_page_level_css":"","site-sidebar-layout":"default","site-content-layout":"","ast-site-content-layout":"default","site-content-style":"default","site-sidebar-style":"default","ast-global-header-display":"","ast-banner-title-visibility":"","ast-main-header-display":"","ast-hfb-above-header-display":"","ast-hfb-below-header-display":"","ast-hfb-mobile-header-display":"","site-post-title":"","ast-breadcrumbs-content":"","ast-featured-img":"","footer-sml-layout":"","ast-disable-related-posts":"","theme-transparent-header-meta":"","adv-header-id-meta":"","stick-header-meta":"","header-above-stick-meta":"","header-main-stick-meta":"","header-below-stick-meta":"","astra-migrate-meta-layouts":"set","ast-page-background-enabled":"default","ast-page-background-meta":{"desktop":{"background-color":"","background-image":"","background-repeat":"repeat","background-position":"center center","background-size":"auto","background-attachment":"scroll","background-type":"","background-media":"","overlay-type":"","overlay-color":"","overlay-opacity":"","overlay-gradient":""},"tablet":{"background-color":"","background-image":"","background-repeat":"repeat","background-position":"center center","background-size":"auto","background-attachment":"scroll","background-type":"","background-media":"","overlay-type":"","overlay-color":"","overlay-opacity":"","overlay-gradient":""},"mobile":{"background-color":"","background-image":"","background-repeat":"repeat","background-position":"center center","background-size":"auto","background-attachment":"scroll","background-type":"","background-media":"","overlay-type":"","overlay-color":"","overlay-opacity":"","overlay-gradient":""}},"ast-content-background-meta":{"desktop":{"background-color":"var(--ast-global-color-5)","background-image":"","background-repeat":"repeat","background-position":"center center","background-size":"auto","background-attachment":"scroll","background-type":"","background-media":"","overlay-type":"","overlay-color":"","overlay-opacity":"","overlay-gradient":""},"tablet":{"background-color":"var(--ast-global-color-5)","background-image":"","background-repeat":"repeat","background-position":"center center","background-size":"auto","background-attachment":"scroll","background-type":"","background-media":"","overlay-type":"","overlay-color":"","overlay-opacity":"","overlay-gradient":""},"mobile":{"background-color":"var(--ast-global-color-5)","background-image":"","background-repeat":"repeat","background-position":"center center","background-size":"auto","background-attachment":"scroll","background-type":"","background-media":"","overlay-type":"","overlay-color":"","overlay-opacity":"","overlay-gradient":""}},"footnotes":""},"class_list":["post-3055","page","type-page","status-publish","hentry"],"uagb_featured_image_src":{"full":false,"thumbnail":false,"medium":false,"medium_large":false,"large":false,"1536x1536":false,"2048x2048":false},"uagb_author_info":{"display_name":"admin","author_link":"https:\/\/fmlax.com\/latanmovil\/author\/latammovil\/"},"uagb_comment_info":0,"uagb_excerpt":"TPA7&nbsp;es un canal de televisi\u00f3n en abierto espa\u00f1ol que emite desde y para el Principado de Asturias, gestionado por el Ente P\u00fablico de Comunicaci\u00f3n del Principado de Asturias Radiotelevisi\u00f3n del Principado de Asturias, en el que tambi\u00e9n se integran la Radio del Principado de Asturias (RPA) y la Productora de Programas del Principado de Asturias&hellip;","_links":{"self":[{"href":"https:\/\/fmlax.com\/latanmovil\/wp-json\/wp\/v2\/pages\/3055","targetHints":{"allow":["GET"]}}],"collection":[{"href":"https:\/\/fmlax.com\/latanmovil\/wp-json\/wp\/v2\/pages"}],"about":[{"href":"https:\/\/fmlax.com\/latanmovil\/wp-json\/wp\/v2\/types\/page"}],"author":[{"embeddable":true,"href":"https:\/\/fmlax.com\/latanmovil\/wp-json\/wp\/v2\/users\/1"}],"replies":[{"embeddable":true,"href":"https:\/\/fmlax.com\/latanmovil\/wp-json\/wp\/v2\/comments?post=3055"}],"version-history":[{"count":1,"href":"https:\/\/fmlax.com\/latanmovil\/wp-json\/wp\/v2\/pages\/3055\/revisions"}],"predecessor-version":[{"id":3056,"href":"https:\/\/fmlax.com\/latanmovil\/wp-json\/wp\/v2\/pages\/3055\/revisions\/3056"}],"wp:attachment":[{"href":"https:\/\/fmlax.com\/latanmovil\/wp-json\/wp\/v2\/media?parent=3055"}],"curies":[{"name":"wp","href":"https:\/\/api.w.org\/{rel}","templated":true}]}}