{"id":3021,"date":"2025-01-20T12:27:12","date_gmt":"2025-01-20T12:27:12","guid":{"rendered":"https:\/\/fmlax.com\/latanmovil\/?page_id=3021"},"modified":"2025-01-20T12:27:12","modified_gmt":"2025-01-20T12:27:12","slug":"navarratv1","status":"publish","type":"page","link":"https:\/\/fmlax.com\/latanmovil\/navarratv1\/","title":{"rendered":"NavarraTV1"},"content":{"rendered":"\n<p>Navarra Televisi\u00f3n o NATV es el primer canal auton\u00f3mico privado de la televisi\u00f3n navarra y propiedad de la Comunidad Foral de Navarra. Su programaci\u00f3n se puede seguir por la TDT y en ella se pueden encontrar contenidos generalistas y auton\u00f3micos. En Navarra Televisi\u00f3n su programaci\u00f3n se basa, principalmente, en programas informativos y de entretenimiento. En su gu\u00eda tv es frecuente ver programas magaz\u00edn, as\u00ed como una completa programaci\u00f3n de series y pel\u00edculas de todos los g\u00e9neros.<\/p>\n\n\n\n<p><strong>Lo tienes disponible en<\/strong><\/p>\n\n\n\n<p>Masmedia Cero Basico, Masmedia Cine, Masmedia Cine y Deportes, Masmedia Deportes, Masmedia PremiumN\u00d3S TV<\/p>\n","protected":false},"excerpt":{"rendered":"<p>Navarra Televisi\u00f3n o NATV es el primer canal auton\u00f3mico privado de la televisi\u00f3n navarra y propiedad de la Comunidad Foral de Navarra. Su programaci\u00f3n se puede seguir por la TDT y en ella se pueden encontrar contenidos generalistas y auton\u00f3micos. En Navarra Televisi\u00f3n su programaci\u00f3n se basa, principalmente, en programas informativos y de entretenimiento. En [&hellip;]<\/p>\n","protected":false},"author":1,"featured_media":0,"parent":0,"menu_order":0,"comment_status":"closed","ping_status":"closed","template":"","meta":{"_uag_custom_page_level_css":"","site-sidebar-layout":"default","site-content-layout":"","ast-site-content-layout":"default","site-content-style":"default","site-sidebar-style":"default","ast-global-header-display":"","ast-banner-title-visibility":"","ast-main-header-display":"","ast-hfb-above-header-display":"","ast-hfb-below-header-display":"","ast-hfb-mobile-header-display":"","site-post-title":"","ast-breadcrumbs-content":"","ast-featured-img":"","footer-sml-layout":"","ast-disable-related-posts":"","theme-transparent-header-meta":"","adv-header-id-meta":"","stick-header-meta":"","header-above-stick-meta":"","header-main-stick-meta":"","header-below-stick-meta":"","astra-migrate-meta-layouts":"set","ast-page-background-enabled":"default","ast-page-background-meta":{"desktop":{"background-color":"","background-image":"","background-repeat":"repeat","background-position":"center center","background-size":"auto","background-attachment":"scroll","background-type":"","background-media":"","overlay-type":"","overlay-color":"","overlay-opacity":"","overlay-gradient":""},"tablet":{"background-color":"","background-image":"","background-repeat":"repeat","background-position":"center center","background-size":"auto","background-attachment":"scroll","background-type":"","background-media":"","overlay-type":"","overlay-color":"","overlay-opacity":"","overlay-gradient":""},"mobile":{"background-color":"","background-image":"","background-repeat":"repeat","background-position":"center center","background-size":"auto","background-attachment":"scroll","background-type":"","background-media":"","overlay-type":"","overlay-color":"","overlay-opacity":"","overlay-gradient":""}},"ast-content-background-meta":{"desktop":{"background-color":"var(--ast-global-color-5)","background-image":"","background-repeat":"repeat","background-position":"center center","background-size":"auto","background-attachment":"scroll","background-type":"","background-media":"","overlay-type":"","overlay-color":"","overlay-opacity":"","overlay-gradient":""},"tablet":{"background-color":"var(--ast-global-color-5)","background-image":"","background-repeat":"repeat","background-position":"center center","background-size":"auto","background-attachment":"scroll","background-type":"","background-media":"","overlay-type":"","overlay-color":"","overlay-opacity":"","overlay-gradient":""},"mobile":{"background-color":"var(--ast-global-color-5)","background-image":"","background-repeat":"repeat","background-position":"center center","background-size":"auto","background-attachment":"scroll","background-type":"","background-media":"","overlay-type":"","overlay-color":"","overlay-opacity":"","overlay-gradient":""}},"footnotes":""},"class_list":["post-3021","page","type-page","status-publish","hentry"],"uagb_featured_image_src":{"full":false,"thumbnail":false,"medium":false,"medium_large":false,"large":false,"1536x1536":false,"2048x2048":false},"uagb_author_info":{"display_name":"admin","author_link":"https:\/\/fmlax.com\/latanmovil\/author\/latammovil\/"},"uagb_comment_info":0,"uagb_excerpt":"Navarra Televisi\u00f3n o NATV es el primer canal auton\u00f3mico privado de la televisi\u00f3n navarra y propiedad de la Comunidad Foral de Navarra. Su programaci\u00f3n se puede seguir por la TDT y en ella se pueden encontrar contenidos generalistas y auton\u00f3micos. En Navarra Televisi\u00f3n su programaci\u00f3n se basa, principalmente, en programas informativos y de entretenimiento. En&hellip;","_links":{"self":[{"href":"https:\/\/fmlax.com\/latanmovil\/wp-json\/wp\/v2\/pages\/3021","targetHints":{"allow":["GET"]}}],"collection":[{"href":"https:\/\/fmlax.com\/latanmovil\/wp-json\/wp\/v2\/pages"}],"about":[{"href":"https:\/\/fmlax.com\/latanmovil\/wp-json\/wp\/v2\/types\/page"}],"author":[{"embeddable":true,"href":"https:\/\/fmlax.com\/latanmovil\/wp-json\/wp\/v2\/users\/1"}],"replies":[{"embeddable":true,"href":"https:\/\/fmlax.com\/latanmovil\/wp-json\/wp\/v2\/comments?post=3021"}],"version-history":[{"count":1,"href":"https:\/\/fmlax.com\/latanmovil\/wp-json\/wp\/v2\/pages\/3021\/revisions"}],"predecessor-version":[{"id":3022,"href":"https:\/\/fmlax.com\/latanmovil\/wp-json\/wp\/v2\/pages\/3021\/revisions\/3022"}],"wp:attachment":[{"href":"https:\/\/fmlax.com\/latanmovil\/wp-json\/wp\/v2\/media?parent=3021"}],"curies":[{"name":"wp","href":"https:\/\/api.w.org\/{rel}","templated":true}]}}