{"id":3016,"date":"2025-01-20T12:25:36","date_gmt":"2025-01-20T12:25:36","guid":{"rendered":"https:\/\/fmlax.com\/latanmovil\/?page_id=3016"},"modified":"2025-01-20T12:25:36","modified_gmt":"2025-01-20T12:25:36","slug":"mirame-tv","status":"publish","type":"page","link":"https:\/\/fmlax.com\/latanmovil\/mirame-tv\/","title":{"rendered":"Mirame TV"},"content":{"rendered":"\n<p>Mirame Televisi\u00f3n Impulsada por&nbsp;<a href=\"https:\/\/es.wikipedia.org\/w\/index.php?title=Manuel_Artiles&amp;action=edit&amp;redlink=1\">Manuel Artiles<\/a>&nbsp;es el primer medio de comunicaci\u00f3n privado en lanzar su se\u00f1al a trav\u00e9s del m\u00faltiple digital auton\u00f3mico y lograr cobertura plena en el Archipi\u00e9lago Canario, La cadena es reconocida por su car\u00e1cter social, siendo sus \u00abtelemaratones\u00bb solidarios demandados en todo el archipi\u00e9lago a\u00f1o tras a\u00f1o, as\u00ed como su labor con el tercer sector de las islas.<\/p>\n\n\n\n<p><strong>Lo tienes disponible en<\/strong><\/p>\n\n\n\n<p>Masmedia Cero Basico, Masmedia Cine, Masmedia Cine y Deportes, Masmedia Deportes, Masmedia Premium<\/p>\n","protected":false},"excerpt":{"rendered":"<p>Mirame Televisi\u00f3n Impulsada por&nbsp;Manuel Artiles&nbsp;es el primer medio de comunicaci\u00f3n privado en lanzar su se\u00f1al a trav\u00e9s del m\u00faltiple digital auton\u00f3mico y lograr cobertura plena en el Archipi\u00e9lago Canario, La cadena es reconocida por su car\u00e1cter social, siendo sus \u00abtelemaratones\u00bb solidarios demandados en todo el archipi\u00e9lago a\u00f1o tras a\u00f1o, as\u00ed como su labor con el [&hellip;]<\/p>\n","protected":false},"author":1,"featured_media":0,"parent":0,"menu_order":0,"comment_status":"closed","ping_status":"closed","template":"","meta":{"_uag_custom_page_level_css":"","site-sidebar-layout":"default","site-content-layout":"","ast-site-content-layout":"default","site-content-style":"default","site-sidebar-style":"default","ast-global-header-display":"","ast-banner-title-visibility":"","ast-main-header-display":"","ast-hfb-above-header-display":"","ast-hfb-below-header-display":"","ast-hfb-mobile-header-display":"","site-post-title":"","ast-breadcrumbs-content":"","ast-featured-img":"","footer-sml-layout":"","ast-disable-related-posts":"","theme-transparent-header-meta":"","adv-header-id-meta":"","stick-header-meta":"","header-above-stick-meta":"","header-main-stick-meta":"","header-below-stick-meta":"","astra-migrate-meta-layouts":"set","ast-page-background-enabled":"default","ast-page-background-meta":{"desktop":{"background-color":"","background-image":"","background-repeat":"repeat","background-position":"center center","background-size":"auto","background-attachment":"scroll","background-type":"","background-media":"","overlay-type":"","overlay-color":"","overlay-opacity":"","overlay-gradient":""},"tablet":{"background-color":"","background-image":"","background-repeat":"repeat","background-position":"center center","background-size":"auto","background-attachment":"scroll","background-type":"","background-media":"","overlay-type":"","overlay-color":"","overlay-opacity":"","overlay-gradient":""},"mobile":{"background-color":"","background-image":"","background-repeat":"repeat","background-position":"center center","background-size":"auto","background-attachment":"scroll","background-type":"","background-media":"","overlay-type":"","overlay-color":"","overlay-opacity":"","overlay-gradient":""}},"ast-content-background-meta":{"desktop":{"background-color":"var(--ast-global-color-5)","background-image":"","background-repeat":"repeat","background-position":"center center","background-size":"auto","background-attachment":"scroll","background-type":"","background-media":"","overlay-type":"","overlay-color":"","overlay-opacity":"","overlay-gradient":""},"tablet":{"background-color":"var(--ast-global-color-5)","background-image":"","background-repeat":"repeat","background-position":"center center","background-size":"auto","background-attachment":"scroll","background-type":"","background-media":"","overlay-type":"","overlay-color":"","overlay-opacity":"","overlay-gradient":""},"mobile":{"background-color":"var(--ast-global-color-5)","background-image":"","background-repeat":"repeat","background-position":"center center","background-size":"auto","background-attachment":"scroll","background-type":"","background-media":"","overlay-type":"","overlay-color":"","overlay-opacity":"","overlay-gradient":""}},"footnotes":""},"class_list":["post-3016","page","type-page","status-publish","hentry"],"uagb_featured_image_src":{"full":false,"thumbnail":false,"medium":false,"medium_large":false,"large":false,"1536x1536":false,"2048x2048":false},"uagb_author_info":{"display_name":"admin","author_link":"https:\/\/fmlax.com\/latanmovil\/author\/latammovil\/"},"uagb_comment_info":0,"uagb_excerpt":"Mirame Televisi\u00f3n Impulsada por&nbsp;Manuel Artiles&nbsp;es el primer medio de comunicaci\u00f3n privado en lanzar su se\u00f1al a trav\u00e9s del m\u00faltiple digital auton\u00f3mico y lograr cobertura plena en el Archipi\u00e9lago Canario, La cadena es reconocida por su car\u00e1cter social, siendo sus \u00abtelemaratones\u00bb solidarios demandados en todo el archipi\u00e9lago a\u00f1o tras a\u00f1o, as\u00ed como su labor con el&hellip;","_links":{"self":[{"href":"https:\/\/fmlax.com\/latanmovil\/wp-json\/wp\/v2\/pages\/3016","targetHints":{"allow":["GET"]}}],"collection":[{"href":"https:\/\/fmlax.com\/latanmovil\/wp-json\/wp\/v2\/pages"}],"about":[{"href":"https:\/\/fmlax.com\/latanmovil\/wp-json\/wp\/v2\/types\/page"}],"author":[{"embeddable":true,"href":"https:\/\/fmlax.com\/latanmovil\/wp-json\/wp\/v2\/users\/1"}],"replies":[{"embeddable":true,"href":"https:\/\/fmlax.com\/latanmovil\/wp-json\/wp\/v2\/comments?post=3016"}],"version-history":[{"count":1,"href":"https:\/\/fmlax.com\/latanmovil\/wp-json\/wp\/v2\/pages\/3016\/revisions"}],"predecessor-version":[{"id":3017,"href":"https:\/\/fmlax.com\/latanmovil\/wp-json\/wp\/v2\/pages\/3016\/revisions\/3017"}],"wp:attachment":[{"href":"https:\/\/fmlax.com\/latanmovil\/wp-json\/wp\/v2\/media?parent=3016"}],"curies":[{"name":"wp","href":"https:\/\/api.w.org\/{rel}","templated":true}]}}