{"id":3006,"date":"2025-01-20T12:19:47","date_gmt":"2025-01-20T12:19:47","guid":{"rendered":"https:\/\/fmlax.com\/latanmovil\/?page_id=3006"},"modified":"2025-02-04T11:49:33","modified_gmt":"2025-02-04T11:49:33","slug":"aragontv","status":"publish","type":"page","link":"https:\/\/fmlax.com\/latanmovil\/aragontv\/","title":{"rendered":"AragonTV"},"content":{"rendered":"\n<p>Arag\u00f3n TV: Descubre la Televisi\u00f3n Auton\u00f3mica de Arag\u00f3n, tu ventana a la rica cultura y vibrante comunidad de esta regi\u00f3n. Anteriormente conocida como Arag\u00f3n Televisi\u00f3n, Arag\u00f3n TV es el canal principal de la televisi\u00f3n p\u00fablica aragonesa. Desde su inicio, Arag\u00f3n TV se ha destacado por su enfoque innovador, ofreciendo una programaci\u00f3n variada que combina contenidos informativos y de entretenimiento, en su mayor\u00eda de producci\u00f3n propia. Sum\u00e9rgete en una programaci\u00f3n diversa que refleja la identidad \u00fanica de Arag\u00f3n, con programas que te mantienen actualizado y te entretienen. Consulta nuestra gu\u00eda de Arag\u00f3n TV para descubrir la emocionante programaci\u00f3n que ofrecemos en cada hora del d\u00eda. Arag\u00f3n TV es la forma perfecta de conectar con la riqueza cultural y la vida en esta hermosa regi\u00f3n. \u00a1Sinton\u00edzanos y d\u00e9janos llevarte a un viaje televisivo \u00fanico!<\/p>\n\n\n\n<p><strong>Lo tienes disponible en<\/strong><\/p>\n\n\n\n<p>LatamM\u00f3vil Cero Basico, LatamM\u00f3vil Cine, LatamM\u00f3vil Cine y Deportes, LatamM\u00f3vil Deportes, LatamM\u00f3vil Premium4<\/p>\n","protected":false},"excerpt":{"rendered":"<p>Arag\u00f3n TV: Descubre la Televisi\u00f3n Auton\u00f3mica de Arag\u00f3n, tu ventana a la rica cultura y vibrante comunidad de esta regi\u00f3n. Anteriormente conocida como Arag\u00f3n Televisi\u00f3n, Arag\u00f3n TV es el canal principal de la televisi\u00f3n p\u00fablica aragonesa. Desde su inicio, Arag\u00f3n TV se ha destacado por su enfoque innovador, ofreciendo una programaci\u00f3n variada que combina contenidos [&hellip;]<\/p>\n","protected":false},"author":1,"featured_media":0,"parent":0,"menu_order":0,"comment_status":"closed","ping_status":"closed","template":"","meta":{"_uag_custom_page_level_css":"","site-sidebar-layout":"default","site-content-layout":"","ast-site-content-layout":"default","site-content-style":"default","site-sidebar-style":"default","ast-global-header-display":"","ast-banner-title-visibility":"","ast-main-header-display":"","ast-hfb-above-header-display":"","ast-hfb-below-header-display":"","ast-hfb-mobile-header-display":"","site-post-title":"","ast-breadcrumbs-content":"","ast-featured-img":"","footer-sml-layout":"","ast-disable-related-posts":"","theme-transparent-header-meta":"","adv-header-id-meta":"","stick-header-meta":"","header-above-stick-meta":"","header-main-stick-meta":"","header-below-stick-meta":"","astra-migrate-meta-layouts":"set","ast-page-background-enabled":"default","ast-page-background-meta":{"desktop":{"background-color":"","background-image":"","background-repeat":"repeat","background-position":"center center","background-size":"auto","background-attachment":"scroll","background-type":"","background-media":"","overlay-type":"","overlay-color":"","overlay-opacity":"","overlay-gradient":""},"tablet":{"background-color":"","background-image":"","background-repeat":"repeat","background-position":"center center","background-size":"auto","background-attachment":"scroll","background-type":"","background-media":"","overlay-type":"","overlay-color":"","overlay-opacity":"","overlay-gradient":""},"mobile":{"background-color":"","background-image":"","background-repeat":"repeat","background-position":"center center","background-size":"auto","background-attachment":"scroll","background-type":"","background-media":"","overlay-type":"","overlay-color":"","overlay-opacity":"","overlay-gradient":""}},"ast-content-background-meta":{"desktop":{"background-color":"var(--ast-global-color-5)","background-image":"","background-repeat":"repeat","background-position":"center center","background-size":"auto","background-attachment":"scroll","background-type":"","background-media":"","overlay-type":"","overlay-color":"","overlay-opacity":"","overlay-gradient":""},"tablet":{"background-color":"var(--ast-global-color-5)","background-image":"","background-repeat":"repeat","background-position":"center center","background-size":"auto","background-attachment":"scroll","background-type":"","background-media":"","overlay-type":"","overlay-color":"","overlay-opacity":"","overlay-gradient":""},"mobile":{"background-color":"var(--ast-global-color-5)","background-image":"","background-repeat":"repeat","background-position":"center center","background-size":"auto","background-attachment":"scroll","background-type":"","background-media":"","overlay-type":"","overlay-color":"","overlay-opacity":"","overlay-gradient":""}},"footnotes":""},"class_list":["post-3006","page","type-page","status-publish","hentry"],"uagb_featured_image_src":{"full":false,"thumbnail":false,"medium":false,"medium_large":false,"large":false,"1536x1536":false,"2048x2048":false},"uagb_author_info":{"display_name":"admin","author_link":"https:\/\/fmlax.com\/latanmovil\/author\/latammovil\/"},"uagb_comment_info":0,"uagb_excerpt":"Arag\u00f3n TV: Descubre la Televisi\u00f3n Auton\u00f3mica de Arag\u00f3n, tu ventana a la rica cultura y vibrante comunidad de esta regi\u00f3n. Anteriormente conocida como Arag\u00f3n Televisi\u00f3n, Arag\u00f3n TV es el canal principal de la televisi\u00f3n p\u00fablica aragonesa. Desde su inicio, Arag\u00f3n TV se ha destacado por su enfoque innovador, ofreciendo una programaci\u00f3n variada que combina contenidos&hellip;","_links":{"self":[{"href":"https:\/\/fmlax.com\/latanmovil\/wp-json\/wp\/v2\/pages\/3006","targetHints":{"allow":["GET"]}}],"collection":[{"href":"https:\/\/fmlax.com\/latanmovil\/wp-json\/wp\/v2\/pages"}],"about":[{"href":"https:\/\/fmlax.com\/latanmovil\/wp-json\/wp\/v2\/types\/page"}],"author":[{"embeddable":true,"href":"https:\/\/fmlax.com\/latanmovil\/wp-json\/wp\/v2\/users\/1"}],"replies":[{"embeddable":true,"href":"https:\/\/fmlax.com\/latanmovil\/wp-json\/wp\/v2\/comments?post=3006"}],"version-history":[{"count":3,"href":"https:\/\/fmlax.com\/latanmovil\/wp-json\/wp\/v2\/pages\/3006\/revisions"}],"predecessor-version":[{"id":3233,"href":"https:\/\/fmlax.com\/latanmovil\/wp-json\/wp\/v2\/pages\/3006\/revisions\/3233"}],"wp:attachment":[{"href":"https:\/\/fmlax.com\/latanmovil\/wp-json\/wp\/v2\/media?parent=3006"}],"curies":[{"name":"wp","href":"https:\/\/api.w.org\/{rel}","templated":true}]}}