{"id":3001,"date":"2025-01-20T12:16:22","date_gmt":"2025-01-20T12:16:22","guid":{"rendered":"https:\/\/fmlax.com\/latanmovil\/?page_id=3001"},"modified":"2025-02-04T11:39:54","modified_gmt":"2025-02-04T11:39:54","slug":"a-punt-hd","status":"publish","type":"page","link":"https:\/\/fmlax.com\/latanmovil\/a-punt-hd\/","title":{"rendered":"A Punt HD"},"content":{"rendered":"\n<p>\u00c0 Punt: Descubre la nueva voz de la Comunidad Valenciana en televisi\u00f3n p\u00fablica. Como el canal de televisi\u00f3n p\u00fablico m\u00e1s reciente de la regi\u00f3n, \u00c0 Punt se estrena con la misi\u00f3n de brindar cobertura informativa y entretenimiento de calidad para satisfacer las necesidades de la comunidad. Despu\u00e9s de que la regi\u00f3n perdiera su canal auton\u00f3mico hace unos a\u00f1os, \u00c0 Punt llega para llenar ese vac\u00edo y convertirse en el referente de informaci\u00f3n y entretenimiento valenciano.<\/p>\n\n\n\n<p>En la programaci\u00f3n de \u00c0 Punt, encontrar\u00e1s una combinaci\u00f3n equilibrada de programas de tipo magazine y noticias, que te mantendr\u00e1n al tanto de la actualidad regional, nacional e internacional. Adem\u00e1s, ofrecemos una amplia variedad de espacios de entretenimiento dise\u00f1ados para toda la familia, con opciones que se adaptan a todos los gustos y edades.<\/p>\n\n\n\n<p>En \u00c0 Punt, nos enorgullece ser la voz de la comunidad valenciana y nos esforzamos por brindar una programaci\u00f3n diversa y de calidad que refleje los intereses y la identidad de nuestra regi\u00f3n. \u00danete a nosotros y descubre la emocionante mezcla de informaci\u00f3n y entretenimiento que \u00c0 Punt tiene para ofrecer. \u00a1Sintoniza y forma parte de nuestra comunidad televisiva valenciana!<\/p>\n\n\n\n<p><strong>Lo tienes disponible en<\/strong><\/p>\n\n\n\n<p>LatamM\u00f3vil Cero B\u00e1sico, LatamM\u00f3vil Cine, LatamM\u00f3vil Cine y Deportes, LatamM\u00f3vil Deportes, LatamM\u00f3vil Premium<\/p>\n\n\n\n<p><\/p>\n","protected":false},"excerpt":{"rendered":"<p>\u00c0 Punt: Descubre la nueva voz de la Comunidad Valenciana en televisi\u00f3n p\u00fablica. Como el canal de televisi\u00f3n p\u00fablico m\u00e1s reciente de la regi\u00f3n, \u00c0 Punt se estrena con la misi\u00f3n de brindar cobertura informativa y entretenimiento de calidad para satisfacer las necesidades de la comunidad. Despu\u00e9s de que la regi\u00f3n perdiera su canal auton\u00f3mico [&hellip;]<\/p>\n","protected":false},"author":1,"featured_media":0,"parent":0,"menu_order":0,"comment_status":"closed","ping_status":"closed","template":"","meta":{"_uag_custom_page_level_css":"","site-sidebar-layout":"default","site-content-layout":"","ast-site-content-layout":"default","site-content-style":"default","site-sidebar-style":"default","ast-global-header-display":"","ast-banner-title-visibility":"","ast-main-header-display":"","ast-hfb-above-header-display":"","ast-hfb-below-header-display":"","ast-hfb-mobile-header-display":"","site-post-title":"","ast-breadcrumbs-content":"","ast-featured-img":"","footer-sml-layout":"","ast-disable-related-posts":"","theme-transparent-header-meta":"","adv-header-id-meta":"","stick-header-meta":"","header-above-stick-meta":"","header-main-stick-meta":"","header-below-stick-meta":"","astra-migrate-meta-layouts":"set","ast-page-background-enabled":"default","ast-page-background-meta":{"desktop":{"background-color":"","background-image":"","background-repeat":"repeat","background-position":"center center","background-size":"auto","background-attachment":"scroll","background-type":"","background-media":"","overlay-type":"","overlay-color":"","overlay-opacity":"","overlay-gradient":""},"tablet":{"background-color":"","background-image":"","background-repeat":"repeat","background-position":"center center","background-size":"auto","background-attachment":"scroll","background-type":"","background-media":"","overlay-type":"","overlay-color":"","overlay-opacity":"","overlay-gradient":""},"mobile":{"background-color":"","background-image":"","background-repeat":"repeat","background-position":"center center","background-size":"auto","background-attachment":"scroll","background-type":"","background-media":"","overlay-type":"","overlay-color":"","overlay-opacity":"","overlay-gradient":""}},"ast-content-background-meta":{"desktop":{"background-color":"var(--ast-global-color-5)","background-image":"","background-repeat":"repeat","background-position":"center center","background-size":"auto","background-attachment":"scroll","background-type":"","background-media":"","overlay-type":"","overlay-color":"","overlay-opacity":"","overlay-gradient":""},"tablet":{"background-color":"var(--ast-global-color-5)","background-image":"","background-repeat":"repeat","background-position":"center center","background-size":"auto","background-attachment":"scroll","background-type":"","background-media":"","overlay-type":"","overlay-color":"","overlay-opacity":"","overlay-gradient":""},"mobile":{"background-color":"var(--ast-global-color-5)","background-image":"","background-repeat":"repeat","background-position":"center center","background-size":"auto","background-attachment":"scroll","background-type":"","background-media":"","overlay-type":"","overlay-color":"","overlay-opacity":"","overlay-gradient":""}},"footnotes":""},"class_list":["post-3001","page","type-page","status-publish","hentry"],"uagb_featured_image_src":{"full":false,"thumbnail":false,"medium":false,"medium_large":false,"large":false,"1536x1536":false,"2048x2048":false},"uagb_author_info":{"display_name":"admin","author_link":"https:\/\/fmlax.com\/latanmovil\/author\/latammovil\/"},"uagb_comment_info":0,"uagb_excerpt":"\u00c0 Punt: Descubre la nueva voz de la Comunidad Valenciana en televisi\u00f3n p\u00fablica. Como el canal de televisi\u00f3n p\u00fablico m\u00e1s reciente de la regi\u00f3n, \u00c0 Punt se estrena con la misi\u00f3n de brindar cobertura informativa y entretenimiento de calidad para satisfacer las necesidades de la comunidad. Despu\u00e9s de que la regi\u00f3n perdiera su canal auton\u00f3mico&hellip;","_links":{"self":[{"href":"https:\/\/fmlax.com\/latanmovil\/wp-json\/wp\/v2\/pages\/3001","targetHints":{"allow":["GET"]}}],"collection":[{"href":"https:\/\/fmlax.com\/latanmovil\/wp-json\/wp\/v2\/pages"}],"about":[{"href":"https:\/\/fmlax.com\/latanmovil\/wp-json\/wp\/v2\/types\/page"}],"author":[{"embeddable":true,"href":"https:\/\/fmlax.com\/latanmovil\/wp-json\/wp\/v2\/users\/1"}],"replies":[{"embeddable":true,"href":"https:\/\/fmlax.com\/latanmovil\/wp-json\/wp\/v2\/comments?post=3001"}],"version-history":[{"count":3,"href":"https:\/\/fmlax.com\/latanmovil\/wp-json\/wp\/v2\/pages\/3001\/revisions"}],"predecessor-version":[{"id":3225,"href":"https:\/\/fmlax.com\/latanmovil\/wp-json\/wp\/v2\/pages\/3001\/revisions\/3225"}],"wp:attachment":[{"href":"https:\/\/fmlax.com\/latanmovil\/wp-json\/wp\/v2\/media?parent=3001"}],"curies":[{"name":"wp","href":"https:\/\/api.w.org\/{rel}","templated":true}]}}