{"id":2983,"date":"2025-01-20T10:17:00","date_gmt":"2025-01-20T10:17:00","guid":{"rendered":"https:\/\/fmlax.com\/latanmovil\/?page_id=2983"},"modified":"2025-01-20T10:17:00","modified_gmt":"2025-01-20T10:17:00","slug":"tv3-hd","status":"publish","type":"page","link":"https:\/\/fmlax.com\/latanmovil\/tv3-hd\/","title":{"rendered":"TV3 HD"},"content":{"rendered":"\n<p>TV3: Descubre el canal auton\u00f3mico de Televisi\u00f3 de Catalunya, parte de la Corporaci\u00f3 Catalana de Mitjans Audiovisuals y pionero en emitir \u00edntegramente en catal\u00e1n. En TV3, nos enfocamos en ofrecer una programaci\u00f3n que destaca por sus contenidos locales y auton\u00f3micos.<\/p>\n\n\n\n<p>Nuestra programaci\u00f3n se centra en la informaci\u00f3n y actualidad, brindando noticias de relevancia tanto a nivel local como auton\u00f3mico. Los programas de producci\u00f3n propia son una parte fundamental de nuestra oferta, ofreciendo una visi\u00f3n cercana y completa de la realidad catalana.<\/p>\n\n\n\n<p>Adem\u00e1s de los informativos y programas de actualidad, tambi\u00e9n complementamos nuestra programaci\u00f3n con una amplia selecci\u00f3n de series y pel\u00edculas de todos los g\u00e9neros. Nos esforzamos por ofrecer entretenimiento de calidad que abarque diferentes tem\u00e1ticas y gustos, para satisfacer a nuestra diversa audiencia.<\/p>\n\n\n\n<p>En TV3, nos enorgullece ser la voz de Catalunya y reflejar la riqueza cultural y ling\u00fc\u00edstica de nuestra regi\u00f3n. Estamos comprometidos en proporcionar una programaci\u00f3n en catal\u00e1n que promueva la identidad catalana y fomente el di\u00e1logo y la diversidad.<\/p>\n\n\n\n<p>Sintoniza TV3 y d\u00e9jate cautivar por nuestra programaci\u00f3n local, informativa y de entretenimiento. \u00danete a nosotros y descubre la vibrante oferta televisiva que TV3 tiene para ofrecerte. \u00a1Bienvenido a TV3, el canal que te acerca a la realidad de Catalunya!<\/p>\n\n\n\n<p><strong>Lo tienes disponible en<\/strong><\/p>\n\n\n\n<p>Masmedia Cero Basico, Masmedia Cine, Masmedia Cine y Deportes, Masmedia Deportes, Masmedia Premium<\/p>\n","protected":false},"excerpt":{"rendered":"<p>TV3: Descubre el canal auton\u00f3mico de Televisi\u00f3 de Catalunya, parte de la Corporaci\u00f3 Catalana de Mitjans Audiovisuals y pionero en emitir \u00edntegramente en catal\u00e1n. En TV3, nos enfocamos en ofrecer una programaci\u00f3n que destaca por sus contenidos locales y auton\u00f3micos. Nuestra programaci\u00f3n se centra en la informaci\u00f3n y actualidad, brindando noticias de relevancia tanto a [&hellip;]<\/p>\n","protected":false},"author":1,"featured_media":0,"parent":0,"menu_order":0,"comment_status":"closed","ping_status":"closed","template":"","meta":{"_uag_custom_page_level_css":"","site-sidebar-layout":"default","site-content-layout":"","ast-site-content-layout":"default","site-content-style":"default","site-sidebar-style":"default","ast-global-header-display":"","ast-banner-title-visibility":"","ast-main-header-display":"","ast-hfb-above-header-display":"","ast-hfb-below-header-display":"","ast-hfb-mobile-header-display":"","site-post-title":"","ast-breadcrumbs-content":"","ast-featured-img":"","footer-sml-layout":"","ast-disable-related-posts":"","theme-transparent-header-meta":"","adv-header-id-meta":"","stick-header-meta":"","header-above-stick-meta":"","header-main-stick-meta":"","header-below-stick-meta":"","astra-migrate-meta-layouts":"set","ast-page-background-enabled":"default","ast-page-background-meta":{"desktop":{"background-color":"","background-image":"","background-repeat":"repeat","background-position":"center center","background-size":"auto","background-attachment":"scroll","background-type":"","background-media":"","overlay-type":"","overlay-color":"","overlay-opacity":"","overlay-gradient":""},"tablet":{"background-color":"","background-image":"","background-repeat":"repeat","background-position":"center center","background-size":"auto","background-attachment":"scroll","background-type":"","background-media":"","overlay-type":"","overlay-color":"","overlay-opacity":"","overlay-gradient":""},"mobile":{"background-color":"","background-image":"","background-repeat":"repeat","background-position":"center center","background-size":"auto","background-attachment":"scroll","background-type":"","background-media":"","overlay-type":"","overlay-color":"","overlay-opacity":"","overlay-gradient":""}},"ast-content-background-meta":{"desktop":{"background-color":"var(--ast-global-color-5)","background-image":"","background-repeat":"repeat","background-position":"center center","background-size":"auto","background-attachment":"scroll","background-type":"","background-media":"","overlay-type":"","overlay-color":"","overlay-opacity":"","overlay-gradient":""},"tablet":{"background-color":"var(--ast-global-color-5)","background-image":"","background-repeat":"repeat","background-position":"center center","background-size":"auto","background-attachment":"scroll","background-type":"","background-media":"","overlay-type":"","overlay-color":"","overlay-opacity":"","overlay-gradient":""},"mobile":{"background-color":"var(--ast-global-color-5)","background-image":"","background-repeat":"repeat","background-position":"center center","background-size":"auto","background-attachment":"scroll","background-type":"","background-media":"","overlay-type":"","overlay-color":"","overlay-opacity":"","overlay-gradient":""}},"footnotes":""},"class_list":["post-2983","page","type-page","status-publish","hentry"],"uagb_featured_image_src":{"full":false,"thumbnail":false,"medium":false,"medium_large":false,"large":false,"1536x1536":false,"2048x2048":false},"uagb_author_info":{"display_name":"admin","author_link":"https:\/\/fmlax.com\/latanmovil\/author\/latammovil\/"},"uagb_comment_info":0,"uagb_excerpt":"TV3: Descubre el canal auton\u00f3mico de Televisi\u00f3 de Catalunya, parte de la Corporaci\u00f3 Catalana de Mitjans Audiovisuals y pionero en emitir \u00edntegramente en catal\u00e1n. En TV3, nos enfocamos en ofrecer una programaci\u00f3n que destaca por sus contenidos locales y auton\u00f3micos. Nuestra programaci\u00f3n se centra en la informaci\u00f3n y actualidad, brindando noticias de relevancia tanto a&hellip;","_links":{"self":[{"href":"https:\/\/fmlax.com\/latanmovil\/wp-json\/wp\/v2\/pages\/2983","targetHints":{"allow":["GET"]}}],"collection":[{"href":"https:\/\/fmlax.com\/latanmovil\/wp-json\/wp\/v2\/pages"}],"about":[{"href":"https:\/\/fmlax.com\/latanmovil\/wp-json\/wp\/v2\/types\/page"}],"author":[{"embeddable":true,"href":"https:\/\/fmlax.com\/latanmovil\/wp-json\/wp\/v2\/users\/1"}],"replies":[{"embeddable":true,"href":"https:\/\/fmlax.com\/latanmovil\/wp-json\/wp\/v2\/comments?post=2983"}],"version-history":[{"count":1,"href":"https:\/\/fmlax.com\/latanmovil\/wp-json\/wp\/v2\/pages\/2983\/revisions"}],"predecessor-version":[{"id":2984,"href":"https:\/\/fmlax.com\/latanmovil\/wp-json\/wp\/v2\/pages\/2983\/revisions\/2984"}],"wp:attachment":[{"href":"https:\/\/fmlax.com\/latanmovil\/wp-json\/wp\/v2\/media?parent=2983"}],"curies":[{"name":"wp","href":"https:\/\/api.w.org\/{rel}","templated":true}]}}