{"id":2957,"date":"2025-01-20T10:01:58","date_gmt":"2025-01-20T10:01:58","guid":{"rendered":"https:\/\/fmlax.com\/latanmovil\/?page_id=2957"},"modified":"2025-01-20T10:01:58","modified_gmt":"2025-01-20T10:01:58","slug":"extremadura-tv","status":"publish","type":"page","link":"https:\/\/fmlax.com\/latanmovil\/extremadura-tv\/","title":{"rendered":"Extremadura TV"},"content":{"rendered":"\n<p>Canal Extremadura TV: Descubre la esencia de Extremadura a trav\u00e9s de nuestro canal auton\u00f3mico. Como parte de Extremadura Corporaci\u00f3n Extreme\u00f1a de Medios Audiovisuales (CEXMA), Canal Extremadura TV te ofrece una programaci\u00f3n variada y diversa.<\/p>\n\n\n\n<p>Nuestra programaci\u00f3n est\u00e1 compuesta por una combinaci\u00f3n de programas locales y de producci\u00f3n propia que reflejan la vida y la cultura de la regi\u00f3n. Desde noticias y eventos locales hasta programas de entretenimiento y cultura, nos esforzamos por mostrar lo mejor de Extremadura.<\/p>\n\n\n\n<p>Adem\u00e1s de nuestros programas locales, tambi\u00e9n presentamos espacios de producci\u00f3n extranjera que complementan y enriquecen nuestra oferta televisiva. Esto nos permite ofrecer una amplia variedad de contenido para satisfacer los diferentes gustos e intereses de nuestra audiencia.<\/p>\n\n\n\n<p>En nuestra gu\u00eda TV, puedes consultar toda la programaci\u00f3n de Canal Extremadura TV y descubrir los programas que m\u00e1s te interesen. Estamos comprometidos a brindar una experiencia televisiva aut\u00e9ntica y relevante para los extreme\u00f1os y todos aquellos que quieran conocer m\u00e1s sobre nuestra hermosa regi\u00f3n.<\/p>\n\n\n\n<p>Sintoniza Canal Extremadura TV y sum\u00e9rgete en la riqueza cultural, la actualidad y el entretenimiento de Extremadura. \u00a1Descubre lo mejor de nuestra regi\u00f3n a trav\u00e9s de nuestra programaci\u00f3n!<\/p>\n\n\n\n<p><strong>Lo tienes disponible en<\/strong><\/p>\n\n\n\n<p>Masmedia Cero Basico, Masmedia Cine, Masmedia Cine y Deportes, Masmedia Deportes, Masmedia Premium<\/p>\n","protected":false},"excerpt":{"rendered":"<p>Canal Extremadura TV: Descubre la esencia de Extremadura a trav\u00e9s de nuestro canal auton\u00f3mico. Como parte de Extremadura Corporaci\u00f3n Extreme\u00f1a de Medios Audiovisuales (CEXMA), Canal Extremadura TV te ofrece una programaci\u00f3n variada y diversa. Nuestra programaci\u00f3n est\u00e1 compuesta por una combinaci\u00f3n de programas locales y de producci\u00f3n propia que reflejan la vida y la cultura [&hellip;]<\/p>\n","protected":false},"author":1,"featured_media":0,"parent":0,"menu_order":0,"comment_status":"closed","ping_status":"closed","template":"","meta":{"_uag_custom_page_level_css":"","site-sidebar-layout":"default","site-content-layout":"","ast-site-content-layout":"default","site-content-style":"default","site-sidebar-style":"default","ast-global-header-display":"","ast-banner-title-visibility":"","ast-main-header-display":"","ast-hfb-above-header-display":"","ast-hfb-below-header-display":"","ast-hfb-mobile-header-display":"","site-post-title":"","ast-breadcrumbs-content":"","ast-featured-img":"","footer-sml-layout":"","ast-disable-related-posts":"","theme-transparent-header-meta":"","adv-header-id-meta":"","stick-header-meta":"","header-above-stick-meta":"","header-main-stick-meta":"","header-below-stick-meta":"","astra-migrate-meta-layouts":"set","ast-page-background-enabled":"default","ast-page-background-meta":{"desktop":{"background-color":"","background-image":"","background-repeat":"repeat","background-position":"center center","background-size":"auto","background-attachment":"scroll","background-type":"","background-media":"","overlay-type":"","overlay-color":"","overlay-opacity":"","overlay-gradient":""},"tablet":{"background-color":"","background-image":"","background-repeat":"repeat","background-position":"center center","background-size":"auto","background-attachment":"scroll","background-type":"","background-media":"","overlay-type":"","overlay-color":"","overlay-opacity":"","overlay-gradient":""},"mobile":{"background-color":"","background-image":"","background-repeat":"repeat","background-position":"center center","background-size":"auto","background-attachment":"scroll","background-type":"","background-media":"","overlay-type":"","overlay-color":"","overlay-opacity":"","overlay-gradient":""}},"ast-content-background-meta":{"desktop":{"background-color":"var(--ast-global-color-5)","background-image":"","background-repeat":"repeat","background-position":"center center","background-size":"auto","background-attachment":"scroll","background-type":"","background-media":"","overlay-type":"","overlay-color":"","overlay-opacity":"","overlay-gradient":""},"tablet":{"background-color":"var(--ast-global-color-5)","background-image":"","background-repeat":"repeat","background-position":"center center","background-size":"auto","background-attachment":"scroll","background-type":"","background-media":"","overlay-type":"","overlay-color":"","overlay-opacity":"","overlay-gradient":""},"mobile":{"background-color":"var(--ast-global-color-5)","background-image":"","background-repeat":"repeat","background-position":"center center","background-size":"auto","background-attachment":"scroll","background-type":"","background-media":"","overlay-type":"","overlay-color":"","overlay-opacity":"","overlay-gradient":""}},"footnotes":""},"class_list":["post-2957","page","type-page","status-publish","hentry"],"uagb_featured_image_src":{"full":false,"thumbnail":false,"medium":false,"medium_large":false,"large":false,"1536x1536":false,"2048x2048":false},"uagb_author_info":{"display_name":"admin","author_link":"https:\/\/fmlax.com\/latanmovil\/author\/latammovil\/"},"uagb_comment_info":0,"uagb_excerpt":"Canal Extremadura TV: Descubre la esencia de Extremadura a trav\u00e9s de nuestro canal auton\u00f3mico. Como parte de Extremadura Corporaci\u00f3n Extreme\u00f1a de Medios Audiovisuales (CEXMA), Canal Extremadura TV te ofrece una programaci\u00f3n variada y diversa. Nuestra programaci\u00f3n est\u00e1 compuesta por una combinaci\u00f3n de programas locales y de producci\u00f3n propia que reflejan la vida y la cultura&hellip;","_links":{"self":[{"href":"https:\/\/fmlax.com\/latanmovil\/wp-json\/wp\/v2\/pages\/2957","targetHints":{"allow":["GET"]}}],"collection":[{"href":"https:\/\/fmlax.com\/latanmovil\/wp-json\/wp\/v2\/pages"}],"about":[{"href":"https:\/\/fmlax.com\/latanmovil\/wp-json\/wp\/v2\/types\/page"}],"author":[{"embeddable":true,"href":"https:\/\/fmlax.com\/latanmovil\/wp-json\/wp\/v2\/users\/1"}],"replies":[{"embeddable":true,"href":"https:\/\/fmlax.com\/latanmovil\/wp-json\/wp\/v2\/comments?post=2957"}],"version-history":[{"count":1,"href":"https:\/\/fmlax.com\/latanmovil\/wp-json\/wp\/v2\/pages\/2957\/revisions"}],"predecessor-version":[{"id":2958,"href":"https:\/\/fmlax.com\/latanmovil\/wp-json\/wp\/v2\/pages\/2957\/revisions\/2958"}],"wp:attachment":[{"href":"https:\/\/fmlax.com\/latanmovil\/wp-json\/wp\/v2\/media?parent=2957"}],"curies":[{"name":"wp","href":"https:\/\/api.w.org\/{rel}","templated":true}]}}