{"id":2951,"date":"2025-01-16T15:50:28","date_gmt":"2025-01-16T15:50:28","guid":{"rendered":"https:\/\/fmlax.com\/latanmovil\/?page_id=2951"},"modified":"2025-01-16T15:50:28","modified_gmt":"2025-01-16T15:50:28","slug":"tv-galicia","status":"publish","type":"page","link":"https:\/\/fmlax.com\/latanmovil\/tv-galicia\/","title":{"rendered":"TV Galicia"},"content":{"rendered":"\n<p>Televisi\u00f3n de Galicia es conocida por sus siglas (TVG) y denominada com\u00fanmente por los gallegos como A Galega. Se trata del canal p\u00fablico auton\u00f3mico de televisi\u00f3n de Galicia y, como tal, forma parte de la Corporaci\u00f3n Radio e Televisi\u00f3n de Galicia (CRTVG). La programaci\u00f3n tv de TVG se compone de contenidos generalistas, informativos y programas de producci\u00f3n local en los que se trata la informaci\u00f3n regional. Su programaci\u00f3n se emite \u00edntegramente en Gallego. Consulta en nuestra gu\u00eda tv de TVG toda su programaci\u00f3n por horas.<\/p>\n\n\n\n<p><strong>Lo tienes disponible en<\/strong><\/p>\n\n\n\n<p>Masmedia Cero Basico, Masmedia Cine, Masmedia Cine y Deportes, Masmedia Deportes, Masmedia Premium<\/p>\n\n\n\n<p><\/p>\n","protected":false},"excerpt":{"rendered":"<p>Televisi\u00f3n de Galicia es conocida por sus siglas (TVG) y denominada com\u00fanmente por los gallegos como A Galega. Se trata del canal p\u00fablico auton\u00f3mico de televisi\u00f3n de Galicia y, como tal, forma parte de la Corporaci\u00f3n Radio e Televisi\u00f3n de Galicia (CRTVG). La programaci\u00f3n tv de TVG se compone de contenidos generalistas, informativos y programas [&hellip;]<\/p>\n","protected":false},"author":1,"featured_media":0,"parent":0,"menu_order":0,"comment_status":"closed","ping_status":"closed","template":"","meta":{"_uag_custom_page_level_css":"","site-sidebar-layout":"default","site-content-layout":"","ast-site-content-layout":"default","site-content-style":"default","site-sidebar-style":"default","ast-global-header-display":"","ast-banner-title-visibility":"","ast-main-header-display":"","ast-hfb-above-header-display":"","ast-hfb-below-header-display":"","ast-hfb-mobile-header-display":"","site-post-title":"","ast-breadcrumbs-content":"","ast-featured-img":"","footer-sml-layout":"","ast-disable-related-posts":"","theme-transparent-header-meta":"","adv-header-id-meta":"","stick-header-meta":"","header-above-stick-meta":"","header-main-stick-meta":"","header-below-stick-meta":"","astra-migrate-meta-layouts":"set","ast-page-background-enabled":"default","ast-page-background-meta":{"desktop":{"background-color":"","background-image":"","background-repeat":"repeat","background-position":"center center","background-size":"auto","background-attachment":"scroll","background-type":"","background-media":"","overlay-type":"","overlay-color":"","overlay-opacity":"","overlay-gradient":""},"tablet":{"background-color":"","background-image":"","background-repeat":"repeat","background-position":"center center","background-size":"auto","background-attachment":"scroll","background-type":"","background-media":"","overlay-type":"","overlay-color":"","overlay-opacity":"","overlay-gradient":""},"mobile":{"background-color":"","background-image":"","background-repeat":"repeat","background-position":"center center","background-size":"auto","background-attachment":"scroll","background-type":"","background-media":"","overlay-type":"","overlay-color":"","overlay-opacity":"","overlay-gradient":""}},"ast-content-background-meta":{"desktop":{"background-color":"var(--ast-global-color-5)","background-image":"","background-repeat":"repeat","background-position":"center center","background-size":"auto","background-attachment":"scroll","background-type":"","background-media":"","overlay-type":"","overlay-color":"","overlay-opacity":"","overlay-gradient":""},"tablet":{"background-color":"var(--ast-global-color-5)","background-image":"","background-repeat":"repeat","background-position":"center center","background-size":"auto","background-attachment":"scroll","background-type":"","background-media":"","overlay-type":"","overlay-color":"","overlay-opacity":"","overlay-gradient":""},"mobile":{"background-color":"var(--ast-global-color-5)","background-image":"","background-repeat":"repeat","background-position":"center center","background-size":"auto","background-attachment":"scroll","background-type":"","background-media":"","overlay-type":"","overlay-color":"","overlay-opacity":"","overlay-gradient":""}},"footnotes":""},"class_list":["post-2951","page","type-page","status-publish","hentry"],"uagb_featured_image_src":{"full":false,"thumbnail":false,"medium":false,"medium_large":false,"large":false,"1536x1536":false,"2048x2048":false},"uagb_author_info":{"display_name":"admin","author_link":"https:\/\/fmlax.com\/latanmovil\/author\/latammovil\/"},"uagb_comment_info":0,"uagb_excerpt":"Televisi\u00f3n de Galicia es conocida por sus siglas (TVG) y denominada com\u00fanmente por los gallegos como A Galega. Se trata del canal p\u00fablico auton\u00f3mico de televisi\u00f3n de Galicia y, como tal, forma parte de la Corporaci\u00f3n Radio e Televisi\u00f3n de Galicia (CRTVG). La programaci\u00f3n tv de TVG se compone de contenidos generalistas, informativos y programas&hellip;","_links":{"self":[{"href":"https:\/\/fmlax.com\/latanmovil\/wp-json\/wp\/v2\/pages\/2951","targetHints":{"allow":["GET"]}}],"collection":[{"href":"https:\/\/fmlax.com\/latanmovil\/wp-json\/wp\/v2\/pages"}],"about":[{"href":"https:\/\/fmlax.com\/latanmovil\/wp-json\/wp\/v2\/types\/page"}],"author":[{"embeddable":true,"href":"https:\/\/fmlax.com\/latanmovil\/wp-json\/wp\/v2\/users\/1"}],"replies":[{"embeddable":true,"href":"https:\/\/fmlax.com\/latanmovil\/wp-json\/wp\/v2\/comments?post=2951"}],"version-history":[{"count":1,"href":"https:\/\/fmlax.com\/latanmovil\/wp-json\/wp\/v2\/pages\/2951\/revisions"}],"predecessor-version":[{"id":2952,"href":"https:\/\/fmlax.com\/latanmovil\/wp-json\/wp\/v2\/pages\/2951\/revisions\/2952"}],"wp:attachment":[{"href":"https:\/\/fmlax.com\/latanmovil\/wp-json\/wp\/v2\/media?parent=2951"}],"curies":[{"name":"wp","href":"https:\/\/api.w.org\/{rel}","templated":true}]}}