{"id":2940,"date":"2025-01-16T15:45:11","date_gmt":"2025-01-16T15:45:11","guid":{"rendered":"https:\/\/fmlax.com\/latanmovil\/?page_id=2940"},"modified":"2025-01-16T15:45:11","modified_gmt":"2025-01-16T15:45:11","slug":"etb-3-2","status":"publish","type":"page","link":"https:\/\/fmlax.com\/latanmovil\/etb-3-2\/","title":{"rendered":"ETB 3"},"content":{"rendered":"\n<p>ETB 3: Descubre el tercer canal de la televisi\u00f3n p\u00fablica vasca, Euskal Telebista, donde la programaci\u00f3n se emite exclusivamente en euskera. ETB 3 se dedica principalmente a ofrecer contenidos infantiles y juveniles, proporcionando una experiencia televisiva enriquecedora para los m\u00e1s j\u00f3venes.<\/p>\n\n\n\n<p>Nuestro canal se esfuerza por ofrecer una amplia oferta de programaci\u00f3n que combina series infantiles extranjeras de renombre con producciones locales y nacionales. Nos enorgullece presentar una variedad de contenidos que entretienen, educan y estimulan a los ni\u00f1os y j\u00f3venes, al tiempo que fomentamos el uso y la promoci\u00f3n de la lengua vasca.<\/p>\n\n\n\n<p>Desde emocionantes aventuras hasta programas educativos y divertidos, ETB 3 est\u00e1 dise\u00f1ado para cautivar a los m\u00e1s peque\u00f1os de la casa. Nuestra programaci\u00f3n se selecciona cuidadosamente para ofrecer una experiencia televisiva de calidad que estimule su imaginaci\u00f3n y desarrollo.<\/p>\n\n\n\n<p>Sintoniza ETB 3 y permite que tus hijos disfruten de un mundo de entretenimiento en euskera. Explora nuestras series infantiles extranjeras y descubre las producciones locales que les brindar\u00e1n diversi\u00f3n y aprendizaje. ETB 3 es el canal ideal para acompa\u00f1ar el crecimiento y la diversi\u00f3n de los m\u00e1s j\u00f3venes. \u00a1Ven y \u00fanete a nosotros en ETB 3!<\/p>\n\n\n\n<p><strong>Lo tienes disponible en<\/strong><\/p>\n\n\n\n<p>Masmedia Cero Basico, Masmedia Cine, Masmedia Cine y Deportes, Masmedia Deportes, Masmedia Premium<\/p>\n","protected":false},"excerpt":{"rendered":"<p>ETB 3: Descubre el tercer canal de la televisi\u00f3n p\u00fablica vasca, Euskal Telebista, donde la programaci\u00f3n se emite exclusivamente en euskera. ETB 3 se dedica principalmente a ofrecer contenidos infantiles y juveniles, proporcionando una experiencia televisiva enriquecedora para los m\u00e1s j\u00f3venes. Nuestro canal se esfuerza por ofrecer una amplia oferta de programaci\u00f3n que combina series [&hellip;]<\/p>\n","protected":false},"author":1,"featured_media":0,"parent":0,"menu_order":0,"comment_status":"closed","ping_status":"closed","template":"","meta":{"_uag_custom_page_level_css":"","site-sidebar-layout":"default","site-content-layout":"","ast-site-content-layout":"default","site-content-style":"default","site-sidebar-style":"default","ast-global-header-display":"","ast-banner-title-visibility":"","ast-main-header-display":"","ast-hfb-above-header-display":"","ast-hfb-below-header-display":"","ast-hfb-mobile-header-display":"","site-post-title":"","ast-breadcrumbs-content":"","ast-featured-img":"","footer-sml-layout":"","ast-disable-related-posts":"","theme-transparent-header-meta":"","adv-header-id-meta":"","stick-header-meta":"","header-above-stick-meta":"","header-main-stick-meta":"","header-below-stick-meta":"","astra-migrate-meta-layouts":"set","ast-page-background-enabled":"default","ast-page-background-meta":{"desktop":{"background-color":"","background-image":"","background-repeat":"repeat","background-position":"center center","background-size":"auto","background-attachment":"scroll","background-type":"","background-media":"","overlay-type":"","overlay-color":"","overlay-opacity":"","overlay-gradient":""},"tablet":{"background-color":"","background-image":"","background-repeat":"repeat","background-position":"center center","background-size":"auto","background-attachment":"scroll","background-type":"","background-media":"","overlay-type":"","overlay-color":"","overlay-opacity":"","overlay-gradient":""},"mobile":{"background-color":"","background-image":"","background-repeat":"repeat","background-position":"center center","background-size":"auto","background-attachment":"scroll","background-type":"","background-media":"","overlay-type":"","overlay-color":"","overlay-opacity":"","overlay-gradient":""}},"ast-content-background-meta":{"desktop":{"background-color":"var(--ast-global-color-5)","background-image":"","background-repeat":"repeat","background-position":"center center","background-size":"auto","background-attachment":"scroll","background-type":"","background-media":"","overlay-type":"","overlay-color":"","overlay-opacity":"","overlay-gradient":""},"tablet":{"background-color":"var(--ast-global-color-5)","background-image":"","background-repeat":"repeat","background-position":"center center","background-size":"auto","background-attachment":"scroll","background-type":"","background-media":"","overlay-type":"","overlay-color":"","overlay-opacity":"","overlay-gradient":""},"mobile":{"background-color":"var(--ast-global-color-5)","background-image":"","background-repeat":"repeat","background-position":"center center","background-size":"auto","background-attachment":"scroll","background-type":"","background-media":"","overlay-type":"","overlay-color":"","overlay-opacity":"","overlay-gradient":""}},"footnotes":""},"class_list":["post-2940","page","type-page","status-publish","hentry"],"uagb_featured_image_src":{"full":false,"thumbnail":false,"medium":false,"medium_large":false,"large":false,"1536x1536":false,"2048x2048":false},"uagb_author_info":{"display_name":"admin","author_link":"https:\/\/fmlax.com\/latanmovil\/author\/latammovil\/"},"uagb_comment_info":0,"uagb_excerpt":"ETB 3: Descubre el tercer canal de la televisi\u00f3n p\u00fablica vasca, Euskal Telebista, donde la programaci\u00f3n se emite exclusivamente en euskera. ETB 3 se dedica principalmente a ofrecer contenidos infantiles y juveniles, proporcionando una experiencia televisiva enriquecedora para los m\u00e1s j\u00f3venes. Nuestro canal se esfuerza por ofrecer una amplia oferta de programaci\u00f3n que combina series&hellip;","_links":{"self":[{"href":"https:\/\/fmlax.com\/latanmovil\/wp-json\/wp\/v2\/pages\/2940","targetHints":{"allow":["GET"]}}],"collection":[{"href":"https:\/\/fmlax.com\/latanmovil\/wp-json\/wp\/v2\/pages"}],"about":[{"href":"https:\/\/fmlax.com\/latanmovil\/wp-json\/wp\/v2\/types\/page"}],"author":[{"embeddable":true,"href":"https:\/\/fmlax.com\/latanmovil\/wp-json\/wp\/v2\/users\/1"}],"replies":[{"embeddable":true,"href":"https:\/\/fmlax.com\/latanmovil\/wp-json\/wp\/v2\/comments?post=2940"}],"version-history":[{"count":1,"href":"https:\/\/fmlax.com\/latanmovil\/wp-json\/wp\/v2\/pages\/2940\/revisions"}],"predecessor-version":[{"id":2941,"href":"https:\/\/fmlax.com\/latanmovil\/wp-json\/wp\/v2\/pages\/2940\/revisions\/2941"}],"wp:attachment":[{"href":"https:\/\/fmlax.com\/latanmovil\/wp-json\/wp\/v2\/media?parent=2940"}],"curies":[{"name":"wp","href":"https:\/\/api.w.org\/{rel}","templated":true}]}}