{"id":2923,"date":"2025-01-16T15:36:20","date_gmt":"2025-01-16T15:36:20","guid":{"rendered":"https:\/\/fmlax.com\/latanmovil\/?page_id=2923"},"modified":"2025-01-16T15:36:20","modified_gmt":"2025-01-16T15:36:20","slug":"etb-1-hd","status":"publish","type":"page","link":"https:\/\/fmlax.com\/latanmovil\/etb-1-hd\/","title":{"rendered":"ETB 1 HD"},"content":{"rendered":"\n<p>Euskal Telebista (ETB): Descubre el ente televisivo de Euskal Irrati Telebista (Radio Televisi\u00f3n Vasca), el cual es dependiente del Parlamento Vasco. ETB es conocido por su programaci\u00f3n generalista, pero con un enfoque especial en la informaci\u00f3n regional y los programas de producci\u00f3n local. Adem\u00e1s, tambi\u00e9n ofrecemos una variedad de programas de entretenimiento y concursos.<\/p>\n\n\n\n<p>En ETB, nos enorgullece proporcionar una programaci\u00f3n en euskera, la lengua vasca, con el objetivo de preservar y promover nuestra identidad cultural y ling\u00fc\u00edstica. Nos esforzamos por ser un reflejo de la sociedad vasca y ofrecer contenidos que sean relevantes y cercanos a nuestra audiencia.<\/p>\n\n\n\n<p>Nuestra gu\u00eda TV muestra una amplia selecci\u00f3n de programas que abarcan desde noticias regionales hasta programas de entretenimiento y concursos emocionantes. Valoramos la importancia de mantenernos conectados con nuestra comunidad y brindar una plataforma para la expresi\u00f3n cultural y la diversidad de opiniones.<\/p>\n\n\n\n<p>Sintoniza ETB y sum\u00e9rgete en una experiencia televisiva \u00fanica en euskera. Desde la informaci\u00f3n regional hasta el entretenimiento m\u00e1s divertido, estamos comprometidos a ofrecerte una programaci\u00f3n de calidad que refleje la identidad vasca y te mantenga informado y entretenido.<\/p>\n\n\n\n<p>\u00danete a nosotros en ETB y s\u00e9 parte de nuestra comunidad televisiva. \u00a1Descubre la riqueza cultural y la vitalidad de Euskal Telebista!<\/p>\n\n\n\n<p><strong>Lo tienes disponible en<\/strong><\/p>\n\n\n\n<p>Masmedia Cero Basico, Masmedia Cine, Masmedia Cine y Deportes, Masmedia Deportes, Masmedia Premium<\/p>\n","protected":false},"excerpt":{"rendered":"<p>Euskal Telebista (ETB): Descubre el ente televisivo de Euskal Irrati Telebista (Radio Televisi\u00f3n Vasca), el cual es dependiente del Parlamento Vasco. ETB es conocido por su programaci\u00f3n generalista, pero con un enfoque especial en la informaci\u00f3n regional y los programas de producci\u00f3n local. Adem\u00e1s, tambi\u00e9n ofrecemos una variedad de programas de entretenimiento y concursos. En [&hellip;]<\/p>\n","protected":false},"author":1,"featured_media":0,"parent":0,"menu_order":0,"comment_status":"closed","ping_status":"closed","template":"","meta":{"_uag_custom_page_level_css":"","site-sidebar-layout":"default","site-content-layout":"","ast-site-content-layout":"default","site-content-style":"default","site-sidebar-style":"default","ast-global-header-display":"","ast-banner-title-visibility":"","ast-main-header-display":"","ast-hfb-above-header-display":"","ast-hfb-below-header-display":"","ast-hfb-mobile-header-display":"","site-post-title":"","ast-breadcrumbs-content":"","ast-featured-img":"","footer-sml-layout":"","ast-disable-related-posts":"","theme-transparent-header-meta":"","adv-header-id-meta":"","stick-header-meta":"","header-above-stick-meta":"","header-main-stick-meta":"","header-below-stick-meta":"","astra-migrate-meta-layouts":"set","ast-page-background-enabled":"default","ast-page-background-meta":{"desktop":{"background-color":"","background-image":"","background-repeat":"repeat","background-position":"center center","background-size":"auto","background-attachment":"scroll","background-type":"","background-media":"","overlay-type":"","overlay-color":"","overlay-opacity":"","overlay-gradient":""},"tablet":{"background-color":"","background-image":"","background-repeat":"repeat","background-position":"center center","background-size":"auto","background-attachment":"scroll","background-type":"","background-media":"","overlay-type":"","overlay-color":"","overlay-opacity":"","overlay-gradient":""},"mobile":{"background-color":"","background-image":"","background-repeat":"repeat","background-position":"center center","background-size":"auto","background-attachment":"scroll","background-type":"","background-media":"","overlay-type":"","overlay-color":"","overlay-opacity":"","overlay-gradient":""}},"ast-content-background-meta":{"desktop":{"background-color":"var(--ast-global-color-5)","background-image":"","background-repeat":"repeat","background-position":"center center","background-size":"auto","background-attachment":"scroll","background-type":"","background-media":"","overlay-type":"","overlay-color":"","overlay-opacity":"","overlay-gradient":""},"tablet":{"background-color":"var(--ast-global-color-5)","background-image":"","background-repeat":"repeat","background-position":"center center","background-size":"auto","background-attachment":"scroll","background-type":"","background-media":"","overlay-type":"","overlay-color":"","overlay-opacity":"","overlay-gradient":""},"mobile":{"background-color":"var(--ast-global-color-5)","background-image":"","background-repeat":"repeat","background-position":"center center","background-size":"auto","background-attachment":"scroll","background-type":"","background-media":"","overlay-type":"","overlay-color":"","overlay-opacity":"","overlay-gradient":""}},"footnotes":""},"class_list":["post-2923","page","type-page","status-publish","hentry"],"uagb_featured_image_src":{"full":false,"thumbnail":false,"medium":false,"medium_large":false,"large":false,"1536x1536":false,"2048x2048":false},"uagb_author_info":{"display_name":"admin","author_link":"https:\/\/fmlax.com\/latanmovil\/author\/latammovil\/"},"uagb_comment_info":0,"uagb_excerpt":"Euskal Telebista (ETB): Descubre el ente televisivo de Euskal Irrati Telebista (Radio Televisi\u00f3n Vasca), el cual es dependiente del Parlamento Vasco. ETB es conocido por su programaci\u00f3n generalista, pero con un enfoque especial en la informaci\u00f3n regional y los programas de producci\u00f3n local. Adem\u00e1s, tambi\u00e9n ofrecemos una variedad de programas de entretenimiento y concursos. En&hellip;","_links":{"self":[{"href":"https:\/\/fmlax.com\/latanmovil\/wp-json\/wp\/v2\/pages\/2923","targetHints":{"allow":["GET"]}}],"collection":[{"href":"https:\/\/fmlax.com\/latanmovil\/wp-json\/wp\/v2\/pages"}],"about":[{"href":"https:\/\/fmlax.com\/latanmovil\/wp-json\/wp\/v2\/types\/page"}],"author":[{"embeddable":true,"href":"https:\/\/fmlax.com\/latanmovil\/wp-json\/wp\/v2\/users\/1"}],"replies":[{"embeddable":true,"href":"https:\/\/fmlax.com\/latanmovil\/wp-json\/wp\/v2\/comments?post=2923"}],"version-history":[{"count":1,"href":"https:\/\/fmlax.com\/latanmovil\/wp-json\/wp\/v2\/pages\/2923\/revisions"}],"predecessor-version":[{"id":2924,"href":"https:\/\/fmlax.com\/latanmovil\/wp-json\/wp\/v2\/pages\/2923\/revisions\/2924"}],"wp:attachment":[{"href":"https:\/\/fmlax.com\/latanmovil\/wp-json\/wp\/v2\/media?parent=2923"}],"curies":[{"name":"wp","href":"https:\/\/api.w.org\/{rel}","templated":true}]}}