{"id":2907,"date":"2025-01-16T15:28:28","date_gmt":"2025-01-16T15:28:28","guid":{"rendered":"https:\/\/fmlax.com\/latanmovil\/?page_id=2907"},"modified":"2025-01-16T15:28:28","modified_gmt":"2025-01-16T15:28:28","slug":"etb-4","status":"publish","type":"page","link":"https:\/\/fmlax.com\/latanmovil\/etb-4\/","title":{"rendered":"ETB 4"},"content":{"rendered":"\n<p>ETB 4: Disfruta de la diversidad en el cuarto canal de la televisi\u00f3n p\u00fablica Vasca. Como parte de Euskal Telebista, ETB 4 se distingue por ser el \u00fanico canal que emite su programaci\u00f3n en castellano. Nuestra programaci\u00f3n se compone de una variedad de programas de producci\u00f3n propia, abarcando una amplia gama de g\u00e9neros para satisfacer los gustos de nuestra audiencia.<\/p>\n\n\n\n<p>En ETB 4, te invitamos a explorar nuestra gu\u00eda de programaci\u00f3n y descubrir una selecci\u00f3n de programas que te entretendr\u00e1n y te mantendr\u00e1n informado. Desde programas de actualidad y entretenimiento hasta espacios dedicados al cine con pel\u00edculas de todos los g\u00e9neros, nos esforzamos por ofrecer una experiencia televisiva diversa y atractiva.<\/p>\n\n\n\n<p>Ya sea que est\u00e9s buscando estar al tanto de las \u00faltimas noticias, disfrutar de programas de variedades o sumergirte en el mundo del cine, ETB 4 tiene algo para todos. Nuestro objetivo es proporcionar una programaci\u00f3n de calidad que satisfaga las necesidades e intereses de nuestra audiencia, manteni\u00e9ndonos fieles a la diversidad ling\u00fc\u00edstica y cultural de la regi\u00f3n vasca.<\/p>\n\n\n\n<p>\u00danete a nosotros en ETB 4 y descubre un mundo de entretenimiento y diversi\u00f3n en tu idioma preferido. Nuestra programaci\u00f3n te espera, \u00a1no te lo pierdas!<\/p>\n\n\n\n<p><strong>Lo tienes disponible en<\/strong><\/p>\n\n\n\n<p>Masmedia Cero Basico, Masmedia Cine, Masmedia Cine y Deportes, Masmedia Deportes, Masmedia Premium<\/p>\n\n\n\n<p><\/p>\n","protected":false},"excerpt":{"rendered":"<p>ETB 4: Disfruta de la diversidad en el cuarto canal de la televisi\u00f3n p\u00fablica Vasca. Como parte de Euskal Telebista, ETB 4 se distingue por ser el \u00fanico canal que emite su programaci\u00f3n en castellano. Nuestra programaci\u00f3n se compone de una variedad de programas de producci\u00f3n propia, abarcando una amplia gama de g\u00e9neros para satisfacer [&hellip;]<\/p>\n","protected":false},"author":1,"featured_media":0,"parent":0,"menu_order":0,"comment_status":"closed","ping_status":"closed","template":"","meta":{"_uag_custom_page_level_css":"","site-sidebar-layout":"default","site-content-layout":"","ast-site-content-layout":"default","site-content-style":"default","site-sidebar-style":"default","ast-global-header-display":"","ast-banner-title-visibility":"","ast-main-header-display":"","ast-hfb-above-header-display":"","ast-hfb-below-header-display":"","ast-hfb-mobile-header-display":"","site-post-title":"","ast-breadcrumbs-content":"","ast-featured-img":"","footer-sml-layout":"","ast-disable-related-posts":"","theme-transparent-header-meta":"","adv-header-id-meta":"","stick-header-meta":"","header-above-stick-meta":"","header-main-stick-meta":"","header-below-stick-meta":"","astra-migrate-meta-layouts":"set","ast-page-background-enabled":"default","ast-page-background-meta":{"desktop":{"background-color":"","background-image":"","background-repeat":"repeat","background-position":"center center","background-size":"auto","background-attachment":"scroll","background-type":"","background-media":"","overlay-type":"","overlay-color":"","overlay-opacity":"","overlay-gradient":""},"tablet":{"background-color":"","background-image":"","background-repeat":"repeat","background-position":"center center","background-size":"auto","background-attachment":"scroll","background-type":"","background-media":"","overlay-type":"","overlay-color":"","overlay-opacity":"","overlay-gradient":""},"mobile":{"background-color":"","background-image":"","background-repeat":"repeat","background-position":"center center","background-size":"auto","background-attachment":"scroll","background-type":"","background-media":"","overlay-type":"","overlay-color":"","overlay-opacity":"","overlay-gradient":""}},"ast-content-background-meta":{"desktop":{"background-color":"var(--ast-global-color-5)","background-image":"","background-repeat":"repeat","background-position":"center center","background-size":"auto","background-attachment":"scroll","background-type":"","background-media":"","overlay-type":"","overlay-color":"","overlay-opacity":"","overlay-gradient":""},"tablet":{"background-color":"var(--ast-global-color-5)","background-image":"","background-repeat":"repeat","background-position":"center center","background-size":"auto","background-attachment":"scroll","background-type":"","background-media":"","overlay-type":"","overlay-color":"","overlay-opacity":"","overlay-gradient":""},"mobile":{"background-color":"var(--ast-global-color-5)","background-image":"","background-repeat":"repeat","background-position":"center center","background-size":"auto","background-attachment":"scroll","background-type":"","background-media":"","overlay-type":"","overlay-color":"","overlay-opacity":"","overlay-gradient":""}},"footnotes":""},"class_list":["post-2907","page","type-page","status-publish","hentry"],"uagb_featured_image_src":{"full":false,"thumbnail":false,"medium":false,"medium_large":false,"large":false,"1536x1536":false,"2048x2048":false},"uagb_author_info":{"display_name":"admin","author_link":"https:\/\/fmlax.com\/latanmovil\/author\/latammovil\/"},"uagb_comment_info":0,"uagb_excerpt":"ETB 4: Disfruta de la diversidad en el cuarto canal de la televisi\u00f3n p\u00fablica Vasca. Como parte de Euskal Telebista, ETB 4 se distingue por ser el \u00fanico canal que emite su programaci\u00f3n en castellano. Nuestra programaci\u00f3n se compone de una variedad de programas de producci\u00f3n propia, abarcando una amplia gama de g\u00e9neros para satisfacer&hellip;","_links":{"self":[{"href":"https:\/\/fmlax.com\/latanmovil\/wp-json\/wp\/v2\/pages\/2907","targetHints":{"allow":["GET"]}}],"collection":[{"href":"https:\/\/fmlax.com\/latanmovil\/wp-json\/wp\/v2\/pages"}],"about":[{"href":"https:\/\/fmlax.com\/latanmovil\/wp-json\/wp\/v2\/types\/page"}],"author":[{"embeddable":true,"href":"https:\/\/fmlax.com\/latanmovil\/wp-json\/wp\/v2\/users\/1"}],"replies":[{"embeddable":true,"href":"https:\/\/fmlax.com\/latanmovil\/wp-json\/wp\/v2\/comments?post=2907"}],"version-history":[{"count":1,"href":"https:\/\/fmlax.com\/latanmovil\/wp-json\/wp\/v2\/pages\/2907\/revisions"}],"predecessor-version":[{"id":2908,"href":"https:\/\/fmlax.com\/latanmovil\/wp-json\/wp\/v2\/pages\/2907\/revisions\/2908"}],"wp:attachment":[{"href":"https:\/\/fmlax.com\/latanmovil\/wp-json\/wp\/v2\/media?parent=2907"}],"curies":[{"name":"wp","href":"https:\/\/api.w.org\/{rel}","templated":true}]}}