{"id":2846,"date":"2025-01-16T14:46:01","date_gmt":"2025-01-16T14:46:01","guid":{"rendered":"https:\/\/fmlax.com\/latanmovil\/?page_id=2846"},"modified":"2025-01-16T14:46:01","modified_gmt":"2025-01-16T14:46:01","slug":"5-star","status":"publish","type":"page","link":"https:\/\/fmlax.com\/latanmovil\/5-star\/","title":{"rendered":"5 Star"},"content":{"rendered":"\n<p><strong>5 STAR<\/strong>\u00a0es el hogar de documentales reflexivo, impulsados por la agenda, entretenimiento f\u00e1ctico con un prop\u00f3sito, drama y diverso comedia para el p\u00fablico m\u00e1s joven. El canal se lanz\u00f3 en octubre de 2006 y rebautiz\u00f3 como\u00a0<strong>5STAR<\/strong>\u00a0en 2016, bajo la propiedad de Viacom International Media Networks.\u00a0<\/p>\n\n\n\n<p><strong>Lo tienes disponible en<\/strong><\/p>\n\n\n\n<p>Paquete Internacional<\/p>\n","protected":false},"excerpt":{"rendered":"<p>5 STAR\u00a0es el hogar de documentales reflexivo, impulsados por la agenda, entretenimiento f\u00e1ctico con un prop\u00f3sito, drama y diverso comedia para el p\u00fablico m\u00e1s joven. El canal se lanz\u00f3 en octubre de 2006 y rebautiz\u00f3 como\u00a05STAR\u00a0en 2016, bajo la propiedad de Viacom International Media Networks.\u00a0 Lo tienes disponible en Paquete Internacional<\/p>\n","protected":false},"author":1,"featured_media":0,"parent":0,"menu_order":0,"comment_status":"closed","ping_status":"closed","template":"","meta":{"_uag_custom_page_level_css":"","site-sidebar-layout":"default","site-content-layout":"","ast-site-content-layout":"default","site-content-style":"default","site-sidebar-style":"default","ast-global-header-display":"","ast-banner-title-visibility":"","ast-main-header-display":"","ast-hfb-above-header-display":"","ast-hfb-below-header-display":"","ast-hfb-mobile-header-display":"","site-post-title":"","ast-breadcrumbs-content":"","ast-featured-img":"","footer-sml-layout":"","ast-disable-related-posts":"","theme-transparent-header-meta":"","adv-header-id-meta":"","stick-header-meta":"","header-above-stick-meta":"","header-main-stick-meta":"","header-below-stick-meta":"","astra-migrate-meta-layouts":"set","ast-page-background-enabled":"default","ast-page-background-meta":{"desktop":{"background-color":"","background-image":"","background-repeat":"repeat","background-position":"center center","background-size":"auto","background-attachment":"scroll","background-type":"","background-media":"","overlay-type":"","overlay-color":"","overlay-opacity":"","overlay-gradient":""},"tablet":{"background-color":"","background-image":"","background-repeat":"repeat","background-position":"center center","background-size":"auto","background-attachment":"scroll","background-type":"","background-media":"","overlay-type":"","overlay-color":"","overlay-opacity":"","overlay-gradient":""},"mobile":{"background-color":"","background-image":"","background-repeat":"repeat","background-position":"center center","background-size":"auto","background-attachment":"scroll","background-type":"","background-media":"","overlay-type":"","overlay-color":"","overlay-opacity":"","overlay-gradient":""}},"ast-content-background-meta":{"desktop":{"background-color":"var(--ast-global-color-5)","background-image":"","background-repeat":"repeat","background-position":"center center","background-size":"auto","background-attachment":"scroll","background-type":"","background-media":"","overlay-type":"","overlay-color":"","overlay-opacity":"","overlay-gradient":""},"tablet":{"background-color":"var(--ast-global-color-5)","background-image":"","background-repeat":"repeat","background-position":"center center","background-size":"auto","background-attachment":"scroll","background-type":"","background-media":"","overlay-type":"","overlay-color":"","overlay-opacity":"","overlay-gradient":""},"mobile":{"background-color":"var(--ast-global-color-5)","background-image":"","background-repeat":"repeat","background-position":"center center","background-size":"auto","background-attachment":"scroll","background-type":"","background-media":"","overlay-type":"","overlay-color":"","overlay-opacity":"","overlay-gradient":""}},"footnotes":""},"class_list":["post-2846","page","type-page","status-publish","hentry"],"uagb_featured_image_src":{"full":false,"thumbnail":false,"medium":false,"medium_large":false,"large":false,"1536x1536":false,"2048x2048":false},"uagb_author_info":{"display_name":"admin","author_link":"https:\/\/fmlax.com\/latanmovil\/author\/latammovil\/"},"uagb_comment_info":0,"uagb_excerpt":"5 STAR\u00a0es el hogar de documentales reflexivo, impulsados por la agenda, entretenimiento f\u00e1ctico con un prop\u00f3sito, drama y diverso comedia para el p\u00fablico m\u00e1s joven. El canal se lanz\u00f3 en octubre de 2006 y rebautiz\u00f3 como\u00a05STAR\u00a0en 2016, bajo la propiedad de Viacom International Media Networks.\u00a0 Lo tienes disponible en Paquete Internacional","_links":{"self":[{"href":"https:\/\/fmlax.com\/latanmovil\/wp-json\/wp\/v2\/pages\/2846","targetHints":{"allow":["GET"]}}],"collection":[{"href":"https:\/\/fmlax.com\/latanmovil\/wp-json\/wp\/v2\/pages"}],"about":[{"href":"https:\/\/fmlax.com\/latanmovil\/wp-json\/wp\/v2\/types\/page"}],"author":[{"embeddable":true,"href":"https:\/\/fmlax.com\/latanmovil\/wp-json\/wp\/v2\/users\/1"}],"replies":[{"embeddable":true,"href":"https:\/\/fmlax.com\/latanmovil\/wp-json\/wp\/v2\/comments?post=2846"}],"version-history":[{"count":1,"href":"https:\/\/fmlax.com\/latanmovil\/wp-json\/wp\/v2\/pages\/2846\/revisions"}],"predecessor-version":[{"id":2847,"href":"https:\/\/fmlax.com\/latanmovil\/wp-json\/wp\/v2\/pages\/2846\/revisions\/2847"}],"wp:attachment":[{"href":"https:\/\/fmlax.com\/latanmovil\/wp-json\/wp\/v2\/media?parent=2846"}],"curies":[{"name":"wp","href":"https:\/\/api.w.org\/{rel}","templated":true}]}}