{"id":2821,"date":"2025-01-16T14:26:29","date_gmt":"2025-01-16T14:26:29","guid":{"rendered":"https:\/\/fmlax.com\/latanmovil\/?page_id=2821"},"modified":"2025-01-16T14:26:29","modified_gmt":"2025-01-16T14:26:29","slug":"cgtn-espanol","status":"publish","type":"page","link":"https:\/\/fmlax.com\/latanmovil\/cgtn-espanol\/","title":{"rendered":"CGTN Espa\u00f1ol"},"content":{"rendered":"\n<p>CCTV-Espa\u00f1ol: Descubre el fascinante canal de televisi\u00f3n chino que se emite en Espa\u00f1a. Como parte de la Televisi\u00f3n Central de China, CCTV-Espa\u00f1ol ofrece una programaci\u00f3n exclusiva y completa en espa\u00f1ol, centrada en temas relacionados con China.<\/p>\n\n\n\n<p>En CCTV-Espa\u00f1ol, te sumergir\u00e1s en la rica cultura y las tradiciones de China a trav\u00e9s de una variedad de programas de entretenimiento, informativos y educativos. Nuestra programaci\u00f3n te llevar\u00e1 a un viaje \u00fanico, donde podr\u00e1s conocer la historia, la sociedad, la gastronom\u00eda, el arte y la vida cotidiana en China.<\/p>\n\n\n\n<p>Desde programas de entretenimiento que te cautivar\u00e1n hasta informativos que te mantendr\u00e1n al tanto de los acontecimientos en China y en el mundo, nuestra programaci\u00f3n est\u00e1 dise\u00f1ada para brindarte una experiencia completa y enriquecedora.<\/p>\n\n\n\n<p>Sintoniza CCTV-Espa\u00f1ol y ad\u00e9ntrate en la cultura china desde la comodidad de tu hogar. Explora la diversidad y la belleza de este fascinante pa\u00eds mientras te entretienes, te informas y ampl\u00edas tus conocimientos. \u00a1Acomp\u00e1\u00f1anos en este viaje televisivo \u00fanico y descubre la magia de China en CCTV-Espa\u00f1ol!<\/p>\n\n\n\n<p><strong>Lo tienes disponible en<\/strong><\/p>\n\n\n\n<p>Masmedia Cero Basico, Masmedia Cine, Masmedia Cine y Deportes, Masmedia Deportes, Masmedia Premium<\/p>\n\n\n\n<p><\/p>\n","protected":false},"excerpt":{"rendered":"<p>CCTV-Espa\u00f1ol: Descubre el fascinante canal de televisi\u00f3n chino que se emite en Espa\u00f1a. Como parte de la Televisi\u00f3n Central de China, CCTV-Espa\u00f1ol ofrece una programaci\u00f3n exclusiva y completa en espa\u00f1ol, centrada en temas relacionados con China. En CCTV-Espa\u00f1ol, te sumergir\u00e1s en la rica cultura y las tradiciones de China a trav\u00e9s de una variedad de [&hellip;]<\/p>\n","protected":false},"author":1,"featured_media":0,"parent":0,"menu_order":0,"comment_status":"closed","ping_status":"closed","template":"","meta":{"_uag_custom_page_level_css":"","site-sidebar-layout":"default","site-content-layout":"","ast-site-content-layout":"default","site-content-style":"default","site-sidebar-style":"default","ast-global-header-display":"","ast-banner-title-visibility":"","ast-main-header-display":"","ast-hfb-above-header-display":"","ast-hfb-below-header-display":"","ast-hfb-mobile-header-display":"","site-post-title":"","ast-breadcrumbs-content":"","ast-featured-img":"","footer-sml-layout":"","ast-disable-related-posts":"","theme-transparent-header-meta":"","adv-header-id-meta":"","stick-header-meta":"","header-above-stick-meta":"","header-main-stick-meta":"","header-below-stick-meta":"","astra-migrate-meta-layouts":"set","ast-page-background-enabled":"default","ast-page-background-meta":{"desktop":{"background-color":"","background-image":"","background-repeat":"repeat","background-position":"center center","background-size":"auto","background-attachment":"scroll","background-type":"","background-media":"","overlay-type":"","overlay-color":"","overlay-opacity":"","overlay-gradient":""},"tablet":{"background-color":"","background-image":"","background-repeat":"repeat","background-position":"center center","background-size":"auto","background-attachment":"scroll","background-type":"","background-media":"","overlay-type":"","overlay-color":"","overlay-opacity":"","overlay-gradient":""},"mobile":{"background-color":"","background-image":"","background-repeat":"repeat","background-position":"center center","background-size":"auto","background-attachment":"scroll","background-type":"","background-media":"","overlay-type":"","overlay-color":"","overlay-opacity":"","overlay-gradient":""}},"ast-content-background-meta":{"desktop":{"background-color":"var(--ast-global-color-5)","background-image":"","background-repeat":"repeat","background-position":"center center","background-size":"auto","background-attachment":"scroll","background-type":"","background-media":"","overlay-type":"","overlay-color":"","overlay-opacity":"","overlay-gradient":""},"tablet":{"background-color":"var(--ast-global-color-5)","background-image":"","background-repeat":"repeat","background-position":"center center","background-size":"auto","background-attachment":"scroll","background-type":"","background-media":"","overlay-type":"","overlay-color":"","overlay-opacity":"","overlay-gradient":""},"mobile":{"background-color":"var(--ast-global-color-5)","background-image":"","background-repeat":"repeat","background-position":"center center","background-size":"auto","background-attachment":"scroll","background-type":"","background-media":"","overlay-type":"","overlay-color":"","overlay-opacity":"","overlay-gradient":""}},"footnotes":""},"class_list":["post-2821","page","type-page","status-publish","hentry"],"uagb_featured_image_src":{"full":false,"thumbnail":false,"medium":false,"medium_large":false,"large":false,"1536x1536":false,"2048x2048":false},"uagb_author_info":{"display_name":"admin","author_link":"https:\/\/fmlax.com\/latanmovil\/author\/latammovil\/"},"uagb_comment_info":0,"uagb_excerpt":"CCTV-Espa\u00f1ol: Descubre el fascinante canal de televisi\u00f3n chino que se emite en Espa\u00f1a. Como parte de la Televisi\u00f3n Central de China, CCTV-Espa\u00f1ol ofrece una programaci\u00f3n exclusiva y completa en espa\u00f1ol, centrada en temas relacionados con China. En CCTV-Espa\u00f1ol, te sumergir\u00e1s en la rica cultura y las tradiciones de China a trav\u00e9s de una variedad de&hellip;","_links":{"self":[{"href":"https:\/\/fmlax.com\/latanmovil\/wp-json\/wp\/v2\/pages\/2821","targetHints":{"allow":["GET"]}}],"collection":[{"href":"https:\/\/fmlax.com\/latanmovil\/wp-json\/wp\/v2\/pages"}],"about":[{"href":"https:\/\/fmlax.com\/latanmovil\/wp-json\/wp\/v2\/types\/page"}],"author":[{"embeddable":true,"href":"https:\/\/fmlax.com\/latanmovil\/wp-json\/wp\/v2\/users\/1"}],"replies":[{"embeddable":true,"href":"https:\/\/fmlax.com\/latanmovil\/wp-json\/wp\/v2\/comments?post=2821"}],"version-history":[{"count":1,"href":"https:\/\/fmlax.com\/latanmovil\/wp-json\/wp\/v2\/pages\/2821\/revisions"}],"predecessor-version":[{"id":2822,"href":"https:\/\/fmlax.com\/latanmovil\/wp-json\/wp\/v2\/pages\/2821\/revisions\/2822"}],"wp:attachment":[{"href":"https:\/\/fmlax.com\/latanmovil\/wp-json\/wp\/v2\/media?parent=2821"}],"curies":[{"name":"wp","href":"https:\/\/api.w.org\/{rel}","templated":true}]}}