{"id":2803,"date":"2025-01-16T14:18:37","date_gmt":"2025-01-16T14:18:37","guid":{"rendered":"https:\/\/fmlax.com\/latanmovil\/?page_id=2803"},"modified":"2025-01-16T14:18:37","modified_gmt":"2025-01-16T14:18:37","slug":"bbc-news","status":"publish","type":"page","link":"https:\/\/fmlax.com\/latanmovil\/bbc-news\/","title":{"rendered":"BBC News"},"content":{"rendered":"\n<p>BBC News es un canal de televisi\u00f3n dedicado exclusivamente a la cobertura de noticias y eventos actuales. Como parte de la British Broadcasting Corporation (BBC), BBC News se ha ganado una s\u00f3lida reputaci\u00f3n como una fuente confiable e imparcial de informaci\u00f3n tanto a nivel nacional como internacional.<\/p>\n\n\n\n<p>Con una presencia global, BBC News ofrece una amplia cobertura de noticias, reportajes en vivo, entrevistas, an\u00e1lisis y documentales en una variedad de temas. Desde pol\u00edtica y econom\u00eda hasta ciencia, tecnolog\u00eda y cultura, el canal se esfuerza por brindar una visi\u00f3n completa y equilibrada de los acontecimientos que impactan al mundo.<\/p>\n\n\n\n<p>BBC News cuenta con un equipo de periodistas experimentados y corresponsales ubicados en diferentes partes del mundo, lo que permite una cobertura en profundidad de los principales sucesos internacionales. Adem\u00e1s, el canal se enorgullece de su enfoque en el periodismo riguroso y objetivo, buscando informar con precisi\u00f3n y proporcionar an\u00e1lisis exhaustivos para ayudar a los espectadores a comprender mejor los acontecimientos que dan forma a nuestro mundo.<\/p>\n\n\n\n<p>Adem\u00e1s de su programaci\u00f3n en vivo, BBC News tambi\u00e9n ofrece programas especiales y documentales que exploran temas de inter\u00e9s y relevancia global, abordando desaf\u00edos sociales, pol\u00edticos y culturales de nuestro tiempo.<\/p>\n\n\n\n<p>En resumen, BBC News es un canal de televisi\u00f3n l\u00edder en noticias, reconocido por su imparcialidad, cobertura global y periodismo de calidad. Con su dedicaci\u00f3n a proporcionar informaci\u00f3n precisa y en profundidad, BBC News se ha convertido en una fuente confiable para aquellos que buscan mantenerse informados sobre los acontecimientos m\u00e1s importantes a nivel mundial.<\/p>\n\n\n\n<p><strong>Lo tienes disponible en<\/strong><\/p>\n\n\n\n<p>Paquete Internacional<\/p>\n\n\n\n<p><\/p>\n","protected":false},"excerpt":{"rendered":"<p>BBC News es un canal de televisi\u00f3n dedicado exclusivamente a la cobertura de noticias y eventos actuales. Como parte de la British Broadcasting Corporation (BBC), BBC News se ha ganado una s\u00f3lida reputaci\u00f3n como una fuente confiable e imparcial de informaci\u00f3n tanto a nivel nacional como internacional. Con una presencia global, BBC News ofrece una [&hellip;]<\/p>\n","protected":false},"author":1,"featured_media":0,"parent":0,"menu_order":0,"comment_status":"closed","ping_status":"closed","template":"","meta":{"_uag_custom_page_level_css":"","site-sidebar-layout":"default","site-content-layout":"","ast-site-content-layout":"default","site-content-style":"default","site-sidebar-style":"default","ast-global-header-display":"","ast-banner-title-visibility":"","ast-main-header-display":"","ast-hfb-above-header-display":"","ast-hfb-below-header-display":"","ast-hfb-mobile-header-display":"","site-post-title":"","ast-breadcrumbs-content":"","ast-featured-img":"","footer-sml-layout":"","ast-disable-related-posts":"","theme-transparent-header-meta":"","adv-header-id-meta":"","stick-header-meta":"","header-above-stick-meta":"","header-main-stick-meta":"","header-below-stick-meta":"","astra-migrate-meta-layouts":"set","ast-page-background-enabled":"default","ast-page-background-meta":{"desktop":{"background-color":"","background-image":"","background-repeat":"repeat","background-position":"center center","background-size":"auto","background-attachment":"scroll","background-type":"","background-media":"","overlay-type":"","overlay-color":"","overlay-opacity":"","overlay-gradient":""},"tablet":{"background-color":"","background-image":"","background-repeat":"repeat","background-position":"center center","background-size":"auto","background-attachment":"scroll","background-type":"","background-media":"","overlay-type":"","overlay-color":"","overlay-opacity":"","overlay-gradient":""},"mobile":{"background-color":"","background-image":"","background-repeat":"repeat","background-position":"center center","background-size":"auto","background-attachment":"scroll","background-type":"","background-media":"","overlay-type":"","overlay-color":"","overlay-opacity":"","overlay-gradient":""}},"ast-content-background-meta":{"desktop":{"background-color":"var(--ast-global-color-5)","background-image":"","background-repeat":"repeat","background-position":"center center","background-size":"auto","background-attachment":"scroll","background-type":"","background-media":"","overlay-type":"","overlay-color":"","overlay-opacity":"","overlay-gradient":""},"tablet":{"background-color":"var(--ast-global-color-5)","background-image":"","background-repeat":"repeat","background-position":"center center","background-size":"auto","background-attachment":"scroll","background-type":"","background-media":"","overlay-type":"","overlay-color":"","overlay-opacity":"","overlay-gradient":""},"mobile":{"background-color":"var(--ast-global-color-5)","background-image":"","background-repeat":"repeat","background-position":"center center","background-size":"auto","background-attachment":"scroll","background-type":"","background-media":"","overlay-type":"","overlay-color":"","overlay-opacity":"","overlay-gradient":""}},"footnotes":""},"class_list":["post-2803","page","type-page","status-publish","hentry"],"uagb_featured_image_src":{"full":false,"thumbnail":false,"medium":false,"medium_large":false,"large":false,"1536x1536":false,"2048x2048":false},"uagb_author_info":{"display_name":"admin","author_link":"https:\/\/fmlax.com\/latanmovil\/author\/latammovil\/"},"uagb_comment_info":0,"uagb_excerpt":"BBC News es un canal de televisi\u00f3n dedicado exclusivamente a la cobertura de noticias y eventos actuales. Como parte de la British Broadcasting Corporation (BBC), BBC News se ha ganado una s\u00f3lida reputaci\u00f3n como una fuente confiable e imparcial de informaci\u00f3n tanto a nivel nacional como internacional. Con una presencia global, BBC News ofrece una&hellip;","_links":{"self":[{"href":"https:\/\/fmlax.com\/latanmovil\/wp-json\/wp\/v2\/pages\/2803","targetHints":{"allow":["GET"]}}],"collection":[{"href":"https:\/\/fmlax.com\/latanmovil\/wp-json\/wp\/v2\/pages"}],"about":[{"href":"https:\/\/fmlax.com\/latanmovil\/wp-json\/wp\/v2\/types\/page"}],"author":[{"embeddable":true,"href":"https:\/\/fmlax.com\/latanmovil\/wp-json\/wp\/v2\/users\/1"}],"replies":[{"embeddable":true,"href":"https:\/\/fmlax.com\/latanmovil\/wp-json\/wp\/v2\/comments?post=2803"}],"version-history":[{"count":1,"href":"https:\/\/fmlax.com\/latanmovil\/wp-json\/wp\/v2\/pages\/2803\/revisions"}],"predecessor-version":[{"id":2804,"href":"https:\/\/fmlax.com\/latanmovil\/wp-json\/wp\/v2\/pages\/2803\/revisions\/2804"}],"wp:attachment":[{"href":"https:\/\/fmlax.com\/latanmovil\/wp-json\/wp\/v2\/media?parent=2803"}],"curies":[{"name":"wp","href":"https:\/\/api.w.org\/{rel}","templated":true}]}}