{"id":2791,"date":"2025-01-16T14:13:10","date_gmt":"2025-01-16T14:13:10","guid":{"rendered":"https:\/\/fmlax.com\/latanmovil\/?page_id=2791"},"modified":"2025-01-16T14:13:10","modified_gmt":"2025-01-16T14:13:10","slug":"ch5","status":"publish","type":"page","link":"https:\/\/fmlax.com\/latanmovil\/ch5\/","title":{"rendered":"CH5"},"content":{"rendered":"\n<p>El canal CH5 es una destacada emisora de televisi\u00f3n con sede en el Reino Unido. Su programaci\u00f3n se centra en ofrecer una amplia variedad de programas de entretenimiento, informativos y ficci\u00f3n para el p\u00fablico ingl\u00e9s.<\/p>\n\n\n\n<p>En CH5, puedes encontrar una amplia gama de programas de entretenimiento que van desde concursos y reality shows hasta comedias y programas de estilo de vida. Estos programas te mantendr\u00e1n entretenido y te brindar\u00e1n momentos de diversi\u00f3n y emoci\u00f3n.<\/p>\n\n\n\n<p>Adem\u00e1s de los programas de entretenimiento, CH5 tambi\u00e9n presenta programas informativos que te mantendr\u00e1n al tanto de las \u00faltimas noticias y eventos tanto a nivel local como internacional. Estos programas te proporcionar\u00e1n informaci\u00f3n actualizada y an\u00e1lisis detallados sobre una variedad de temas.<\/p>\n\n\n\n<p>La programaci\u00f3n de ficci\u00f3n en CH5 ofrece una amplia selecci\u00f3n de series y pel\u00edculas que abarcan diversos g\u00e9neros y estilos. Desde dramas emocionales hasta thrillers y comedias, CH5 tiene algo para todos los amantes de la ficci\u00f3n televisiva.<\/p>\n\n\n\n<p>En resumen, el canal CH5 es una opci\u00f3n de entretenimiento completa que ofrece programas de entretenimiento emocionantes, noticias confiables y emocionantes producciones de ficci\u00f3n. Con su enfoque en la diversidad y calidad de su programaci\u00f3n, CH5 busca satisfacer los intereses y gustos del p\u00fablico ingl\u00e9s.<\/p>\n\n\n\n<p><strong>Lo tienes disponible en<\/strong><\/p>\n\n\n\n<p>Paquete Internacional<\/p>\n\n\n\n<p><\/p>\n","protected":false},"excerpt":{"rendered":"<p>El canal CH5 es una destacada emisora de televisi\u00f3n con sede en el Reino Unido. Su programaci\u00f3n se centra en ofrecer una amplia variedad de programas de entretenimiento, informativos y ficci\u00f3n para el p\u00fablico ingl\u00e9s. En CH5, puedes encontrar una amplia gama de programas de entretenimiento que van desde concursos y reality shows hasta comedias [&hellip;]<\/p>\n","protected":false},"author":1,"featured_media":0,"parent":0,"menu_order":0,"comment_status":"closed","ping_status":"closed","template":"","meta":{"_uag_custom_page_level_css":"","site-sidebar-layout":"default","site-content-layout":"","ast-site-content-layout":"default","site-content-style":"default","site-sidebar-style":"default","ast-global-header-display":"","ast-banner-title-visibility":"","ast-main-header-display":"","ast-hfb-above-header-display":"","ast-hfb-below-header-display":"","ast-hfb-mobile-header-display":"","site-post-title":"","ast-breadcrumbs-content":"","ast-featured-img":"","footer-sml-layout":"","ast-disable-related-posts":"","theme-transparent-header-meta":"","adv-header-id-meta":"","stick-header-meta":"","header-above-stick-meta":"","header-main-stick-meta":"","header-below-stick-meta":"","astra-migrate-meta-layouts":"set","ast-page-background-enabled":"default","ast-page-background-meta":{"desktop":{"background-color":"","background-image":"","background-repeat":"repeat","background-position":"center center","background-size":"auto","background-attachment":"scroll","background-type":"","background-media":"","overlay-type":"","overlay-color":"","overlay-opacity":"","overlay-gradient":""},"tablet":{"background-color":"","background-image":"","background-repeat":"repeat","background-position":"center center","background-size":"auto","background-attachment":"scroll","background-type":"","background-media":"","overlay-type":"","overlay-color":"","overlay-opacity":"","overlay-gradient":""},"mobile":{"background-color":"","background-image":"","background-repeat":"repeat","background-position":"center center","background-size":"auto","background-attachment":"scroll","background-type":"","background-media":"","overlay-type":"","overlay-color":"","overlay-opacity":"","overlay-gradient":""}},"ast-content-background-meta":{"desktop":{"background-color":"var(--ast-global-color-5)","background-image":"","background-repeat":"repeat","background-position":"center center","background-size":"auto","background-attachment":"scroll","background-type":"","background-media":"","overlay-type":"","overlay-color":"","overlay-opacity":"","overlay-gradient":""},"tablet":{"background-color":"var(--ast-global-color-5)","background-image":"","background-repeat":"repeat","background-position":"center center","background-size":"auto","background-attachment":"scroll","background-type":"","background-media":"","overlay-type":"","overlay-color":"","overlay-opacity":"","overlay-gradient":""},"mobile":{"background-color":"var(--ast-global-color-5)","background-image":"","background-repeat":"repeat","background-position":"center center","background-size":"auto","background-attachment":"scroll","background-type":"","background-media":"","overlay-type":"","overlay-color":"","overlay-opacity":"","overlay-gradient":""}},"footnotes":""},"class_list":["post-2791","page","type-page","status-publish","hentry"],"uagb_featured_image_src":{"full":false,"thumbnail":false,"medium":false,"medium_large":false,"large":false,"1536x1536":false,"2048x2048":false},"uagb_author_info":{"display_name":"admin","author_link":"https:\/\/fmlax.com\/latanmovil\/author\/latammovil\/"},"uagb_comment_info":0,"uagb_excerpt":"El canal CH5 es una destacada emisora de televisi\u00f3n con sede en el Reino Unido. Su programaci\u00f3n se centra en ofrecer una amplia variedad de programas de entretenimiento, informativos y ficci\u00f3n para el p\u00fablico ingl\u00e9s. En CH5, puedes encontrar una amplia gama de programas de entretenimiento que van desde concursos y reality shows hasta comedias&hellip;","_links":{"self":[{"href":"https:\/\/fmlax.com\/latanmovil\/wp-json\/wp\/v2\/pages\/2791","targetHints":{"allow":["GET"]}}],"collection":[{"href":"https:\/\/fmlax.com\/latanmovil\/wp-json\/wp\/v2\/pages"}],"about":[{"href":"https:\/\/fmlax.com\/latanmovil\/wp-json\/wp\/v2\/types\/page"}],"author":[{"embeddable":true,"href":"https:\/\/fmlax.com\/latanmovil\/wp-json\/wp\/v2\/users\/1"}],"replies":[{"embeddable":true,"href":"https:\/\/fmlax.com\/latanmovil\/wp-json\/wp\/v2\/comments?post=2791"}],"version-history":[{"count":1,"href":"https:\/\/fmlax.com\/latanmovil\/wp-json\/wp\/v2\/pages\/2791\/revisions"}],"predecessor-version":[{"id":2792,"href":"https:\/\/fmlax.com\/latanmovil\/wp-json\/wp\/v2\/pages\/2791\/revisions\/2792"}],"wp:attachment":[{"href":"https:\/\/fmlax.com\/latanmovil\/wp-json\/wp\/v2\/media?parent=2791"}],"curies":[{"name":"wp","href":"https:\/\/api.w.org\/{rel}","templated":true}]}}