{"id":2781,"date":"2025-01-16T14:08:59","date_gmt":"2025-01-16T14:08:59","guid":{"rendered":"https:\/\/fmlax.com\/latanmovil\/?page_id=2781"},"modified":"2025-01-16T14:09:00","modified_gmt":"2025-01-16T14:09:00","slug":"e4","status":"publish","type":"page","link":"https:\/\/fmlax.com\/latanmovil\/e4\/","title":{"rendered":"E4"},"content":{"rendered":"\n<p>El canal E4 es una popular emisora de televisi\u00f3n con sede en el Reino Unido. Con una programaci\u00f3n diversa y entretenida, E4 se ha convertido en un destino favorito para los espectadores en busca de contenido fresco y emocionante.<\/p>\n\n\n\n<p>E4 se destaca por su enfoque en la audiencia joven y urbana, ofreciendo una amplia gama de programas de entretenimiento, series de televisi\u00f3n y eventos en vivo. La programaci\u00f3n de E4 incluye comedias populares, dramas aclamados, reality shows, programas de m\u00fasica y eventos especiales.<\/p>\n\n\n\n<p>Los espectadores pueden disfrutar de series ic\u00f3nicas y aclamadas como \u00abMisfits\u00bb, \u00abSkins\u00bb y \u00abThe Inbetweeners\u00bb, as\u00ed como de nuevas y emocionantes producciones. E4 tambi\u00e9n transmite programas de Estados Unidos, brindando acceso a las series m\u00e1s populares de la televisi\u00f3n estadounidense.<\/p>\n\n\n\n<p>Adem\u00e1s de su oferta de entretenimiento, E4 tambi\u00e9n presenta programas informativos y documentales sobre diversos temas de inter\u00e9s para su audiencia. Estos programas ofrecen una visi\u00f3n profunda y perspicaz de la cultura, la m\u00fasica, la moda y otros aspectos de la vida contempor\u00e1nea.<\/p>\n\n\n\n<p>En resumen, el canal E4 es una opci\u00f3n emocionante para los espectadores en el Reino Unido que buscan contenido entretenido y relevante. Con su amplia variedad de programas y su enfoque en la audiencia joven, E4 se ha convertido en un destino popular para aquellos que buscan una experiencia televisiva \u00fanica y emocionante.<\/p>\n\n\n\n<p><strong>Lo tienes disponible en<\/strong><\/p>\n\n\n\n<p>Paquete Internacional<\/p>\n","protected":false},"excerpt":{"rendered":"<p>El canal E4 es una popular emisora de televisi\u00f3n con sede en el Reino Unido. Con una programaci\u00f3n diversa y entretenida, E4 se ha convertido en un destino favorito para los espectadores en busca de contenido fresco y emocionante. E4 se destaca por su enfoque en la audiencia joven y urbana, ofreciendo una amplia gama [&hellip;]<\/p>\n","protected":false},"author":1,"featured_media":0,"parent":0,"menu_order":0,"comment_status":"closed","ping_status":"closed","template":"","meta":{"_uag_custom_page_level_css":"","site-sidebar-layout":"default","site-content-layout":"","ast-site-content-layout":"default","site-content-style":"default","site-sidebar-style":"default","ast-global-header-display":"","ast-banner-title-visibility":"","ast-main-header-display":"","ast-hfb-above-header-display":"","ast-hfb-below-header-display":"","ast-hfb-mobile-header-display":"","site-post-title":"","ast-breadcrumbs-content":"","ast-featured-img":"","footer-sml-layout":"","ast-disable-related-posts":"","theme-transparent-header-meta":"","adv-header-id-meta":"","stick-header-meta":"","header-above-stick-meta":"","header-main-stick-meta":"","header-below-stick-meta":"","astra-migrate-meta-layouts":"set","ast-page-background-enabled":"default","ast-page-background-meta":{"desktop":{"background-color":"","background-image":"","background-repeat":"repeat","background-position":"center center","background-size":"auto","background-attachment":"scroll","background-type":"","background-media":"","overlay-type":"","overlay-color":"","overlay-opacity":"","overlay-gradient":""},"tablet":{"background-color":"","background-image":"","background-repeat":"repeat","background-position":"center center","background-size":"auto","background-attachment":"scroll","background-type":"","background-media":"","overlay-type":"","overlay-color":"","overlay-opacity":"","overlay-gradient":""},"mobile":{"background-color":"","background-image":"","background-repeat":"repeat","background-position":"center center","background-size":"auto","background-attachment":"scroll","background-type":"","background-media":"","overlay-type":"","overlay-color":"","overlay-opacity":"","overlay-gradient":""}},"ast-content-background-meta":{"desktop":{"background-color":"var(--ast-global-color-5)","background-image":"","background-repeat":"repeat","background-position":"center center","background-size":"auto","background-attachment":"scroll","background-type":"","background-media":"","overlay-type":"","overlay-color":"","overlay-opacity":"","overlay-gradient":""},"tablet":{"background-color":"var(--ast-global-color-5)","background-image":"","background-repeat":"repeat","background-position":"center center","background-size":"auto","background-attachment":"scroll","background-type":"","background-media":"","overlay-type":"","overlay-color":"","overlay-opacity":"","overlay-gradient":""},"mobile":{"background-color":"var(--ast-global-color-5)","background-image":"","background-repeat":"repeat","background-position":"center center","background-size":"auto","background-attachment":"scroll","background-type":"","background-media":"","overlay-type":"","overlay-color":"","overlay-opacity":"","overlay-gradient":""}},"footnotes":""},"class_list":["post-2781","page","type-page","status-publish","hentry"],"uagb_featured_image_src":{"full":false,"thumbnail":false,"medium":false,"medium_large":false,"large":false,"1536x1536":false,"2048x2048":false},"uagb_author_info":{"display_name":"admin","author_link":"https:\/\/fmlax.com\/latanmovil\/author\/latammovil\/"},"uagb_comment_info":0,"uagb_excerpt":"El canal E4 es una popular emisora de televisi\u00f3n con sede en el Reino Unido. Con una programaci\u00f3n diversa y entretenida, E4 se ha convertido en un destino favorito para los espectadores en busca de contenido fresco y emocionante. E4 se destaca por su enfoque en la audiencia joven y urbana, ofreciendo una amplia gama&hellip;","_links":{"self":[{"href":"https:\/\/fmlax.com\/latanmovil\/wp-json\/wp\/v2\/pages\/2781","targetHints":{"allow":["GET"]}}],"collection":[{"href":"https:\/\/fmlax.com\/latanmovil\/wp-json\/wp\/v2\/pages"}],"about":[{"href":"https:\/\/fmlax.com\/latanmovil\/wp-json\/wp\/v2\/types\/page"}],"author":[{"embeddable":true,"href":"https:\/\/fmlax.com\/latanmovil\/wp-json\/wp\/v2\/users\/1"}],"replies":[{"embeddable":true,"href":"https:\/\/fmlax.com\/latanmovil\/wp-json\/wp\/v2\/comments?post=2781"}],"version-history":[{"count":1,"href":"https:\/\/fmlax.com\/latanmovil\/wp-json\/wp\/v2\/pages\/2781\/revisions"}],"predecessor-version":[{"id":2782,"href":"https:\/\/fmlax.com\/latanmovil\/wp-json\/wp\/v2\/pages\/2781\/revisions\/2782"}],"wp:attachment":[{"href":"https:\/\/fmlax.com\/latanmovil\/wp-json\/wp\/v2\/media?parent=2781"}],"curies":[{"name":"wp","href":"https:\/\/api.w.org\/{rel}","templated":true}]}}