{"id":2764,"date":"2025-01-16T14:00:45","date_gmt":"2025-01-16T14:00:45","guid":{"rendered":"https:\/\/fmlax.com\/latanmovil\/?page_id=2764"},"modified":"2025-01-16T14:00:45","modified_gmt":"2025-01-16T14:00:45","slug":"ch4","status":"publish","type":"page","link":"https:\/\/fmlax.com\/latanmovil\/ch4\/","title":{"rendered":"CH4"},"content":{"rendered":"\n<p>Channel 4 es un canal de televisi\u00f3n brit\u00e1nico con una amplia oferta de programaci\u00f3n. Fue lanzado en 1982 y se caracteriza por su enfoque innovador y contenido diverso. Aunque es financiado por publicidad, Channel 4 tiene una misi\u00f3n de servicio p\u00fablico y se diferencia de otros canales comerciales en t\u00e9rminos de su programaci\u00f3n y enfoque.<\/p>\n\n\n\n<p>Channel 4 ofrece una variedad de programas que abarcan desde dramas y comedias hasta documentales, reality shows, programas de entretenimiento y eventos deportivos. Adem\u00e1s, se destaca por su programaci\u00f3n alternativa y arriesgada, dando voz a grupos marginados y abordando temas controvertidos y actuales.<\/p>\n\n\n\n<p>El canal tambi\u00e9n es conocido por su compromiso con la innovaci\u00f3n y la experimentaci\u00f3n en la televisi\u00f3n, habiendo lanzado varios formatos y programas originales que han tenido un impacto significativo en la industria.<\/p>\n\n\n\n<p>En resumen, Channel 4 es un canal de televisi\u00f3n del Reino Unido que ofrece una programaci\u00f3n diversa y original, abordando una amplia gama de temas y ofreciendo contenido innovador. Su enfoque \u00fanico y su compromiso con el servicio p\u00fablico lo han convertido en un canal influyente en la televisi\u00f3n brit\u00e1nica<\/p>\n\n\n\n<p><strong>Lo tienes disponible en<\/strong><\/p>\n\n\n\n<p>Paquete Internacional<\/p>\n","protected":false},"excerpt":{"rendered":"<p>Channel 4 es un canal de televisi\u00f3n brit\u00e1nico con una amplia oferta de programaci\u00f3n. Fue lanzado en 1982 y se caracteriza por su enfoque innovador y contenido diverso. Aunque es financiado por publicidad, Channel 4 tiene una misi\u00f3n de servicio p\u00fablico y se diferencia de otros canales comerciales en t\u00e9rminos de su programaci\u00f3n y enfoque. [&hellip;]<\/p>\n","protected":false},"author":1,"featured_media":0,"parent":0,"menu_order":0,"comment_status":"closed","ping_status":"closed","template":"","meta":{"_uag_custom_page_level_css":"","site-sidebar-layout":"default","site-content-layout":"","ast-site-content-layout":"default","site-content-style":"default","site-sidebar-style":"default","ast-global-header-display":"","ast-banner-title-visibility":"","ast-main-header-display":"","ast-hfb-above-header-display":"","ast-hfb-below-header-display":"","ast-hfb-mobile-header-display":"","site-post-title":"","ast-breadcrumbs-content":"","ast-featured-img":"","footer-sml-layout":"","ast-disable-related-posts":"","theme-transparent-header-meta":"","adv-header-id-meta":"","stick-header-meta":"","header-above-stick-meta":"","header-main-stick-meta":"","header-below-stick-meta":"","astra-migrate-meta-layouts":"set","ast-page-background-enabled":"default","ast-page-background-meta":{"desktop":{"background-color":"","background-image":"","background-repeat":"repeat","background-position":"center center","background-size":"auto","background-attachment":"scroll","background-type":"","background-media":"","overlay-type":"","overlay-color":"","overlay-opacity":"","overlay-gradient":""},"tablet":{"background-color":"","background-image":"","background-repeat":"repeat","background-position":"center center","background-size":"auto","background-attachment":"scroll","background-type":"","background-media":"","overlay-type":"","overlay-color":"","overlay-opacity":"","overlay-gradient":""},"mobile":{"background-color":"","background-image":"","background-repeat":"repeat","background-position":"center center","background-size":"auto","background-attachment":"scroll","background-type":"","background-media":"","overlay-type":"","overlay-color":"","overlay-opacity":"","overlay-gradient":""}},"ast-content-background-meta":{"desktop":{"background-color":"var(--ast-global-color-5)","background-image":"","background-repeat":"repeat","background-position":"center center","background-size":"auto","background-attachment":"scroll","background-type":"","background-media":"","overlay-type":"","overlay-color":"","overlay-opacity":"","overlay-gradient":""},"tablet":{"background-color":"var(--ast-global-color-5)","background-image":"","background-repeat":"repeat","background-position":"center center","background-size":"auto","background-attachment":"scroll","background-type":"","background-media":"","overlay-type":"","overlay-color":"","overlay-opacity":"","overlay-gradient":""},"mobile":{"background-color":"var(--ast-global-color-5)","background-image":"","background-repeat":"repeat","background-position":"center center","background-size":"auto","background-attachment":"scroll","background-type":"","background-media":"","overlay-type":"","overlay-color":"","overlay-opacity":"","overlay-gradient":""}},"footnotes":""},"class_list":["post-2764","page","type-page","status-publish","hentry"],"uagb_featured_image_src":{"full":false,"thumbnail":false,"medium":false,"medium_large":false,"large":false,"1536x1536":false,"2048x2048":false},"uagb_author_info":{"display_name":"admin","author_link":"https:\/\/fmlax.com\/latanmovil\/author\/latammovil\/"},"uagb_comment_info":0,"uagb_excerpt":"Channel 4 es un canal de televisi\u00f3n brit\u00e1nico con una amplia oferta de programaci\u00f3n. Fue lanzado en 1982 y se caracteriza por su enfoque innovador y contenido diverso. Aunque es financiado por publicidad, Channel 4 tiene una misi\u00f3n de servicio p\u00fablico y se diferencia de otros canales comerciales en t\u00e9rminos de su programaci\u00f3n y enfoque.&hellip;","_links":{"self":[{"href":"https:\/\/fmlax.com\/latanmovil\/wp-json\/wp\/v2\/pages\/2764","targetHints":{"allow":["GET"]}}],"collection":[{"href":"https:\/\/fmlax.com\/latanmovil\/wp-json\/wp\/v2\/pages"}],"about":[{"href":"https:\/\/fmlax.com\/latanmovil\/wp-json\/wp\/v2\/types\/page"}],"author":[{"embeddable":true,"href":"https:\/\/fmlax.com\/latanmovil\/wp-json\/wp\/v2\/users\/1"}],"replies":[{"embeddable":true,"href":"https:\/\/fmlax.com\/latanmovil\/wp-json\/wp\/v2\/comments?post=2764"}],"version-history":[{"count":1,"href":"https:\/\/fmlax.com\/latanmovil\/wp-json\/wp\/v2\/pages\/2764\/revisions"}],"predecessor-version":[{"id":2765,"href":"https:\/\/fmlax.com\/latanmovil\/wp-json\/wp\/v2\/pages\/2764\/revisions\/2765"}],"wp:attachment":[{"href":"https:\/\/fmlax.com\/latanmovil\/wp-json\/wp\/v2\/media?parent=2764"}],"curies":[{"name":"wp","href":"https:\/\/api.w.org\/{rel}","templated":true}]}}