{"id":2752,"date":"2025-01-16T13:10:03","date_gmt":"2025-01-16T13:10:03","guid":{"rendered":"https:\/\/fmlax.com\/latanmovil\/?page_id=2752"},"modified":"2025-01-16T13:10:03","modified_gmt":"2025-01-16T13:10:03","slug":"france-24","status":"publish","type":"page","link":"https:\/\/fmlax.com\/latanmovil\/france-24\/","title":{"rendered":"France 24"},"content":{"rendered":"\n<p>France 24 es un canal de televisi\u00f3n de noticias internacionales con sede en Francia. Lanzado en 2006, France 24 ofrece una programaci\u00f3n completa de noticias, an\u00e1lisis y reportajes en varios idiomas, incluyendo el franc\u00e9s.<\/p>\n\n\n\n<p>Como canal de noticias, France 24 cubre los principales acontecimientos mundiales, brindando informaci\u00f3n en tiempo real sobre pol\u00edtica, econom\u00eda, cultura, deportes y otros temas. Los espectadores pueden mantenerse informados sobre los \u00faltimos acontecimientos en Francia y en todo el mundo a trav\u00e9s de reportajes en terreno, entrevistas a expertos y debates animados.<\/p>\n\n\n\n<p>La programaci\u00f3n de France 24 se enriquece con revistas especializadas que exploran temas de inter\u00e9s particular, como econom\u00eda, cultura, tecnolog\u00eda y asuntos internacionales. Estos programas profundos ofrecen una visi\u00f3n detallada de las problem\u00e1ticas actuales y permiten a los espectadores comprender mejor el mundo que les rodea.<\/p>\n\n\n\n<p>France 24 tambi\u00e9n se esfuerza por promover la diversidad cultural al ofrecer programas que destacan las diferentes perspectivas y voces del mundo franc\u00f3fono. Los espectadores pueden descubrir reportajes sobre eventos culturales, tradiciones locales, m\u00fasica, cine y mucho m\u00e1s, lo que contribuye a una mejor comprensi\u00f3n y aprecio de las diversas culturas.<\/p>\n\n\n\n<p>En resumen, France 24 es un canal de noticias internacionales en franc\u00e9s que ofrece una cobertura completa de los acontecimientos mundiales, an\u00e1lisis en profundidad y una variedad de programas culturales. Su objetivo es informar, educar y entretener a los espectadores franc\u00f3fonos al brindar acceso a las \u00faltimas noticias y resaltar la riqueza de la cultura franc\u00f3fona.<\/p>\n\n\n\n<p><strong>Lo tienes disponible en<\/strong><\/p>\n\n\n\n<p>Paquete Internacional<\/p>\n","protected":false},"excerpt":{"rendered":"<p>France 24 es un canal de televisi\u00f3n de noticias internacionales con sede en Francia. Lanzado en 2006, France 24 ofrece una programaci\u00f3n completa de noticias, an\u00e1lisis y reportajes en varios idiomas, incluyendo el franc\u00e9s. Como canal de noticias, France 24 cubre los principales acontecimientos mundiales, brindando informaci\u00f3n en tiempo real sobre pol\u00edtica, econom\u00eda, cultura, deportes [&hellip;]<\/p>\n","protected":false},"author":1,"featured_media":0,"parent":0,"menu_order":0,"comment_status":"closed","ping_status":"closed","template":"","meta":{"_uag_custom_page_level_css":"","site-sidebar-layout":"default","site-content-layout":"","ast-site-content-layout":"default","site-content-style":"default","site-sidebar-style":"default","ast-global-header-display":"","ast-banner-title-visibility":"","ast-main-header-display":"","ast-hfb-above-header-display":"","ast-hfb-below-header-display":"","ast-hfb-mobile-header-display":"","site-post-title":"","ast-breadcrumbs-content":"","ast-featured-img":"","footer-sml-layout":"","ast-disable-related-posts":"","theme-transparent-header-meta":"","adv-header-id-meta":"","stick-header-meta":"","header-above-stick-meta":"","header-main-stick-meta":"","header-below-stick-meta":"","astra-migrate-meta-layouts":"set","ast-page-background-enabled":"default","ast-page-background-meta":{"desktop":{"background-color":"","background-image":"","background-repeat":"repeat","background-position":"center center","background-size":"auto","background-attachment":"scroll","background-type":"","background-media":"","overlay-type":"","overlay-color":"","overlay-opacity":"","overlay-gradient":""},"tablet":{"background-color":"","background-image":"","background-repeat":"repeat","background-position":"center center","background-size":"auto","background-attachment":"scroll","background-type":"","background-media":"","overlay-type":"","overlay-color":"","overlay-opacity":"","overlay-gradient":""},"mobile":{"background-color":"","background-image":"","background-repeat":"repeat","background-position":"center center","background-size":"auto","background-attachment":"scroll","background-type":"","background-media":"","overlay-type":"","overlay-color":"","overlay-opacity":"","overlay-gradient":""}},"ast-content-background-meta":{"desktop":{"background-color":"var(--ast-global-color-5)","background-image":"","background-repeat":"repeat","background-position":"center center","background-size":"auto","background-attachment":"scroll","background-type":"","background-media":"","overlay-type":"","overlay-color":"","overlay-opacity":"","overlay-gradient":""},"tablet":{"background-color":"var(--ast-global-color-5)","background-image":"","background-repeat":"repeat","background-position":"center center","background-size":"auto","background-attachment":"scroll","background-type":"","background-media":"","overlay-type":"","overlay-color":"","overlay-opacity":"","overlay-gradient":""},"mobile":{"background-color":"var(--ast-global-color-5)","background-image":"","background-repeat":"repeat","background-position":"center center","background-size":"auto","background-attachment":"scroll","background-type":"","background-media":"","overlay-type":"","overlay-color":"","overlay-opacity":"","overlay-gradient":""}},"footnotes":""},"class_list":["post-2752","page","type-page","status-publish","hentry"],"uagb_featured_image_src":{"full":false,"thumbnail":false,"medium":false,"medium_large":false,"large":false,"1536x1536":false,"2048x2048":false},"uagb_author_info":{"display_name":"admin","author_link":"https:\/\/fmlax.com\/latanmovil\/author\/latammovil\/"},"uagb_comment_info":0,"uagb_excerpt":"France 24 es un canal de televisi\u00f3n de noticias internacionales con sede en Francia. Lanzado en 2006, France 24 ofrece una programaci\u00f3n completa de noticias, an\u00e1lisis y reportajes en varios idiomas, incluyendo el franc\u00e9s. Como canal de noticias, France 24 cubre los principales acontecimientos mundiales, brindando informaci\u00f3n en tiempo real sobre pol\u00edtica, econom\u00eda, cultura, deportes&hellip;","_links":{"self":[{"href":"https:\/\/fmlax.com\/latanmovil\/wp-json\/wp\/v2\/pages\/2752","targetHints":{"allow":["GET"]}}],"collection":[{"href":"https:\/\/fmlax.com\/latanmovil\/wp-json\/wp\/v2\/pages"}],"about":[{"href":"https:\/\/fmlax.com\/latanmovil\/wp-json\/wp\/v2\/types\/page"}],"author":[{"embeddable":true,"href":"https:\/\/fmlax.com\/latanmovil\/wp-json\/wp\/v2\/users\/1"}],"replies":[{"embeddable":true,"href":"https:\/\/fmlax.com\/latanmovil\/wp-json\/wp\/v2\/comments?post=2752"}],"version-history":[{"count":1,"href":"https:\/\/fmlax.com\/latanmovil\/wp-json\/wp\/v2\/pages\/2752\/revisions"}],"predecessor-version":[{"id":2753,"href":"https:\/\/fmlax.com\/latanmovil\/wp-json\/wp\/v2\/pages\/2752\/revisions\/2753"}],"wp:attachment":[{"href":"https:\/\/fmlax.com\/latanmovil\/wp-json\/wp\/v2\/media?parent=2752"}],"curies":[{"name":"wp","href":"https:\/\/api.w.org\/{rel}","templated":true}]}}