{"id":2747,"date":"2025-01-16T13:08:20","date_gmt":"2025-01-16T13:08:20","guid":{"rendered":"https:\/\/fmlax.com\/latanmovil\/?page_id=2747"},"modified":"2025-01-16T13:08:20","modified_gmt":"2025-01-16T13:08:20","slug":"bbc1","status":"publish","type":"page","link":"https:\/\/fmlax.com\/latanmovil\/bbc1\/","title":{"rendered":"BBC1"},"content":{"rendered":"\n<p>BBC One es el canal insignia de la British Broadcasting Corporation (BBC), el cual se ha convertido en un referente en la televisi\u00f3n brit\u00e1nica. Como el primer canal de televisi\u00f3n de la BBC, BBC One ha dejado una huella duradera en la historia de la radiodifusi\u00f3n.<\/p>\n\n\n\n<p>Distinguido por su enfoque en la calidad y la excelencia, BBC One se financia exclusivamente a trav\u00e9s del canon televisivo, lo que le permite ofrecer una programaci\u00f3n sin interrupciones publicitarias. Esto garantiza una experiencia de visualizaci\u00f3n ininterrumpida y de alta calidad para los espectadores.<\/p>\n\n\n\n<p>BBC One se destaca por su amplia oferta de programas de car\u00e1cter general que abarcan una amplia variedad de g\u00e9neros y tem\u00e1ticas. Desde emocionantes dramas y comedias hasta programas de entretenimiento, documentales fascinantes y eventos deportivos destacados, BBC One tiene algo para todos los gustos e intereses.<\/p>\n\n\n\n<p>Adem\u00e1s, BBC One es reconocido por sus programas informativos de renombre, proporcionando una cobertura imparcial y completa de las noticias tanto a nivel nacional como internacional. Los noticieros de BBC One son conocidos por su rigor period\u00edstico y su compromiso con la objetividad, brindando a los espectadores una visi\u00f3n clara y confiable de los acontecimientos actuales.<\/p>\n\n\n\n<p>En resumen, BBC One es un canal de televisi\u00f3n que ha establecido un est\u00e1ndar de excelencia en la radiodifusi\u00f3n. Con su programaci\u00f3n diversa, libre de anuncios y su enfoque en los programas informativos de calidad, BBC One contin\u00faa siendo una opci\u00f3n preferida para los espectadores que buscan contenido atractivo, confiable y de alto nivel en el Reino Unido.<\/p>\n\n\n\n<p><strong>Lo tienes disponible en<\/strong><\/p>\n\n\n\n<p>Paquete Internacional<\/p>\n","protected":false},"excerpt":{"rendered":"<p>BBC One es el canal insignia de la British Broadcasting Corporation (BBC), el cual se ha convertido en un referente en la televisi\u00f3n brit\u00e1nica. Como el primer canal de televisi\u00f3n de la BBC, BBC One ha dejado una huella duradera en la historia de la radiodifusi\u00f3n. Distinguido por su enfoque en la calidad y la [&hellip;]<\/p>\n","protected":false},"author":1,"featured_media":0,"parent":0,"menu_order":0,"comment_status":"closed","ping_status":"closed","template":"","meta":{"_uag_custom_page_level_css":"","site-sidebar-layout":"default","site-content-layout":"","ast-site-content-layout":"default","site-content-style":"default","site-sidebar-style":"default","ast-global-header-display":"","ast-banner-title-visibility":"","ast-main-header-display":"","ast-hfb-above-header-display":"","ast-hfb-below-header-display":"","ast-hfb-mobile-header-display":"","site-post-title":"","ast-breadcrumbs-content":"","ast-featured-img":"","footer-sml-layout":"","ast-disable-related-posts":"","theme-transparent-header-meta":"","adv-header-id-meta":"","stick-header-meta":"","header-above-stick-meta":"","header-main-stick-meta":"","header-below-stick-meta":"","astra-migrate-meta-layouts":"set","ast-page-background-enabled":"default","ast-page-background-meta":{"desktop":{"background-color":"","background-image":"","background-repeat":"repeat","background-position":"center center","background-size":"auto","background-attachment":"scroll","background-type":"","background-media":"","overlay-type":"","overlay-color":"","overlay-opacity":"","overlay-gradient":""},"tablet":{"background-color":"","background-image":"","background-repeat":"repeat","background-position":"center center","background-size":"auto","background-attachment":"scroll","background-type":"","background-media":"","overlay-type":"","overlay-color":"","overlay-opacity":"","overlay-gradient":""},"mobile":{"background-color":"","background-image":"","background-repeat":"repeat","background-position":"center center","background-size":"auto","background-attachment":"scroll","background-type":"","background-media":"","overlay-type":"","overlay-color":"","overlay-opacity":"","overlay-gradient":""}},"ast-content-background-meta":{"desktop":{"background-color":"var(--ast-global-color-5)","background-image":"","background-repeat":"repeat","background-position":"center center","background-size":"auto","background-attachment":"scroll","background-type":"","background-media":"","overlay-type":"","overlay-color":"","overlay-opacity":"","overlay-gradient":""},"tablet":{"background-color":"var(--ast-global-color-5)","background-image":"","background-repeat":"repeat","background-position":"center center","background-size":"auto","background-attachment":"scroll","background-type":"","background-media":"","overlay-type":"","overlay-color":"","overlay-opacity":"","overlay-gradient":""},"mobile":{"background-color":"var(--ast-global-color-5)","background-image":"","background-repeat":"repeat","background-position":"center center","background-size":"auto","background-attachment":"scroll","background-type":"","background-media":"","overlay-type":"","overlay-color":"","overlay-opacity":"","overlay-gradient":""}},"footnotes":""},"class_list":["post-2747","page","type-page","status-publish","hentry"],"uagb_featured_image_src":{"full":false,"thumbnail":false,"medium":false,"medium_large":false,"large":false,"1536x1536":false,"2048x2048":false},"uagb_author_info":{"display_name":"admin","author_link":"https:\/\/fmlax.com\/latanmovil\/author\/latammovil\/"},"uagb_comment_info":0,"uagb_excerpt":"BBC One es el canal insignia de la British Broadcasting Corporation (BBC), el cual se ha convertido en un referente en la televisi\u00f3n brit\u00e1nica. Como el primer canal de televisi\u00f3n de la BBC, BBC One ha dejado una huella duradera en la historia de la radiodifusi\u00f3n. Distinguido por su enfoque en la calidad y la&hellip;","_links":{"self":[{"href":"https:\/\/fmlax.com\/latanmovil\/wp-json\/wp\/v2\/pages\/2747","targetHints":{"allow":["GET"]}}],"collection":[{"href":"https:\/\/fmlax.com\/latanmovil\/wp-json\/wp\/v2\/pages"}],"about":[{"href":"https:\/\/fmlax.com\/latanmovil\/wp-json\/wp\/v2\/types\/page"}],"author":[{"embeddable":true,"href":"https:\/\/fmlax.com\/latanmovil\/wp-json\/wp\/v2\/users\/1"}],"replies":[{"embeddable":true,"href":"https:\/\/fmlax.com\/latanmovil\/wp-json\/wp\/v2\/comments?post=2747"}],"version-history":[{"count":1,"href":"https:\/\/fmlax.com\/latanmovil\/wp-json\/wp\/v2\/pages\/2747\/revisions"}],"predecessor-version":[{"id":2748,"href":"https:\/\/fmlax.com\/latanmovil\/wp-json\/wp\/v2\/pages\/2747\/revisions\/2748"}],"wp:attachment":[{"href":"https:\/\/fmlax.com\/latanmovil\/wp-json\/wp\/v2\/media?parent=2747"}],"curies":[{"name":"wp","href":"https:\/\/api.w.org\/{rel}","templated":true}]}}