{"id":2727,"date":"2025-01-16T13:01:03","date_gmt":"2025-01-16T13:01:03","guid":{"rendered":"https:\/\/fmlax.com\/latanmovil\/?page_id=2727"},"modified":"2025-01-16T13:01:03","modified_gmt":"2025-01-16T13:01:03","slug":"distrito-tv","status":"publish","type":"page","link":"https:\/\/fmlax.com\/latanmovil\/distrito-tv\/","title":{"rendered":"Distrito TV"},"content":{"rendered":"\n<p>DISTRITO TV: Bienvenido a nuestra televisi\u00f3n dise\u00f1ada para servir a los espa\u00f1oles y al mundo entero. DISTRITO TV es un canal de servicio p\u00fablico, sin afiliaciones pol\u00edticas, religiosas o partidistas. Nuestro proyecto se basa en la transparencia y en proporcionar a los ciudadanos informaci\u00f3n sobre la comunidad aut\u00f3noma, los municipios y los distritos de la capital, as\u00ed como noticias de alcance internacional.<\/p>\n\n\n\n<p>En DISTRITO TV, nos esforzamos por ofrecer una programaci\u00f3n variada y enriquecedora que abarque temas como educaci\u00f3n, arte, cultura y entretenimiento, dirigidos a todas las edades: ni\u00f1os, j\u00f3venes y adultos. Valoramos la diversidad y la inclusi\u00f3n, y nos aseguramos de que nuestra programaci\u00f3n refleje la riqueza y el talento de nuestra comunidad.<\/p>\n\n\n\n<p>Adem\u00e1s, queremos que nuestros televidentes se sientan parte de esta cadena y participen activamente en ella. Fomentamos la participaci\u00f3n ciudadana y damos voz a los espectadores para que puedan expresar sus opiniones, compartir sus historias y contribuir al contenido de DISTRITO TV.<\/p>\n\n\n\n<p>En DISTRITO TV, nuestra prioridad es servir a la comunidad y proporcionar informaci\u00f3n y entretenimiento de calidad. Nos esforzamos por mantener altos est\u00e1ndares de transparencia y \u00e9tica en nuestra programaci\u00f3n.<\/p>\n\n\n\n<p>\u00danete a nosotros en DISTRITO TV y s\u00e9 parte de nuestra comunidad televisiva. Juntos, construiremos una plataforma de comunicaci\u00f3n abierta y participativa. \u00a1Te invitamos a ser parte de nuestra cadena y a disfrutar de todo lo que DISTRITO TV tiene para ofrecer!<\/p>\n\n\n\n<p><strong>Lo tienes disponible en<\/strong><\/p>\n\n\n\n<p>Masmedia Cero Basico, Masmedia Cine, Masmedia Cine y Deportes, Masmedia Deportes, Masmedia Premium<\/p>\n","protected":false},"excerpt":{"rendered":"<p>DISTRITO TV: Bienvenido a nuestra televisi\u00f3n dise\u00f1ada para servir a los espa\u00f1oles y al mundo entero. DISTRITO TV es un canal de servicio p\u00fablico, sin afiliaciones pol\u00edticas, religiosas o partidistas. Nuestro proyecto se basa en la transparencia y en proporcionar a los ciudadanos informaci\u00f3n sobre la comunidad aut\u00f3noma, los municipios y los distritos de la [&hellip;]<\/p>\n","protected":false},"author":1,"featured_media":0,"parent":0,"menu_order":0,"comment_status":"closed","ping_status":"closed","template":"","meta":{"_uag_custom_page_level_css":"","site-sidebar-layout":"default","site-content-layout":"","ast-site-content-layout":"default","site-content-style":"default","site-sidebar-style":"default","ast-global-header-display":"","ast-banner-title-visibility":"","ast-main-header-display":"","ast-hfb-above-header-display":"","ast-hfb-below-header-display":"","ast-hfb-mobile-header-display":"","site-post-title":"","ast-breadcrumbs-content":"","ast-featured-img":"","footer-sml-layout":"","ast-disable-related-posts":"","theme-transparent-header-meta":"","adv-header-id-meta":"","stick-header-meta":"","header-above-stick-meta":"","header-main-stick-meta":"","header-below-stick-meta":"","astra-migrate-meta-layouts":"set","ast-page-background-enabled":"default","ast-page-background-meta":{"desktop":{"background-color":"","background-image":"","background-repeat":"repeat","background-position":"center center","background-size":"auto","background-attachment":"scroll","background-type":"","background-media":"","overlay-type":"","overlay-color":"","overlay-opacity":"","overlay-gradient":""},"tablet":{"background-color":"","background-image":"","background-repeat":"repeat","background-position":"center center","background-size":"auto","background-attachment":"scroll","background-type":"","background-media":"","overlay-type":"","overlay-color":"","overlay-opacity":"","overlay-gradient":""},"mobile":{"background-color":"","background-image":"","background-repeat":"repeat","background-position":"center center","background-size":"auto","background-attachment":"scroll","background-type":"","background-media":"","overlay-type":"","overlay-color":"","overlay-opacity":"","overlay-gradient":""}},"ast-content-background-meta":{"desktop":{"background-color":"var(--ast-global-color-5)","background-image":"","background-repeat":"repeat","background-position":"center center","background-size":"auto","background-attachment":"scroll","background-type":"","background-media":"","overlay-type":"","overlay-color":"","overlay-opacity":"","overlay-gradient":""},"tablet":{"background-color":"var(--ast-global-color-5)","background-image":"","background-repeat":"repeat","background-position":"center center","background-size":"auto","background-attachment":"scroll","background-type":"","background-media":"","overlay-type":"","overlay-color":"","overlay-opacity":"","overlay-gradient":""},"mobile":{"background-color":"var(--ast-global-color-5)","background-image":"","background-repeat":"repeat","background-position":"center center","background-size":"auto","background-attachment":"scroll","background-type":"","background-media":"","overlay-type":"","overlay-color":"","overlay-opacity":"","overlay-gradient":""}},"footnotes":""},"class_list":["post-2727","page","type-page","status-publish","hentry"],"uagb_featured_image_src":{"full":false,"thumbnail":false,"medium":false,"medium_large":false,"large":false,"1536x1536":false,"2048x2048":false},"uagb_author_info":{"display_name":"admin","author_link":"https:\/\/fmlax.com\/latanmovil\/author\/latammovil\/"},"uagb_comment_info":0,"uagb_excerpt":"DISTRITO TV: Bienvenido a nuestra televisi\u00f3n dise\u00f1ada para servir a los espa\u00f1oles y al mundo entero. DISTRITO TV es un canal de servicio p\u00fablico, sin afiliaciones pol\u00edticas, religiosas o partidistas. Nuestro proyecto se basa en la transparencia y en proporcionar a los ciudadanos informaci\u00f3n sobre la comunidad aut\u00f3noma, los municipios y los distritos de la&hellip;","_links":{"self":[{"href":"https:\/\/fmlax.com\/latanmovil\/wp-json\/wp\/v2\/pages\/2727","targetHints":{"allow":["GET"]}}],"collection":[{"href":"https:\/\/fmlax.com\/latanmovil\/wp-json\/wp\/v2\/pages"}],"about":[{"href":"https:\/\/fmlax.com\/latanmovil\/wp-json\/wp\/v2\/types\/page"}],"author":[{"embeddable":true,"href":"https:\/\/fmlax.com\/latanmovil\/wp-json\/wp\/v2\/users\/1"}],"replies":[{"embeddable":true,"href":"https:\/\/fmlax.com\/latanmovil\/wp-json\/wp\/v2\/comments?post=2727"}],"version-history":[{"count":1,"href":"https:\/\/fmlax.com\/latanmovil\/wp-json\/wp\/v2\/pages\/2727\/revisions"}],"predecessor-version":[{"id":2728,"href":"https:\/\/fmlax.com\/latanmovil\/wp-json\/wp\/v2\/pages\/2727\/revisions\/2728"}],"wp:attachment":[{"href":"https:\/\/fmlax.com\/latanmovil\/wp-json\/wp\/v2\/media?parent=2727"}],"curies":[{"name":"wp","href":"https:\/\/api.w.org\/{rel}","templated":true}]}}