{"id":2722,"date":"2025-01-16T12:59:31","date_gmt":"2025-01-16T12:59:31","guid":{"rendered":"https:\/\/fmlax.com\/latanmovil\/?page_id=2722"},"modified":"2025-01-16T12:59:31","modified_gmt":"2025-01-16T12:59:31","slug":"el-toro-tv","status":"publish","type":"page","link":"https:\/\/fmlax.com\/latanmovil\/el-toro-tv\/","title":{"rendered":"El Toro TV"},"content":{"rendered":"\n<p>El Toro TV: Te damos la bienvenida a un medio de comunicaci\u00f3n comprometido con la verdad. Nuestra raz\u00f3n de ser es contar lo que otros no cuentan, o hacerlo de una manera diferente.<\/p>\n\n\n\n<p>Trabajamos incansablemente para llevar la realidad del mundo que nos rodea a nuestros lectores y espectadores. A trav\u00e9s de la televisi\u00f3n, el ordenador e incluso el m\u00f3vil, informamos sobre los asuntos que realmente moldean nuestro presente y futuro. Nos alejamos de la manipulaci\u00f3n pol\u00edtica, de las falsedades hist\u00f3ricas y de las estrategias peligrosas del globalismo. Aqu\u00ed encontrar\u00e1s periodismo honesto y con criterio.<\/p>\n\n\n\n<p>Nuestro objetivo es lograrlo, y para ello tambi\u00e9n contamos con tu ayuda, porque tu colaboraci\u00f3n es nuestra libertad. Gracias a ti, somos libres e independientes. \u00a1\u00danete a la familia de El Toro TV!<\/p>\n\n\n\n<p>JUNTOS SOMOS M\u00c1S FUERTES<\/p>\n\n\n\n<p><strong>Lo tienes disponible en<\/strong><\/p>\n\n\n\n<p>Masmedia Cero Basico, Masmedia Cine, Masmedia Cine y Deportes, Masmedia Deportes, Masmedia Premium<\/p>\n","protected":false},"excerpt":{"rendered":"<p>El Toro TV: Te damos la bienvenida a un medio de comunicaci\u00f3n comprometido con la verdad. Nuestra raz\u00f3n de ser es contar lo que otros no cuentan, o hacerlo de una manera diferente. Trabajamos incansablemente para llevar la realidad del mundo que nos rodea a nuestros lectores y espectadores. A trav\u00e9s de la televisi\u00f3n, el [&hellip;]<\/p>\n","protected":false},"author":1,"featured_media":0,"parent":0,"menu_order":0,"comment_status":"closed","ping_status":"closed","template":"","meta":{"_uag_custom_page_level_css":"","site-sidebar-layout":"default","site-content-layout":"","ast-site-content-layout":"default","site-content-style":"default","site-sidebar-style":"default","ast-global-header-display":"","ast-banner-title-visibility":"","ast-main-header-display":"","ast-hfb-above-header-display":"","ast-hfb-below-header-display":"","ast-hfb-mobile-header-display":"","site-post-title":"","ast-breadcrumbs-content":"","ast-featured-img":"","footer-sml-layout":"","ast-disable-related-posts":"","theme-transparent-header-meta":"","adv-header-id-meta":"","stick-header-meta":"","header-above-stick-meta":"","header-main-stick-meta":"","header-below-stick-meta":"","astra-migrate-meta-layouts":"set","ast-page-background-enabled":"default","ast-page-background-meta":{"desktop":{"background-color":"","background-image":"","background-repeat":"repeat","background-position":"center center","background-size":"auto","background-attachment":"scroll","background-type":"","background-media":"","overlay-type":"","overlay-color":"","overlay-opacity":"","overlay-gradient":""},"tablet":{"background-color":"","background-image":"","background-repeat":"repeat","background-position":"center center","background-size":"auto","background-attachment":"scroll","background-type":"","background-media":"","overlay-type":"","overlay-color":"","overlay-opacity":"","overlay-gradient":""},"mobile":{"background-color":"","background-image":"","background-repeat":"repeat","background-position":"center center","background-size":"auto","background-attachment":"scroll","background-type":"","background-media":"","overlay-type":"","overlay-color":"","overlay-opacity":"","overlay-gradient":""}},"ast-content-background-meta":{"desktop":{"background-color":"var(--ast-global-color-5)","background-image":"","background-repeat":"repeat","background-position":"center center","background-size":"auto","background-attachment":"scroll","background-type":"","background-media":"","overlay-type":"","overlay-color":"","overlay-opacity":"","overlay-gradient":""},"tablet":{"background-color":"var(--ast-global-color-5)","background-image":"","background-repeat":"repeat","background-position":"center center","background-size":"auto","background-attachment":"scroll","background-type":"","background-media":"","overlay-type":"","overlay-color":"","overlay-opacity":"","overlay-gradient":""},"mobile":{"background-color":"var(--ast-global-color-5)","background-image":"","background-repeat":"repeat","background-position":"center center","background-size":"auto","background-attachment":"scroll","background-type":"","background-media":"","overlay-type":"","overlay-color":"","overlay-opacity":"","overlay-gradient":""}},"footnotes":""},"class_list":["post-2722","page","type-page","status-publish","hentry"],"uagb_featured_image_src":{"full":false,"thumbnail":false,"medium":false,"medium_large":false,"large":false,"1536x1536":false,"2048x2048":false},"uagb_author_info":{"display_name":"admin","author_link":"https:\/\/fmlax.com\/latanmovil\/author\/latammovil\/"},"uagb_comment_info":0,"uagb_excerpt":"El Toro TV: Te damos la bienvenida a un medio de comunicaci\u00f3n comprometido con la verdad. Nuestra raz\u00f3n de ser es contar lo que otros no cuentan, o hacerlo de una manera diferente. Trabajamos incansablemente para llevar la realidad del mundo que nos rodea a nuestros lectores y espectadores. A trav\u00e9s de la televisi\u00f3n, el&hellip;","_links":{"self":[{"href":"https:\/\/fmlax.com\/latanmovil\/wp-json\/wp\/v2\/pages\/2722","targetHints":{"allow":["GET"]}}],"collection":[{"href":"https:\/\/fmlax.com\/latanmovil\/wp-json\/wp\/v2\/pages"}],"about":[{"href":"https:\/\/fmlax.com\/latanmovil\/wp-json\/wp\/v2\/types\/page"}],"author":[{"embeddable":true,"href":"https:\/\/fmlax.com\/latanmovil\/wp-json\/wp\/v2\/users\/1"}],"replies":[{"embeddable":true,"href":"https:\/\/fmlax.com\/latanmovil\/wp-json\/wp\/v2\/comments?post=2722"}],"version-history":[{"count":1,"href":"https:\/\/fmlax.com\/latanmovil\/wp-json\/wp\/v2\/pages\/2722\/revisions"}],"predecessor-version":[{"id":2723,"href":"https:\/\/fmlax.com\/latanmovil\/wp-json\/wp\/v2\/pages\/2722\/revisions\/2723"}],"wp:attachment":[{"href":"https:\/\/fmlax.com\/latanmovil\/wp-json\/wp\/v2\/media?parent=2722"}],"curies":[{"name":"wp","href":"https:\/\/api.w.org\/{rel}","templated":true}]}}