{"id":2532,"date":"2024-11-29T17:12:58","date_gmt":"2024-11-29T17:12:58","guid":{"rendered":"https:\/\/fmlax.com\/latanmovil\/?page_id=2532"},"modified":"2024-11-29T17:12:58","modified_gmt":"2024-11-29T17:12:58","slug":"la-2-hd","status":"publish","type":"page","link":"https:\/\/fmlax.com\/latanmovil\/la-2-hd\/","title":{"rendered":"La 2 HD"},"content":{"rendered":"\n<p>La 2 es el segundo canal de televisi\u00f3n de Televisi\u00f3n Espa\u00f1ola y el canal p\u00fablico en cuya programaci\u00f3n tv se pueden encontrar numerosos programas culturales y de divulgaci\u00f3n. En la programaci\u00f3n de La 2 destacan los concursos, as\u00ed como documentales de naturaleza, pel\u00edculas y programas de servicio p\u00fablico. Descubre en nuestra gu\u00eda tv toda la programaci\u00f3n y las pel\u00edculas de La 2.<\/p>\n\n\n\n<p>Lo tienes disponible en<\/p>\n\n\n\n<p>LatamM\u00f3vil Cero Basico, LatamM\u00f3vil Cine, LatamM\u00f3vil Cine y Deportes, LatamM\u00f3vil Deportes, LatamM\u00f3vil Premium<\/p>\n\n\n\n<p><\/p>\n","protected":false},"excerpt":{"rendered":"<p>La 2 es el segundo canal de televisi\u00f3n de Televisi\u00f3n Espa\u00f1ola y el canal p\u00fablico en cuya programaci\u00f3n tv se pueden encontrar numerosos programas culturales y de divulgaci\u00f3n. En la programaci\u00f3n de La 2 destacan los concursos, as\u00ed como documentales de naturaleza, pel\u00edculas y programas de servicio p\u00fablico. Descubre en nuestra gu\u00eda tv toda la [&hellip;]<\/p>\n","protected":false},"author":1,"featured_media":2040,"parent":0,"menu_order":0,"comment_status":"closed","ping_status":"closed","template":"","meta":{"_uag_custom_page_level_css":"","site-sidebar-layout":"default","site-content-layout":"","ast-site-content-layout":"default","site-content-style":"default","site-sidebar-style":"default","ast-global-header-display":"","ast-banner-title-visibility":"","ast-main-header-display":"","ast-hfb-above-header-display":"","ast-hfb-below-header-display":"","ast-hfb-mobile-header-display":"","site-post-title":"","ast-breadcrumbs-content":"","ast-featured-img":"","footer-sml-layout":"","ast-disable-related-posts":"","theme-transparent-header-meta":"","adv-header-id-meta":"","stick-header-meta":"","header-above-stick-meta":"","header-main-stick-meta":"","header-below-stick-meta":"","astra-migrate-meta-layouts":"set","ast-page-background-enabled":"default","ast-page-background-meta":{"desktop":{"background-color":"","background-image":"","background-repeat":"repeat","background-position":"center center","background-size":"auto","background-attachment":"scroll","background-type":"","background-media":"","overlay-type":"","overlay-color":"","overlay-opacity":"","overlay-gradient":""},"tablet":{"background-color":"","background-image":"","background-repeat":"repeat","background-position":"center center","background-size":"auto","background-attachment":"scroll","background-type":"","background-media":"","overlay-type":"","overlay-color":"","overlay-opacity":"","overlay-gradient":""},"mobile":{"background-color":"","background-image":"","background-repeat":"repeat","background-position":"center center","background-size":"auto","background-attachment":"scroll","background-type":"","background-media":"","overlay-type":"","overlay-color":"","overlay-opacity":"","overlay-gradient":""}},"ast-content-background-meta":{"desktop":{"background-color":"var(--ast-global-color-5)","background-image":"","background-repeat":"repeat","background-position":"center center","background-size":"auto","background-attachment":"scroll","background-type":"","background-media":"","overlay-type":"","overlay-color":"","overlay-opacity":"","overlay-gradient":""},"tablet":{"background-color":"var(--ast-global-color-5)","background-image":"","background-repeat":"repeat","background-position":"center center","background-size":"auto","background-attachment":"scroll","background-type":"","background-media":"","overlay-type":"","overlay-color":"","overlay-opacity":"","overlay-gradient":""},"mobile":{"background-color":"var(--ast-global-color-5)","background-image":"","background-repeat":"repeat","background-position":"center center","background-size":"auto","background-attachment":"scroll","background-type":"","background-media":"","overlay-type":"","overlay-color":"","overlay-opacity":"","overlay-gradient":""}},"footnotes":""},"class_list":["post-2532","page","type-page","status-publish","has-post-thumbnail","hentry"],"uagb_featured_image_src":{"full":["https:\/\/fmlax.com\/latanmovil\/wp-content\/uploads\/2024\/11\/la2-512.png",266,212,false],"thumbnail":["https:\/\/fmlax.com\/latanmovil\/wp-content\/uploads\/2024\/11\/la2-512-150x150.png",150,150,true],"medium":["https:\/\/fmlax.com\/latanmovil\/wp-content\/uploads\/2024\/11\/la2-512.png",266,212,false],"medium_large":["https:\/\/fmlax.com\/latanmovil\/wp-content\/uploads\/2024\/11\/la2-512.png",266,212,false],"large":["https:\/\/fmlax.com\/latanmovil\/wp-content\/uploads\/2024\/11\/la2-512.png",266,212,false],"1536x1536":["https:\/\/fmlax.com\/latanmovil\/wp-content\/uploads\/2024\/11\/la2-512.png",266,212,false],"2048x2048":["https:\/\/fmlax.com\/latanmovil\/wp-content\/uploads\/2024\/11\/la2-512.png",266,212,false]},"uagb_author_info":{"display_name":"admin","author_link":"https:\/\/fmlax.com\/latanmovil\/author\/latammovil\/"},"uagb_comment_info":0,"uagb_excerpt":"La 2 es el segundo canal de televisi\u00f3n de Televisi\u00f3n Espa\u00f1ola y el canal p\u00fablico en cuya programaci\u00f3n tv se pueden encontrar numerosos programas culturales y de divulgaci\u00f3n. En la programaci\u00f3n de La 2 destacan los concursos, as\u00ed como documentales de naturaleza, pel\u00edculas y programas de servicio p\u00fablico. Descubre en nuestra gu\u00eda tv toda la&hellip;","_links":{"self":[{"href":"https:\/\/fmlax.com\/latanmovil\/wp-json\/wp\/v2\/pages\/2532","targetHints":{"allow":["GET"]}}],"collection":[{"href":"https:\/\/fmlax.com\/latanmovil\/wp-json\/wp\/v2\/pages"}],"about":[{"href":"https:\/\/fmlax.com\/latanmovil\/wp-json\/wp\/v2\/types\/page"}],"author":[{"embeddable":true,"href":"https:\/\/fmlax.com\/latanmovil\/wp-json\/wp\/v2\/users\/1"}],"replies":[{"embeddable":true,"href":"https:\/\/fmlax.com\/latanmovil\/wp-json\/wp\/v2\/comments?post=2532"}],"version-history":[{"count":2,"href":"https:\/\/fmlax.com\/latanmovil\/wp-json\/wp\/v2\/pages\/2532\/revisions"}],"predecessor-version":[{"id":2534,"href":"https:\/\/fmlax.com\/latanmovil\/wp-json\/wp\/v2\/pages\/2532\/revisions\/2534"}],"wp:featuredmedia":[{"embeddable":true,"href":"https:\/\/fmlax.com\/latanmovil\/wp-json\/wp\/v2\/media\/2040"}],"wp:attachment":[{"href":"https:\/\/fmlax.com\/latanmovil\/wp-json\/wp\/v2\/media?parent=2532"}],"curies":[{"name":"wp","href":"https:\/\/api.w.org\/{rel}","templated":true}]}}