{"id":2527,"date":"2024-11-29T16:48:32","date_gmt":"2024-11-29T16:48:32","guid":{"rendered":"https:\/\/fmlax.com\/latanmovil\/?page_id=2527"},"modified":"2024-11-29T16:48:32","modified_gmt":"2024-11-29T16:48:32","slug":"la-1-hd","status":"publish","type":"page","link":"https:\/\/fmlax.com\/latanmovil\/la-1-hd\/","title":{"rendered":"La 1 HD"},"content":{"rendered":"\n<p>La 1 es el primer canal de Televisi\u00f3n Espa\u00f1ola, grupo perteneciente a la corporaci\u00f3n p\u00fablica Radio Televisi\u00f3n Espa\u00f1ola. Cuenta con una programaci\u00f3n tv generalista para todos los p\u00fablicos, con contenidos divulgativos, series espa\u00f1olas y pel\u00edculas de todos los g\u00e9neros. Consulta en nuestra gu\u00eda tv los programas y pel\u00edculas de La 1 hoy.<\/p>\n\n\n\n<p>Lo tienes disponible en<\/p>\n\n\n\n<p>latamM\u00f3vil Cero Basico, LatamM\u00f3vil Cine, LatamM\u00f3vil Cine y Deportes, LatamM\u00f3vil Deportes, LatamM\u00f3vilPremium<\/p>\n\n\n\n<p><\/p>\n","protected":false},"excerpt":{"rendered":"<p>La 1 es el primer canal de Televisi\u00f3n Espa\u00f1ola, grupo perteneciente a la corporaci\u00f3n p\u00fablica Radio Televisi\u00f3n Espa\u00f1ola. Cuenta con una programaci\u00f3n tv generalista para todos los p\u00fablicos, con contenidos divulgativos, series espa\u00f1olas y pel\u00edculas de todos los g\u00e9neros. Consulta en nuestra gu\u00eda tv los programas y pel\u00edculas de La 1 hoy. Lo tienes disponible [&hellip;]<\/p>\n","protected":false},"author":1,"featured_media":2039,"parent":0,"menu_order":0,"comment_status":"closed","ping_status":"closed","template":"","meta":{"_uag_custom_page_level_css":"","site-sidebar-layout":"default","site-content-layout":"","ast-site-content-layout":"default","site-content-style":"default","site-sidebar-style":"default","ast-global-header-display":"","ast-banner-title-visibility":"","ast-main-header-display":"","ast-hfb-above-header-display":"","ast-hfb-below-header-display":"","ast-hfb-mobile-header-display":"","site-post-title":"","ast-breadcrumbs-content":"","ast-featured-img":"","footer-sml-layout":"","ast-disable-related-posts":"","theme-transparent-header-meta":"","adv-header-id-meta":"","stick-header-meta":"","header-above-stick-meta":"","header-main-stick-meta":"","header-below-stick-meta":"","astra-migrate-meta-layouts":"set","ast-page-background-enabled":"default","ast-page-background-meta":{"desktop":{"background-color":"","background-image":"","background-repeat":"repeat","background-position":"center center","background-size":"auto","background-attachment":"scroll","background-type":"","background-media":"","overlay-type":"","overlay-color":"","overlay-opacity":"","overlay-gradient":""},"tablet":{"background-color":"","background-image":"","background-repeat":"repeat","background-position":"center center","background-size":"auto","background-attachment":"scroll","background-type":"","background-media":"","overlay-type":"","overlay-color":"","overlay-opacity":"","overlay-gradient":""},"mobile":{"background-color":"","background-image":"","background-repeat":"repeat","background-position":"center center","background-size":"auto","background-attachment":"scroll","background-type":"","background-media":"","overlay-type":"","overlay-color":"","overlay-opacity":"","overlay-gradient":""}},"ast-content-background-meta":{"desktop":{"background-color":"var(--ast-global-color-5)","background-image":"","background-repeat":"repeat","background-position":"center center","background-size":"auto","background-attachment":"scroll","background-type":"","background-media":"","overlay-type":"","overlay-color":"","overlay-opacity":"","overlay-gradient":""},"tablet":{"background-color":"var(--ast-global-color-5)","background-image":"","background-repeat":"repeat","background-position":"center center","background-size":"auto","background-attachment":"scroll","background-type":"","background-media":"","overlay-type":"","overlay-color":"","overlay-opacity":"","overlay-gradient":""},"mobile":{"background-color":"var(--ast-global-color-5)","background-image":"","background-repeat":"repeat","background-position":"center center","background-size":"auto","background-attachment":"scroll","background-type":"","background-media":"","overlay-type":"","overlay-color":"","overlay-opacity":"","overlay-gradient":""}},"footnotes":""},"class_list":["post-2527","page","type-page","status-publish","has-post-thumbnail","hentry"],"uagb_featured_image_src":{"full":["https:\/\/fmlax.com\/latanmovil\/wp-content\/uploads\/2024\/11\/la1-512.png",258,216,false],"thumbnail":["https:\/\/fmlax.com\/latanmovil\/wp-content\/uploads\/2024\/11\/la1-512-150x150.png",150,150,true],"medium":["https:\/\/fmlax.com\/latanmovil\/wp-content\/uploads\/2024\/11\/la1-512.png",258,216,false],"medium_large":["https:\/\/fmlax.com\/latanmovil\/wp-content\/uploads\/2024\/11\/la1-512.png",258,216,false],"large":["https:\/\/fmlax.com\/latanmovil\/wp-content\/uploads\/2024\/11\/la1-512.png",258,216,false],"1536x1536":["https:\/\/fmlax.com\/latanmovil\/wp-content\/uploads\/2024\/11\/la1-512.png",258,216,false],"2048x2048":["https:\/\/fmlax.com\/latanmovil\/wp-content\/uploads\/2024\/11\/la1-512.png",258,216,false]},"uagb_author_info":{"display_name":"admin","author_link":"https:\/\/fmlax.com\/latanmovil\/author\/latammovil\/"},"uagb_comment_info":0,"uagb_excerpt":"La 1 es el primer canal de Televisi\u00f3n Espa\u00f1ola, grupo perteneciente a la corporaci\u00f3n p\u00fablica Radio Televisi\u00f3n Espa\u00f1ola. Cuenta con una programaci\u00f3n tv generalista para todos los p\u00fablicos, con contenidos divulgativos, series espa\u00f1olas y pel\u00edculas de todos los g\u00e9neros. Consulta en nuestra gu\u00eda tv los programas y pel\u00edculas de La 1 hoy. Lo tienes disponible&hellip;","_links":{"self":[{"href":"https:\/\/fmlax.com\/latanmovil\/wp-json\/wp\/v2\/pages\/2527","targetHints":{"allow":["GET"]}}],"collection":[{"href":"https:\/\/fmlax.com\/latanmovil\/wp-json\/wp\/v2\/pages"}],"about":[{"href":"https:\/\/fmlax.com\/latanmovil\/wp-json\/wp\/v2\/types\/page"}],"author":[{"embeddable":true,"href":"https:\/\/fmlax.com\/latanmovil\/wp-json\/wp\/v2\/users\/1"}],"replies":[{"embeddable":true,"href":"https:\/\/fmlax.com\/latanmovil\/wp-json\/wp\/v2\/comments?post=2527"}],"version-history":[{"count":1,"href":"https:\/\/fmlax.com\/latanmovil\/wp-json\/wp\/v2\/pages\/2527\/revisions"}],"predecessor-version":[{"id":2528,"href":"https:\/\/fmlax.com\/latanmovil\/wp-json\/wp\/v2\/pages\/2527\/revisions\/2528"}],"wp:featuredmedia":[{"embeddable":true,"href":"https:\/\/fmlax.com\/latanmovil\/wp-json\/wp\/v2\/media\/2039"}],"wp:attachment":[{"href":"https:\/\/fmlax.com\/latanmovil\/wp-json\/wp\/v2\/media?parent=2527"}],"curies":[{"name":"wp","href":"https:\/\/api.w.org\/{rel}","templated":true}]}}