{"id":1702,"date":"2024-09-30T15:15:59","date_gmt":"2024-09-30T15:15:59","guid":{"rendered":"https:\/\/fmlax.com\/latanmovil\/?page_id=1702"},"modified":"2025-10-10T13:35:19","modified_gmt":"2025-10-10T13:35:19","slug":"1702-2","status":"publish","type":"page","link":"https:\/\/fmlax.com\/latanmovil\/","title":{"rendered":"Renting cat\u00e1logo"},"content":{"rendered":"\t\t<div data-elementor-type=\"wp-page\" data-elementor-id=\"1702\" class=\"elementor elementor-1702\" data-elementor-post-type=\"page\">\n\t\t\t\t<div class=\"elementor-element elementor-element-e718799 e-grid e-con-boxed e-con e-parent\" data-id=\"e718799\" data-element_type=\"container\">\n\t\t\t\t\t<div class=\"e-con-inner\">\n\t\t\t\t<div class=\"elementor-element elementor-element-e88cda1 elementor-widget elementor-widget-image\" data-id=\"e88cda1\" data-element_type=\"widget\" data-widget_type=\"image.default\">\n\t\t\t\t<div class=\"elementor-widget-container\">\n\t\t\t\t\t\t\t\t\t\t\t\t\t\t\t<img fetchpriority=\"high\" decoding=\"async\" width=\"1024\" height=\"348\" src=\"https:\/\/fmlax.com\/latanmovil\/wp-content\/uploads\/2025\/09\/BANNER-HOME-SEPTIEMBRE-16-1024x348.png\" class=\"attachment-large size-large wp-image-5487\" alt=\"\" srcset=\"https:\/\/fmlax.com\/latanmovil\/wp-content\/uploads\/2025\/09\/BANNER-HOME-SEPTIEMBRE-16-1024x348.png 1024w, https:\/\/fmlax.com\/latanmovil\/wp-content\/uploads\/2025\/09\/BANNER-HOME-SEPTIEMBRE-16-300x102.png 300w, https:\/\/fmlax.com\/latanmovil\/wp-content\/uploads\/2025\/09\/BANNER-HOME-SEPTIEMBRE-16-768x261.png 768w, https:\/\/fmlax.com\/latanmovil\/wp-content\/uploads\/2025\/09\/BANNER-HOME-SEPTIEMBRE-16-1536x522.png 1536w, https:\/\/fmlax.com\/latanmovil\/wp-content\/uploads\/2025\/09\/BANNER-HOME-SEPTIEMBRE-16-2048x696.png 2048w\" sizes=\"(max-width: 1024px) 100vw, 1024px\" \/>\t\t\t\t\t\t\t\t\t\t\t\t\t\t\t<\/div>\n\t\t\t\t<\/div>\n\t\t\t\t\t<\/div>\n\t\t\t\t<\/div>\n\t\t<div class=\"elementor-element elementor-element-29f1d06 e-grid e-con-boxed e-con e-parent\" data-id=\"29f1d06\" data-element_type=\"container\">\n\t\t\t\t\t<div class=\"e-con-inner\">\n\t\t\t\t<div class=\"elementor-element elementor-element-32c4401 elementor-widget-divider--view-line elementor-widget elementor-widget-divider\" data-id=\"32c4401\" data-element_type=\"widget\" data-widget_type=\"divider.default\">\n\t\t\t\t<div class=\"elementor-widget-container\">\n\t\t\t\t\t\t\t<div class=\"elementor-divider\">\n\t\t\t<span class=\"elementor-divider-separator\">\n\t\t\t\t\t\t<\/span>\n\t\t<\/div>\n\t\t\t\t\t\t<\/div>\n\t\t\t\t<\/div>\n\t\t\t\t\t<\/div>\n\t\t\t\t<\/div>\n\t\t<div class=\"elementor-element elementor-element-75649fa e-grid e-con-boxed e-con e-parent\" data-id=\"75649fa\" data-element_type=\"container\">\n\t\t\t\t\t<div class=\"e-con-inner\">\n\t\t\t\t<div class=\"elementor-element elementor-element-73f807f elementor-widget elementor-widget-heading\" data-id=\"73f807f\" data-element_type=\"widget\" data-widget_type=\"heading.default\">\n\t\t\t\t<div class=\"elementor-widget-container\">\n\t\t\t\t\t<h2 class=\"elementor-heading-title elementor-size-default\">Nuestras tarifas de Fibra y M\u00f3vil m\u00e1s vendidas<\/h2>\t\t\t\t<\/div>\n\t\t\t\t<\/div>\n\t\t\t\t\t<\/div>\n\t\t\t\t<\/div>\n\t\t<div class=\"elementor-element elementor-element-4e90087 e-grid e-con-boxed e-con e-parent\" data-id=\"4e90087\" data-element_type=\"container\">\n\t\t\t\t\t<div class=\"e-con-inner\">\n\t\t\t\t<div class=\"elementor-element elementor-element-6f6cb02 elementor-widget elementor-widget-image\" data-id=\"6f6cb02\" data-element_type=\"widget\" data-widget_type=\"image.default\">\n\t\t\t\t<div class=\"elementor-widget-container\">\n\t\t\t\t\t\t\t\t\t\t\t\t\t\t\t<img decoding=\"async\" width=\"489\" height=\"771\" src=\"https:\/\/fmlax.com\/latanmovil\/wp-content\/uploads\/2025\/09\/MOVIL-30GB.png\" class=\"attachment-large size-large wp-image-5483\" alt=\"\" srcset=\"https:\/\/fmlax.com\/latanmovil\/wp-content\/uploads\/2025\/09\/MOVIL-30GB.png 489w, https:\/\/fmlax.com\/latanmovil\/wp-content\/uploads\/2025\/09\/MOVIL-30GB-190x300.png 190w\" sizes=\"(max-width: 489px) 100vw, 489px\" \/>\t\t\t\t\t\t\t\t\t\t\t\t\t\t\t<\/div>\n\t\t\t\t<\/div>\n\t\t\t\t<div class=\"elementor-element elementor-element-4a9185e elementor-widget elementor-widget-image\" data-id=\"4a9185e\" data-element_type=\"widget\" data-widget_type=\"image.default\">\n\t\t\t\t<div class=\"elementor-widget-container\">\n\t\t\t\t\t\t\t\t\t\t\t\t\t\t\t<img decoding=\"async\" width=\"489\" height=\"771\" src=\"https:\/\/fmlax.com\/latanmovil\/wp-content\/uploads\/2025\/10\/MOVIL-60GB.png\" class=\"attachment-large size-large wp-image-5556\" alt=\"\" srcset=\"https:\/\/fmlax.com\/latanmovil\/wp-content\/uploads\/2025\/10\/MOVIL-60GB.png 489w, https:\/\/fmlax.com\/latanmovil\/wp-content\/uploads\/2025\/10\/MOVIL-60GB-190x300.png 190w\" sizes=\"(max-width: 489px) 100vw, 489px\" \/>\t\t\t\t\t\t\t\t\t\t\t\t\t\t\t<\/div>\n\t\t\t\t<\/div>\n\t\t\t\t<div class=\"elementor-element elementor-element-a6c9280 elementor-widget elementor-widget-image\" data-id=\"a6c9280\" data-element_type=\"widget\" data-widget_type=\"image.default\">\n\t\t\t\t<div class=\"elementor-widget-container\">\n\t\t\t\t\t\t\t\t\t\t\t\t\t\t\t<img loading=\"lazy\" decoding=\"async\" width=\"489\" height=\"771\" src=\"https:\/\/fmlax.com\/latanmovil\/wp-content\/uploads\/2025\/09\/FIBRA-300-MB.png\" class=\"attachment-large size-large wp-image-5485\" alt=\"\" srcset=\"https:\/\/fmlax.com\/latanmovil\/wp-content\/uploads\/2025\/09\/FIBRA-300-MB.png 489w, https:\/\/fmlax.com\/latanmovil\/wp-content\/uploads\/2025\/09\/FIBRA-300-MB-190x300.png 190w\" sizes=\"(max-width: 489px) 100vw, 489px\" \/>\t\t\t\t\t\t\t\t\t\t\t\t\t\t\t<\/div>\n\t\t\t\t<\/div>\n\t\t\t\t<div class=\"elementor-element elementor-element-03f5be0 elementor-widget elementor-widget-image\" data-id=\"03f5be0\" data-element_type=\"widget\" data-widget_type=\"image.default\">\n\t\t\t\t<div class=\"elementor-widget-container\">\n\t\t\t\t\t\t\t\t\t\t\t\t\t\t\t<img loading=\"lazy\" decoding=\"async\" width=\"489\" height=\"771\" src=\"https:\/\/fmlax.com\/latanmovil\/wp-content\/uploads\/2025\/09\/FIBRA-600-MB.png\" class=\"attachment-large size-large wp-image-5486\" alt=\"\" srcset=\"https:\/\/fmlax.com\/latanmovil\/wp-content\/uploads\/2025\/09\/FIBRA-600-MB.png 489w, https:\/\/fmlax.com\/latanmovil\/wp-content\/uploads\/2025\/09\/FIBRA-600-MB-190x300.png 190w\" sizes=\"(max-width: 489px) 100vw, 489px\" \/>\t\t\t\t\t\t\t\t\t\t\t\t\t\t\t<\/div>\n\t\t\t\t<\/div>\n\t\t\t\t\t<\/div>\n\t\t\t\t<\/div>\n\t\t<div class=\"elementor-element elementor-element-518b927 e-grid e-con-boxed e-con e-parent\" data-id=\"518b927\" data-element_type=\"container\">\n\t\t\t\t\t<div class=\"e-con-inner\">\n\t\t<div class=\"elementor-element elementor-element-de41d51 e-grid e-con-full e-con e-child\" data-id=\"de41d51\" data-element_type=\"container\">\n\t\t\t\t<div class=\"elementor-element elementor-element-a7e84de elementor-align-center elementor-widget elementor-widget-button\" data-id=\"a7e84de\" data-element_type=\"widget\" data-widget_type=\"button.default\">\n\t\t\t\t<div class=\"elementor-widget-container\">\n\t\t\t\t\t\t\t\t\t<div class=\"elementor-button-wrapper\">\n\t\t\t\t\t<a class=\"elementor-button elementor-button-link elementor-size-sm\" href=\"https:\/\/fmlax.com\/latanmovil\/fibra-y-movil-tv\/\">\n\t\t\t\t\t\t<span class=\"elementor-button-content-wrapper\">\n\t\t\t\t\t\t\t\t\t<span class=\"elementor-button-text\">M\u00c1S PLANES<\/span>\n\t\t\t\t\t<\/span>\n\t\t\t\t\t<\/a>\n\t\t\t\t<\/div>\n\t\t\t\t\t\t\t\t<\/div>\n\t\t\t\t<\/div>\n\t\t\t\t<div class=\"elementor-element elementor-element-2c9d4e9 elementor-align-center elementor-widget elementor-widget-button\" data-id=\"2c9d4e9\" data-element_type=\"widget\" data-widget_type=\"button.default\">\n\t\t\t\t<div class=\"elementor-widget-container\">\n\t\t\t\t\t\t\t\t\t<div class=\"elementor-button-wrapper\">\n\t\t\t\t\t<a class=\"elementor-button elementor-button-link elementor-size-sm\" href=\"https:\/\/fmlax.com\/latanmovil\/fibra-y-movil-tv\/\">\n\t\t\t\t\t\t<span class=\"elementor-button-content-wrapper\">\n\t\t\t\t\t\t\t\t\t<span class=\"elementor-button-text\">M\u00c1S PLANES<\/span>\n\t\t\t\t\t<\/span>\n\t\t\t\t\t<\/a>\n\t\t\t\t<\/div>\n\t\t\t\t\t\t\t\t<\/div>\n\t\t\t\t<\/div>\n\t\t\t\t<div class=\"elementor-element elementor-element-5b7ee92 elementor-align-center elementor-widget elementor-widget-button\" data-id=\"5b7ee92\" data-element_type=\"widget\" data-widget_type=\"button.default\">\n\t\t\t\t<div class=\"elementor-widget-container\">\n\t\t\t\t\t\t\t\t\t<div class=\"elementor-button-wrapper\">\n\t\t\t\t\t<a class=\"elementor-button elementor-button-link elementor-size-sm\" href=\"https:\/\/fmlax.com\/latanmovil\/fibra-y-movil-tv\/\">\n\t\t\t\t\t\t<span class=\"elementor-button-content-wrapper\">\n\t\t\t\t\t\t\t\t\t<span class=\"elementor-button-text\">Haz clic aqu\u00ed<\/span>\n\t\t\t\t\t<\/span>\n\t\t\t\t\t<\/a>\n\t\t\t\t<\/div>\n\t\t\t\t\t\t\t\t<\/div>\n\t\t\t\t<\/div>\n\t\t\t\t<div class=\"elementor-element elementor-element-8d4bd65 elementor-align-center elementor-widget elementor-widget-button\" data-id=\"8d4bd65\" data-element_type=\"widget\" data-widget_type=\"button.default\">\n\t\t\t\t<div class=\"elementor-widget-container\">\n\t\t\t\t\t\t\t\t\t<div class=\"elementor-button-wrapper\">\n\t\t\t\t\t<a class=\"elementor-button elementor-button-link elementor-size-sm\" href=\"https:\/\/fmlax.com\/latanmovil\/fibra-y-movil-tv\/\">\n\t\t\t\t\t\t<span class=\"elementor-button-content-wrapper\">\n\t\t\t\t\t\t\t\t\t<span class=\"elementor-button-text\">Haz clic aqu\u00ed<\/span>\n\t\t\t\t\t<\/span>\n\t\t\t\t\t<\/a>\n\t\t\t\t<\/div>\n\t\t\t\t\t\t\t\t<\/div>\n\t\t\t\t<\/div>\n\t\t\t\t<\/div>\n\t\t\t\t\t<\/div>\n\t\t\t\t<\/div>\n\t\t<div class=\"elementor-element elementor-element-0ca0ae9 e-grid e-con-boxed e-con e-parent\" data-id=\"0ca0ae9\" data-element_type=\"container\">\n\t\t\t\t\t<div class=\"e-con-inner\">\n\t\t\t\t<div class=\"elementor-element elementor-element-9b7022b elementor-widget-divider--view-line elementor-widget elementor-widget-divider\" data-id=\"9b7022b\" data-element_type=\"widget\" data-widget_type=\"divider.default\">\n\t\t\t\t<div class=\"elementor-widget-container\">\n\t\t\t\t\t\t\t<div class=\"elementor-divider\">\n\t\t\t<span class=\"elementor-divider-separator\">\n\t\t\t\t\t\t<\/span>\n\t\t<\/div>\n\t\t\t\t\t\t<\/div>\n\t\t\t\t<\/div>\n\t\t\t\t\t<\/div>\n\t\t\t\t<\/div>\n\t\t<div class=\"elementor-element elementor-element-1ae9113 e-grid e-con-boxed e-con e-parent\" data-id=\"1ae9113\" data-element_type=\"container\">\n\t\t\t\t\t<div class=\"e-con-inner\">\n\t\t\t\t<div class=\"elementor-element elementor-element-31430d6 elementor-widget elementor-widget-image\" data-id=\"31430d6\" data-element_type=\"widget\" data-widget_type=\"image.default\">\n\t\t\t\t<div class=\"elementor-widget-container\">\n\t\t\t\t\t\t\t\t\t\t\t\t\t\t\t<img loading=\"lazy\" decoding=\"async\" width=\"521\" height=\"459\" src=\"https:\/\/fmlax.com\/latanmovil\/wp-content\/uploads\/2024\/10\/IMAGEN-1.png\" class=\"attachment-large size-large wp-image-1749\" alt=\"\" srcset=\"https:\/\/fmlax.com\/latanmovil\/wp-content\/uploads\/2024\/10\/IMAGEN-1.png 521w, https:\/\/fmlax.com\/latanmovil\/wp-content\/uploads\/2024\/10\/IMAGEN-1-300x264.png 300w\" sizes=\"(max-width: 521px) 100vw, 521px\" \/>\t\t\t\t\t\t\t\t\t\t\t\t\t\t\t<\/div>\n\t\t\t\t<\/div>\n\t\t<div class=\"elementor-element elementor-element-96947ca e-grid e-con-full e-con e-child\" data-id=\"96947ca\" data-element_type=\"container\">\n\t\t\t\t<div class=\"elementor-element elementor-element-6d1aa2e elementor-widget elementor-widget-heading\" data-id=\"6d1aa2e\" data-element_type=\"widget\" data-widget_type=\"heading.default\">\n\t\t\t\t<div class=\"elementor-widget-container\">\n\t\t\t\t\t<h2 class=\"elementor-heading-title elementor-size-default\">LatamM\u00f3vil todo en uno<\/h2>\t\t\t\t<\/div>\n\t\t\t\t<\/div>\n\t\t\t\t<div class=\"elementor-element elementor-element-32cfc94 elementor-widget elementor-widget-text-editor\" data-id=\"32cfc94\" data-element_type=\"widget\" data-widget_type=\"text-editor.default\">\n\t\t\t\t<div class=\"elementor-widget-container\">\n\t\t\t\t\t\t\t\t\t<p><strong>Simplifica tu vida con una tarifa que lo tiene todo<\/strong><\/p><p><strong><br><\/strong><\/p><p><span style=\"color: rgb(69, 79, 94); font-size: 16px; font-weight: 600;\">Una tarifa \u00fanica para facilitarte las cosas, con posibilidad de ampliar seg\u00fan necesidades. Para que elijas exactamente lo que necesitas. Comb\u00ednalo con otros servicios Latamm\u00f3vil y consigue los mejores precios<\/span><strong><\/strong><\/p>\t\t\t\t\t\t\t\t<\/div>\n\t\t\t\t<\/div>\n\t\t\t\t<\/div>\n\t\t\t\t\t<\/div>\n\t\t\t\t<\/div>\n\t\t<div class=\"elementor-element elementor-element-b733da9 e-grid e-con-boxed e-con e-parent\" data-id=\"b733da9\" data-element_type=\"container\">\n\t\t\t\t\t<div class=\"e-con-inner\">\n\t\t\t\t<div class=\"elementor-element elementor-element-6ebddd2 elementor-widget-divider--view-line elementor-widget elementor-widget-divider\" data-id=\"6ebddd2\" data-element_type=\"widget\" data-widget_type=\"divider.default\">\n\t\t\t\t<div class=\"elementor-widget-container\">\n\t\t\t\t\t\t\t<div class=\"elementor-divider\">\n\t\t\t<span class=\"elementor-divider-separator\">\n\t\t\t\t\t\t<\/span>\n\t\t<\/div>\n\t\t\t\t\t\t<\/div>\n\t\t\t\t<\/div>\n\t\t\t\t\t<\/div>\n\t\t\t\t<\/div>\n\t\t<div class=\"elementor-element elementor-element-6d07f4b e-grid e-con-boxed e-con e-parent\" data-id=\"6d07f4b\" data-element_type=\"container\">\n\t\t\t\t\t<div class=\"e-con-inner\">\n\t\t<div class=\"elementor-element elementor-element-753af90 e-grid e-con-full e-con e-child\" data-id=\"753af90\" data-element_type=\"container\">\n\t\t\t\t<div class=\"elementor-element elementor-element-ae93050 elementor-widget elementor-widget-heading\" data-id=\"ae93050\" data-element_type=\"widget\" data-widget_type=\"heading.default\">\n\t\t\t\t<div class=\"elementor-widget-container\">\n\t\t\t\t\t<h2 class=\"elementor-heading-title elementor-size-default\">Habla sin l\u00edmites: Con\u00e9ctate sin barrera<\/h2>\t\t\t\t<\/div>\n\t\t\t\t<\/div>\n\t\t\t\t<div class=\"elementor-element elementor-element-4dd2167 elementor-widget elementor-widget-text-editor\" data-id=\"4dd2167\" data-element_type=\"widget\" data-widget_type=\"text-editor.default\">\n\t\t\t\t<div class=\"elementor-widget-container\">\n\t\t\t\t\t\t\t\t\t<p>Llamadas ilimitadas en tu m\u00f3vil y fijo<\/p>\t\t\t\t\t\t\t\t<\/div>\n\t\t\t\t<\/div>\n\t\t\t\t<\/div>\n\t\t\t\t<div class=\"elementor-element elementor-element-6d6fdbb elementor-widget elementor-widget-image\" data-id=\"6d6fdbb\" data-element_type=\"widget\" data-widget_type=\"image.default\">\n\t\t\t\t<div class=\"elementor-widget-container\">\n\t\t\t\t\t\t\t\t\t\t\t\t\t\t\t<img loading=\"lazy\" decoding=\"async\" width=\"1024\" height=\"859\" src=\"https:\/\/fmlax.com\/latanmovil\/wp-content\/uploads\/2024\/10\/IMAGEN-2-1024x859.png\" class=\"attachment-large size-large wp-image-1756\" alt=\"\" srcset=\"https:\/\/fmlax.com\/latanmovil\/wp-content\/uploads\/2024\/10\/IMAGEN-2-1024x859.png 1024w, https:\/\/fmlax.com\/latanmovil\/wp-content\/uploads\/2024\/10\/IMAGEN-2-300x252.png 300w, https:\/\/fmlax.com\/latanmovil\/wp-content\/uploads\/2024\/10\/IMAGEN-2-768x644.png 768w, https:\/\/fmlax.com\/latanmovil\/wp-content\/uploads\/2024\/10\/IMAGEN-2.png 1066w\" sizes=\"(max-width: 1024px) 100vw, 1024px\" \/>\t\t\t\t\t\t\t\t\t\t\t\t\t\t\t<\/div>\n\t\t\t\t<\/div>\n\t\t\t\t\t<\/div>\n\t\t\t\t<\/div>\n\t\t<div class=\"elementor-element elementor-element-81a4317 e-grid e-con-boxed e-con e-parent\" data-id=\"81a4317\" data-element_type=\"container\">\n\t\t\t\t\t<div class=\"e-con-inner\">\n\t\t\t\t<div class=\"elementor-element elementor-element-556b934 elementor-widget-divider--view-line elementor-widget elementor-widget-divider\" data-id=\"556b934\" data-element_type=\"widget\" data-widget_type=\"divider.default\">\n\t\t\t\t<div class=\"elementor-widget-container\">\n\t\t\t\t\t\t\t<div class=\"elementor-divider\">\n\t\t\t<span class=\"elementor-divider-separator\">\n\t\t\t\t\t\t<\/span>\n\t\t<\/div>\n\t\t\t\t\t\t<\/div>\n\t\t\t\t<\/div>\n\t\t\t\t\t<\/div>\n\t\t\t\t<\/div>\n\t\t<div class=\"elementor-element elementor-element-3753970 e-grid e-con-boxed e-con e-parent\" data-id=\"3753970\" data-element_type=\"container\">\n\t\t\t\t\t<div class=\"e-con-inner\">\n\t\t\t\t<div class=\"elementor-element elementor-element-2ac9eef elementor-widget elementor-widget-heading\" data-id=\"2ac9eef\" data-element_type=\"widget\" data-widget_type=\"heading.default\">\n\t\t\t\t<div class=\"elementor-widget-container\">\n\t\t\t\t\t<h2 class=\"elementor-heading-title elementor-size-default\">Equipos de Seguridad<\/h2>\t\t\t\t<\/div>\n\t\t\t\t<\/div>\n\t\t\t\t\t<\/div>\n\t\t\t\t<\/div>\n\t\t<div class=\"elementor-element elementor-element-968c6c0 e-grid e-con-boxed e-con e-parent\" data-id=\"968c6c0\" data-element_type=\"container\">\n\t\t\t\t\t<div class=\"e-con-inner\">\n\t\t\t\t<div class=\"elementor-element elementor-element-925c938 elementor-widget elementor-widget-heading\" data-id=\"925c938\" data-element_type=\"widget\" data-widget_type=\"heading.default\">\n\t\t\t\t<div class=\"elementor-widget-container\">\n\t\t\t\t\t<h2 class=\"elementor-heading-title elementor-size-default\">La alarma para tu hogar y tu negocio que te permite tener m\u00e1xima tranquilidad con aviso a polic\u00eda<\/h2>\t\t\t\t<\/div>\n\t\t\t\t<\/div>\n\t\t\t\t\t<\/div>\n\t\t\t\t<\/div>\n\t\t<div class=\"elementor-element elementor-element-8c5059c e-grid e-con-boxed e-con e-parent\" data-id=\"8c5059c\" data-element_type=\"container\">\n\t\t\t\t\t<div class=\"e-con-inner\">\n\t\t\t\t<div class=\"elementor-element elementor-element-9b9052b elementor-widget elementor-widget-image\" data-id=\"9b9052b\" data-element_type=\"widget\" data-widget_type=\"image.default\">\n\t\t\t\t<div class=\"elementor-widget-container\">\n\t\t\t\t\t\t\t\t\t\t\t\t\t\t\t<img loading=\"lazy\" decoding=\"async\" width=\"774\" height=\"594\" src=\"https:\/\/fmlax.com\/latanmovil\/wp-content\/uploads\/2025\/01\/EQUIPOS-DE-SEGURIDAD-HOGAR-PAG-PRINCIPAL-copia.png\" class=\"attachment-large size-large wp-image-3113\" alt=\"\" srcset=\"https:\/\/fmlax.com\/latanmovil\/wp-content\/uploads\/2025\/01\/EQUIPOS-DE-SEGURIDAD-HOGAR-PAG-PRINCIPAL-copia.png 774w, https:\/\/fmlax.com\/latanmovil\/wp-content\/uploads\/2025\/01\/EQUIPOS-DE-SEGURIDAD-HOGAR-PAG-PRINCIPAL-copia-300x230.png 300w, https:\/\/fmlax.com\/latanmovil\/wp-content\/uploads\/2025\/01\/EQUIPOS-DE-SEGURIDAD-HOGAR-PAG-PRINCIPAL-copia-768x589.png 768w\" sizes=\"(max-width: 774px) 100vw, 774px\" \/>\t\t\t\t\t\t\t\t\t\t\t\t\t\t\t<\/div>\n\t\t\t\t<\/div>\n\t\t\t\t<div class=\"elementor-element elementor-element-636e3b1 elementor-widget elementor-widget-image\" data-id=\"636e3b1\" data-element_type=\"widget\" data-widget_type=\"image.default\">\n\t\t\t\t<div class=\"elementor-widget-container\">\n\t\t\t\t\t\t\t\t\t\t\t\t\t\t\t<img loading=\"lazy\" decoding=\"async\" width=\"774\" height=\"594\" src=\"https:\/\/fmlax.com\/latanmovil\/wp-content\/uploads\/2025\/01\/EQUIPOS-DE-SEGURIDAD-EMPRESAS-PAG-PRINCIPAL-1.png\" class=\"attachment-large size-large wp-image-3121\" alt=\"\" srcset=\"https:\/\/fmlax.com\/latanmovil\/wp-content\/uploads\/2025\/01\/EQUIPOS-DE-SEGURIDAD-EMPRESAS-PAG-PRINCIPAL-1.png 774w, https:\/\/fmlax.com\/latanmovil\/wp-content\/uploads\/2025\/01\/EQUIPOS-DE-SEGURIDAD-EMPRESAS-PAG-PRINCIPAL-1-300x230.png 300w, https:\/\/fmlax.com\/latanmovil\/wp-content\/uploads\/2025\/01\/EQUIPOS-DE-SEGURIDAD-EMPRESAS-PAG-PRINCIPAL-1-768x589.png 768w\" sizes=\"(max-width: 774px) 100vw, 774px\" \/>\t\t\t\t\t\t\t\t\t\t\t\t\t\t\t<\/div>\n\t\t\t\t<\/div>\n\t\t\t\t\t<\/div>\n\t\t\t\t<\/div>\n\t\t\t\t<\/div>\n\t\t","protected":false},"excerpt":{"rendered":"<p>Nuestras tarifas de Fibra y M\u00f3vil m\u00e1s vendidas M\u00c1S PLANES M\u00c1S PLANES Haz clic aqu\u00ed Haz clic aqu\u00ed LatamM\u00f3vil todo en uno Simplifica tu vida con una tarifa que lo tiene todo Una tarifa \u00fanica para facilitarte las cosas, con posibilidad de ampliar seg\u00fan necesidades. Para que elijas exactamente lo que necesitas. Comb\u00ednalo con otros [&hellip;]<\/p>\n","protected":false},"author":1,"featured_media":0,"parent":0,"menu_order":0,"comment_status":"closed","ping_status":"closed","template":"","meta":{"_uag_custom_page_level_css":"","site-sidebar-layout":"no-sidebar","site-content-layout":"page-builder","ast-site-content-layout":"full-width-container","site-content-style":"default","site-sidebar-style":"default","ast-global-header-display":"","ast-banner-title-visibility":"","ast-main-header-display":"","ast-hfb-above-header-display":"","ast-hfb-below-header-display":"","ast-hfb-mobile-header-display":"","site-post-title":"disabled","ast-breadcrumbs-content":"","ast-featured-img":"disabled","footer-sml-layout":"","ast-disable-related-posts":"","theme-transparent-header-meta":"","adv-header-id-meta":"","stick-header-meta":"","header-above-stick-meta":"","header-main-stick-meta":"","header-below-stick-meta":"","astra-migrate-meta-layouts":"set","ast-page-background-enabled":"default","ast-page-background-meta":{"desktop":{"background-color":"","background-image":"","background-repeat":"repeat","background-position":"center center","background-size":"auto","background-attachment":"scroll","background-type":"","background-media":"","overlay-type":"","overlay-color":"","overlay-opacity":"","overlay-gradient":""},"tablet":{"background-color":"","background-image":"","background-repeat":"repeat","background-position":"center center","background-size":"auto","background-attachment":"scroll","background-type":"","background-media":"","overlay-type":"","overlay-color":"","overlay-opacity":"","overlay-gradient":""},"mobile":{"background-color":"","background-image":"","background-repeat":"repeat","background-position":"center center","background-size":"auto","background-attachment":"scroll","background-type":"","background-media":"","overlay-type":"","overlay-color":"","overlay-opacity":"","overlay-gradient":""}},"ast-content-background-meta":{"desktop":{"background-color":"var(--ast-global-color-5)","background-image":"","background-repeat":"repeat","background-position":"center center","background-size":"auto","background-attachment":"scroll","background-type":"","background-media":"","overlay-type":"","overlay-color":"","overlay-opacity":"","overlay-gradient":""},"tablet":{"background-color":"var(--ast-global-color-5)","background-image":"","background-repeat":"repeat","background-position":"center center","background-size":"auto","background-attachment":"scroll","background-type":"","background-media":"","overlay-type":"","overlay-color":"","overlay-opacity":"","overlay-gradient":""},"mobile":{"background-color":"var(--ast-global-color-5)","background-image":"","background-repeat":"repeat","background-position":"center center","background-size":"auto","background-attachment":"scroll","background-type":"","background-media":"","overlay-type":"","overlay-color":"","overlay-opacity":"","overlay-gradient":""}},"footnotes":""},"class_list":["post-1702","page","type-page","status-publish","hentry"],"uagb_featured_image_src":{"full":false,"thumbnail":false,"medium":false,"medium_large":false,"large":false,"1536x1536":false,"2048x2048":false},"uagb_author_info":{"display_name":"admin","author_link":"https:\/\/fmlax.com\/latanmovil\/author\/latammovil\/"},"uagb_comment_info":0,"uagb_excerpt":"Nuestras tarifas de Fibra y M\u00f3vil m\u00e1s vendidas M\u00c1S PLANES M\u00c1S PLANES Haz clic aqu\u00ed Haz clic aqu\u00ed LatamM\u00f3vil todo en uno Simplifica tu vida con una tarifa que lo tiene todo Una tarifa \u00fanica para facilitarte las cosas, con posibilidad de ampliar seg\u00fan necesidades. Para que elijas exactamente lo que necesitas. Comb\u00ednalo con otros&hellip;","_links":{"self":[{"href":"https:\/\/fmlax.com\/latanmovil\/wp-json\/wp\/v2\/pages\/1702","targetHints":{"allow":["GET"]}}],"collection":[{"href":"https:\/\/fmlax.com\/latanmovil\/wp-json\/wp\/v2\/pages"}],"about":[{"href":"https:\/\/fmlax.com\/latanmovil\/wp-json\/wp\/v2\/types\/page"}],"author":[{"embeddable":true,"href":"https:\/\/fmlax.com\/latanmovil\/wp-json\/wp\/v2\/users\/1"}],"replies":[{"embeddable":true,"href":"https:\/\/fmlax.com\/latanmovil\/wp-json\/wp\/v2\/comments?post=1702"}],"version-history":[{"count":24,"href":"https:\/\/fmlax.com\/latanmovil\/wp-json\/wp\/v2\/pages\/1702\/revisions"}],"predecessor-version":[{"id":5589,"href":"https:\/\/fmlax.com\/latanmovil\/wp-json\/wp\/v2\/pages\/1702\/revisions\/5589"}],"wp:attachment":[{"href":"https:\/\/fmlax.com\/latanmovil\/wp-json\/wp\/v2\/media?parent=1702"}],"curies":[{"name":"wp","href":"https:\/\/api.w.org\/{rel}","templated":true}]}}